{"id":18023,"date":"2022-12-21T17:52:49","date_gmt":"2022-12-21T17:52:49","guid":{"rendered":"https:\/\/karwork.eu\/?post_type=product&#038;p=18023"},"modified":"2023-02-07T21:42:03","modified_gmt":"2023-02-07T21:42:03","slug":"textile-foam-limpiador-textil-150ml","status":"publish","type":"product","link":"https:\/\/karwork.eu\/it\/product\/textile-foam-limpiador-textil-150ml\/","title":{"rendered":"Textile Foam \u2013 detergente per tessuti 150ml"},"content":{"rendered":"<h4><u>Propriet\u00e0:<\/u><\/h4>\n<ul>\n<li>Viene en una botella dispensadora de espuma<\/li>\n<li>El frasco dispensador de espuma garantiza una dosificaci\u00f3n \u00f3ptima<\/li>\n<li>Concentraci\u00f3n perfecta para trabajos puntuales o a gran escala<\/li>\n<li>Adecuado para cualquier textil (tapicer\u00eda, alfombras, techo, microfibra)<\/li>\n<li>Elimina incluso la suciedad m\u00e1s rebelde<\/li>\n<li>Limpieza f\u00e1cil y r\u00e1pida<\/li>\n<li>Las superficies limpias no se vuelven grasosas ni pegajosas<\/li>\n<\/ul>\n<h4><u>Applicazione:<\/u><\/h4>\n<ol>\n<li>Agitare bene la bottiglia in modo che tutti gli ingredienti siano distribuiti.<\/li>\n<li>Aplicar espuma textil a un aplicador y limpiar la superficie a tratar<\/li>\n<li>Eliminar el exceso y la suciedad disuelta con un pa\u00f1o de microfibra ligeramente h\u00famedo.<\/li>\n<li>En caso de suciedad extremadamente pesada, repita el proceso si es necesario.<\/li>\n<\/ol>","protected":false},"excerpt":{"rendered":"<p>FoxedCare Textile Foam es un limpiador textil perfectamente concentrado en una pr\u00e1ctica botella dispensadora de espuma.<br \/>\nAl espumar el l\u00edquido, se puede dosificar y distribuir de manera \u00f3ptima.<br \/>\nEsto reduce en gran medida el consumo en comparaci\u00f3n con los cabezales de pulverizaci\u00f3n disponibles comercialmente y hace que el trabajo selectivo en el interior sea mucho m\u00e1s f\u00e1cil.<br \/>\nTextile-Foam es adecuado para tapicer\u00eda, alfombras, techos y cubiertas blandas de cualquier tipo.<\/p>","protected":false},"featured_media":18024,"comment_status":"open","ping_status":"closed","template":"","meta":{"_acf_changed":false,"rank_math_lock_modified_date":false},"pwb-brand":[986],"product_cat":[147],"product_tag":[989,1279,1037,987,1012,997,995,1036],"class_list":{"0":"post-18023","1":"product","2":"type-product","3":"status-publish","4":"has-post-thumbnail","6":"pwb-brand-foxed-care","7":"product_cat-interior","8":"product_tag-detailing","9":"product_tag-fcf43","10":"product_tag-foam","11":"product_tag-foxed-care","12":"product_tag-interior","13":"product_tag-lavado","14":"product_tag-limpieza","15":"product_tag-textile","17":"first","18":"instock","19":"taxable","20":"shipping-taxable","21":"purchasable","22":"product-type-simple"},"acf":[],"brands":[{"id":986,"name":"Foxed Care","slug":"foxed-care"}],"_links":{"self":[{"href":"https:\/\/karwork.eu\/it\/wp-json\/wp\/v2\/product\/18023","targetHints":{"allow":["GET"]}}],"collection":[{"href":"https:\/\/karwork.eu\/it\/wp-json\/wp\/v2\/product"}],"about":[{"href":"https:\/\/karwork.eu\/it\/wp-json\/wp\/v2\/types\/product"}],"replies":[{"embeddable":true,"href":"https:\/\/karwork.eu\/it\/wp-json\/wp\/v2\/comments?post=18023"}],"wp:featuredmedia":[{"embeddable":true,"href":"https:\/\/karwork.eu\/it\/wp-json\/wp\/v2\/media\/18024"}],"wp:attachment":[{"href":"https:\/\/karwork.eu\/it\/wp-json\/wp\/v2\/media?parent=18023"}],"wp:term":[{"taxonomy":"pwb-brand","embeddable":true,"href":"https:\/\/karwork.eu\/it\/wp-json\/wp\/v2\/pwb-brand?post=18023"},{"taxonomy":"product_cat","embeddable":true,"href":"https:\/\/karwork.eu\/it\/wp-json\/wp\/v2\/product_cat?post=18023"},{"taxonomy":"product_tag","embeddable":true,"href":"https:\/\/karwork.eu\/it\/wp-json\/wp\/v2\/product_tag?post=18023"}],"curies":[{"name":"wp","href":"https:\/\/api.w.org\/{rel}","templated":true}]}}