{"id":18017,"date":"2022-12-21T17:40:14","date_gmt":"2022-12-21T17:40:14","guid":{"rendered":"https:\/\/karwork.eu\/?post_type=product&#038;p=18017"},"modified":"2022-12-21T17:52:12","modified_gmt":"2022-12-21T17:52:12","slug":"cepillo-multiuso-foxedcare","status":"publish","type":"product","link":"https:\/\/karwork.eu\/it\/product\/cepillo-multiuso-foxedcare\/","title":{"rendered":"Spazzola multiuso FoxedCare"},"content":{"rendered":"","protected":false},"excerpt":{"rendered":"<ul>\n<li>Longitud = 120mm<\/li>\n<li>Ancho = 39mm<\/li>\n<li>Altura = 11mm<\/li>\n<li>Cuerpo de madera<\/li>\n<li>Lacado incoloro<\/li>\n<li>Cerdas sint\u00e9ticas en negro<\/li>\n<li>Cerdas resistentes a productos y limpiadores de pH neutro.<\/li>\n<li>Marca Foxed Care<\/li>\n<li>Adecuado para: cuero, Alcantara, tapicer\u00eda, tela, alfombrillas, pl\u00e1stico, caucho, neum\u00e1ticos<\/li>\n<li>Se puede utilizar con cualquier limpiador de ph-neutro: limpiador de ruedas, limpiador de interiores, limpiador de neum\u00e1ticos<\/li>\n<\/ul>","protected":false},"featured_media":18018,"comment_status":"open","ping_status":"closed","template":"","meta":{"_acf_changed":false,"rank_math_lock_modified_date":false},"pwb-brand":[986],"product_cat":[168,147],"product_tag":[1035,989,987,1012,997,995,1013],"class_list":{"0":"post-18017","1":"product","2":"type-product","3":"status-publish","4":"has-post-thumbnail","6":"pwb-brand-foxed-care","7":"product_cat-cepillos","8":"product_cat-interior","9":"product_tag-cepillo","10":"product_tag-detailing","11":"product_tag-foxed-care","12":"product_tag-interior","13":"product_tag-lavado","14":"product_tag-limpieza","15":"product_tag-minitalla","17":"first","18":"instock","19":"taxable","20":"shipping-taxable","21":"purchasable","22":"product-type-simple"},"acf":[],"brands":[{"id":986,"name":"Foxed Care","slug":"foxed-care"}],"_links":{"self":[{"href":"https:\/\/karwork.eu\/it\/wp-json\/wp\/v2\/product\/18017","targetHints":{"allow":["GET"]}}],"collection":[{"href":"https:\/\/karwork.eu\/it\/wp-json\/wp\/v2\/product"}],"about":[{"href":"https:\/\/karwork.eu\/it\/wp-json\/wp\/v2\/types\/product"}],"replies":[{"embeddable":true,"href":"https:\/\/karwork.eu\/it\/wp-json\/wp\/v2\/comments?post=18017"}],"wp:featuredmedia":[{"embeddable":true,"href":"https:\/\/karwork.eu\/it\/wp-json\/wp\/v2\/media\/18018"}],"wp:attachment":[{"href":"https:\/\/karwork.eu\/it\/wp-json\/wp\/v2\/media?parent=18017"}],"wp:term":[{"taxonomy":"pwb-brand","embeddable":true,"href":"https:\/\/karwork.eu\/it\/wp-json\/wp\/v2\/pwb-brand?post=18017"},{"taxonomy":"product_cat","embeddable":true,"href":"https:\/\/karwork.eu\/it\/wp-json\/wp\/v2\/product_cat?post=18017"},{"taxonomy":"product_tag","embeddable":true,"href":"https:\/\/karwork.eu\/it\/wp-json\/wp\/v2\/product_tag?post=18017"}],"curies":[{"name":"wp","href":"https:\/\/api.w.org\/{rel}","templated":true}]}}