{"id":18006,"date":"2022-12-21T14:51:43","date_gmt":"2022-12-21T14:51:43","guid":{"rendered":"https:\/\/karwork.eu\/?post_type=product&#038;p=18006"},"modified":"2023-02-07T21:48:55","modified_gmt":"2023-02-07T21:48:55","slug":"carwrap-cleaner-500ml","status":"publish","type":"product","link":"https:\/\/karwork.eu\/it\/product\/carwrap-cleaner-500ml\/","title":{"rendered":"Detergente per CarWrap 500 ml"},"content":{"rendered":"<h4><u>Propriet\u00e0:<\/u><\/h4>\n<ul>\n<li>Limpiador para vinilos brillantes y mate<\/li>\n<li>Elimina de manera efectiva y suave cualquier tipo de suciedad ligera a media<\/li>\n<li>Deja una superficie perfectamente limpia<\/li>\n<li>Sin potenciadores del brillo.<\/li>\n<li>Utilizzare senza strisce o residui<\/li>\n<li>Para todas los vinilos brillantes y mates, independientemente del fabricante<\/li>\n<li>Perfecto para la limpieza de veh\u00edculos sin agua en el medio<\/li>\n<li>Fragancia: Coco<\/li>\n<\/ul>\n<h4>\n<u>Applicazione:<\/u><\/h4>\n<ol>\n<li>Agitare bene la bottiglia in modo che gli ingredienti siano distribuiti.<\/li>\n<li>Superficie bagnata (superficie 30x30 cm circa, 1 spruzzo)<\/li>\n<li>Limpie la suciedad con un pa\u00f1o de microfibra<\/li>\n<\/ol>\n<p>&nbsp;<\/p>\n<h4><u>Suggerimenti:<\/u><\/h4>\n<ul>\n<li>En caso de suciedad pesada y part\u00edculas gruesas, enjuague el veh\u00edculo de antemano con un limpiador de alta presi\u00f3n para evitar ara\u00f1azos.<\/li>\n<li>Non utilizzare il prodotto su superfici calde<\/li>\n<li>Non lasciare asciugare il prodotto<\/li>\n<li>Prova di idoneit\u00e0 prima dell&#039;uso su materiali atipici<\/li>\n<\/ul>","protected":false},"excerpt":{"rendered":"<p>CarWrap Cleaner de FoxedCare es un producto para lavado en seco altamente efectiva especialmente desarrollada para veh\u00edculos vinilados.<br \/>\nTanto las pel\u00edculas brillantes como las mate se pueden limpiar de manera suave y efectiva con CarWrap Cleaner.<br \/>\nLos ingredientes activos disuelven cualquier tipo de suciedad ligera a media, de modo que se pueden eliminar manualmente sin esfuerzo.<br \/>\nTambi\u00e9n se comporta suavemente hacia la pintura, el pl\u00e1stico, el vidrio y todos los dem\u00e1s componentes en el exterior del veh\u00edculo.<br \/>\nPor lo tanto, tambi\u00e9n es ideal para veh\u00edculos parcialmente vinilados. Con boquilla de pulverizaci\u00f3n para facilitar su aplicaci\u00f3n.<\/p>\n<p>Para una pel\u00edcula limpia y bien mantenida, tambi\u00e9n recomendamos nuestros otros productos de la serie CarWrap.<\/p>","protected":false},"featured_media":18007,"comment_status":"open","ping_status":"closed","template":"","meta":{"_acf_changed":false,"rank_math_lock_modified_date":false},"pwb-brand":[986],"product_cat":[1032,157],"product_tag":[990,1033,989,1282,987,992,991],"class_list":{"0":"post-18006","1":"product","2":"type-product","3":"status-publish","4":"has-post-thumbnail","6":"pwb-brand-foxed-care","7":"product_cat-especial-coches-wrap","8":"product_cat-limpieza-en-seco","9":"product_tag-carwrap","10":"product_tag-detailer","11":"product_tag-detailing","12":"product_tag-fcf42","13":"product_tag-foxed-care","14":"product_tag-vinilo","15":"product_tag-wrap","17":"first","18":"instock","19":"taxable","20":"shipping-taxable","21":"purchasable","22":"product-type-simple"},"acf":[],"brands":[{"id":986,"name":"Foxed Care","slug":"foxed-care"}],"_links":{"self":[{"href":"https:\/\/karwork.eu\/it\/wp-json\/wp\/v2\/product\/18006","targetHints":{"allow":["GET"]}}],"collection":[{"href":"https:\/\/karwork.eu\/it\/wp-json\/wp\/v2\/product"}],"about":[{"href":"https:\/\/karwork.eu\/it\/wp-json\/wp\/v2\/types\/product"}],"replies":[{"embeddable":true,"href":"https:\/\/karwork.eu\/it\/wp-json\/wp\/v2\/comments?post=18006"}],"wp:featuredmedia":[{"embeddable":true,"href":"https:\/\/karwork.eu\/it\/wp-json\/wp\/v2\/media\/18007"}],"wp:attachment":[{"href":"https:\/\/karwork.eu\/it\/wp-json\/wp\/v2\/media?parent=18006"}],"wp:term":[{"taxonomy":"pwb-brand","embeddable":true,"href":"https:\/\/karwork.eu\/it\/wp-json\/wp\/v2\/pwb-brand?post=18006"},{"taxonomy":"product_cat","embeddable":true,"href":"https:\/\/karwork.eu\/it\/wp-json\/wp\/v2\/product_cat?post=18006"},{"taxonomy":"product_tag","embeddable":true,"href":"https:\/\/karwork.eu\/it\/wp-json\/wp\/v2\/product_tag?post=18006"}],"curies":[{"name":"wp","href":"https:\/\/api.w.org\/{rel}","templated":true}]}}