{"id":17999,"date":"2022-12-21T10:35:36","date_gmt":"2022-12-21T10:35:36","guid":{"rendered":"https:\/\/karwork.eu\/?post_type=product&#038;p=17999"},"modified":"2023-02-07T21:53:45","modified_gmt":"2023-02-07T21:53:45","slug":"bubble-gum-interior-cleaner-edicion-foxedcare-city-500ml","status":"publish","type":"product","link":"https:\/\/karwork.eu\/it\/product\/bubble-gum-interior-cleaner-edicion-foxedcare-city-500ml\/","title":{"rendered":"Detergente per interni Bubble Gum \u2013 FoxedCare City Edition 500 ml"},"content":{"rendered":"<h4><u>Propriet\u00e0:<\/u><\/h4>\n<ul>\n<li>Adecuado para todo el interior (textiles, asientos, tapicer\u00eda, superficies de cuero y pl\u00e1stico, as\u00ed como salpicadero y pantallas<\/li>\n<li>Elimina incluso la suciedad m\u00e1s rebelde<\/li>\n<li>Fragancia especial de chicle<\/li>\n<li>Limpieza f\u00e1cil y r\u00e1pida<\/li>\n<li>Los pl\u00e1sticos y accesorios adquieren una apariencia como nueva<\/li>\n<li>Las superficies limpias no se vuelven grasosas ni pegajosas<\/li>\n<li>Espuma regulada<\/li>\n<li>Tambi\u00e9n es adecuado para piezas de pl\u00e1stico en el compartimiento del motor y descuentos en las puertas<\/li>\n<li>Tambi\u00e9n se puede utilizar con pulverizador y pistolas de limpieza<\/li>\n<\/ul>\n<p>&nbsp;<\/p>\n<h4><u>Applicazione:<\/u><\/h4>\n<ol>\n<li>Agitare bene la bottiglia in modo che tutti gli ingredienti siano distribuiti.<\/li>\n<li>Roc\u00ede el limpiador interior directamente sobre la superficie a limpiar o sobre un pa\u00f1o de microfibra y humed\u00e9zcalo adecuadamente<\/li>\n<li>Limpiar la superficie a tratar con un pa\u00f1o de microfibra bajo presi\u00f3n ligera<\/li>\n<\/ol>","protected":false},"excerpt":{"rendered":"<p>La nueva l\u00ednea de productos de cuidado Foxed Care City de Mareike Fox. Productos especiales desarrollados y producidos exclusivamente para esta serie especial por FoxedCare. El limpiador de interiores FoxedCareCity de FoxedCare elimina de manera efectiva y suave todo tipo de suciedad en el interior del veh\u00edculo.<br \/>\nIncluso la suciedad rebelde se puede eliminar a fondo y sin residuos. Las superficies limpias no se vuelven grasosas o pegajosas, sino que adquieren una apariencia limpia y nueva.<br \/>\nLa fragancia a chicle y no demasiado molesta del limpiador interior garantiza un uso agradable y un efecto de frescura posterior en el interior. Con boquilla de pulverizaci\u00f3n incluido para facilitar su aplicaci\u00f3n.<\/p>","protected":false},"featured_media":18000,"comment_status":"open","ping_status":"closed","template":"","meta":{"_acf_changed":false,"rank_math_lock_modified_date":false},"pwb-brand":[986],"product_cat":[147],"product_tag":[1000,1031,989,1284,987,1030,1012,995],"class_list":{"0":"post-17999","1":"product","2":"type-product","3":"status-publish","4":"has-post-thumbnail","6":"pwb-brand-foxed-care","7":"product_cat-interior","8":"product_tag-1l","9":"product_tag-chicle","10":"product_tag-detailing","11":"product_tag-fcf51","12":"product_tag-foxed-care","13":"product_tag-fresa","14":"product_tag-interior","15":"product_tag-limpieza","17":"first","18":"instock","19":"taxable","20":"shipping-taxable","21":"purchasable","22":"product-type-simple"},"acf":[],"brands":[{"id":986,"name":"Foxed Care","slug":"foxed-care"}],"_links":{"self":[{"href":"https:\/\/karwork.eu\/it\/wp-json\/wp\/v2\/product\/17999","targetHints":{"allow":["GET"]}}],"collection":[{"href":"https:\/\/karwork.eu\/it\/wp-json\/wp\/v2\/product"}],"about":[{"href":"https:\/\/karwork.eu\/it\/wp-json\/wp\/v2\/types\/product"}],"replies":[{"embeddable":true,"href":"https:\/\/karwork.eu\/it\/wp-json\/wp\/v2\/comments?post=17999"}],"wp:featuredmedia":[{"embeddable":true,"href":"https:\/\/karwork.eu\/it\/wp-json\/wp\/v2\/media\/18000"}],"wp:attachment":[{"href":"https:\/\/karwork.eu\/it\/wp-json\/wp\/v2\/media?parent=17999"}],"wp:term":[{"taxonomy":"pwb-brand","embeddable":true,"href":"https:\/\/karwork.eu\/it\/wp-json\/wp\/v2\/pwb-brand?post=17999"},{"taxonomy":"product_cat","embeddable":true,"href":"https:\/\/karwork.eu\/it\/wp-json\/wp\/v2\/product_cat?post=17999"},{"taxonomy":"product_tag","embeddable":true,"href":"https:\/\/karwork.eu\/it\/wp-json\/wp\/v2\/product_tag?post=17999"}],"curies":[{"name":"wp","href":"https:\/\/api.w.org\/{rel}","templated":true}]}}