{"id":17912,"date":"2022-12-20T08:31:35","date_gmt":"2022-12-20T08:31:35","guid":{"rendered":"https:\/\/karwork.eu\/?post_type=product&#038;p=17912"},"modified":"2023-02-07T22:38:39","modified_gmt":"2023-02-07T22:38:39","slug":"foxedcare-city-champu-para-vehiculos-500ml","status":"publish","type":"product","link":"https:\/\/karwork.eu\/it\/product\/foxedcare-city-champu-para-vehiculos-500ml\/","title":{"rendered":"Shampoo per veicoli \u2013 FoxedCare City Edition 500ml"},"content":{"rendered":"<h4><u>Propriet\u00e0:<\/u><\/h4>\n<ul>\n<li>Colore speciale: rosso<\/li>\n<li>Note di fragranza: energia rossa<\/li>\n<li>Ottime prestazioni di pulizia<\/li>\n<li>Vernice brillante e pulita, con lavorazione senza sforzo<\/li>\n<li>Bel comportamento di scorrimento<\/li>\n<li>Materiale delicato per tutte le superfici esterne del veicolo<\/li>\n<li>Non attacca le guarnizioni esistenti.<\/li>\n<li>Ideale per il lavaggio manuale delle mani<\/li>\n<li>Basso consumo: ca. 30 ml di shampoo ogni 10 litri di acqua<\/li>\n<\/ul>\n<p>&nbsp;<\/p>\n<h4><u>Applicazione:<\/u><\/h4>\n<ol>\n<li>Agitare bene la bottiglia in modo che tutti gli ingredienti siano distribuiti.<\/li>\n<li>Mettere circa 30 ml di shampoo in un secchio e schiumare con circa 10 litri di acqua. (Per una schiuma ottimale, si consiglia di riempire prima lo shampoo e poi l&#039;acqua)<\/li>\n<li>Mescolare nuovamente correttamente la miscela di acqua e shampoo con il guanto da lavaggio Slappy.<\/li>\n<li>Pulisci il veicolo da cima a fondo e assicurati di avere sempre abbastanza shampoo sulla superficie da trattare<\/li>\n<li>Rimuovere i residui con idropulitrice<\/li>\n<\/ol>\n<p>&nbsp;<\/p>\n<h4><u>Suggerimenti:<\/u><\/h4>\n<ul>\n<li>Il veicolo deve essere pulito dallo sporco grossolano prima del trattamento utilizzando un&#039;idropulitrice per evitare graffi.<\/li>\n<li>Non utilizzare il prodotto su superfici calde<\/li>\n<li>Non lasciare asciugare il prodotto<\/li>\n<\/ul>","protected":false},"excerpt":{"rendered":"<p>La nuova linea di prodotti per la cura della citt\u00e0 Foxed Care di Mareike Fox Prodotti speciali sviluppati e prodotti esclusivamente per questa serie speciale da FoxedCare.<\/p>\n<p>FoxedCare City Shampoo \u00e8 uno shampoo per auto a pH neutro con ingredienti mirati e di prima qualit\u00e0. Non solo pulisce in modo eccellente, ma convince anche con un odore unico, il profumo Red Energy ed \u00e8 visivamente una vera attrazione.<\/p>\n<p>Lo shampoo per auto Foxed Care City offre un&#039;eccellente schiuma, prestazioni di pulizia altamente efficaci e un ottimo comportamento di scorrimento durante l&#039;uso.<\/p>\n<p>&nbsp;<\/p>","protected":false},"featured_media":17913,"comment_status":"open","ping_status":"closed","template":"","meta":{"_acf_changed":false,"rank_math_lock_modified_date":false},"pwb-brand":[986],"product_cat":[155],"product_tag":[988,1005,989,993,1301,987,996,995],"class_list":{"0":"post-17912","1":"product","2":"type-product","3":"status-publish","4":"has-post-thumbnail","6":"pwb-brand-foxed-care","7":"product_cat-champu","8":"product_tag-champu","9":"product_tag-city","10":"product_tag-detailing","11":"product_tag-espuma","12":"product_tag-fcf49","13":"product_tag-foxed-care","14":"product_tag-lavar","15":"product_tag-limpieza","17":"first","18":"instock","19":"taxable","20":"shipping-taxable","21":"purchasable","22":"product-type-simple"},"acf":[],"brands":[{"id":986,"name":"Foxed Care","slug":"foxed-care"}],"_links":{"self":[{"href":"https:\/\/karwork.eu\/it\/wp-json\/wp\/v2\/product\/17912","targetHints":{"allow":["GET"]}}],"collection":[{"href":"https:\/\/karwork.eu\/it\/wp-json\/wp\/v2\/product"}],"about":[{"href":"https:\/\/karwork.eu\/it\/wp-json\/wp\/v2\/types\/product"}],"replies":[{"embeddable":true,"href":"https:\/\/karwork.eu\/it\/wp-json\/wp\/v2\/comments?post=17912"}],"wp:featuredmedia":[{"embeddable":true,"href":"https:\/\/karwork.eu\/it\/wp-json\/wp\/v2\/media\/17913"}],"wp:attachment":[{"href":"https:\/\/karwork.eu\/it\/wp-json\/wp\/v2\/media?parent=17912"}],"wp:term":[{"taxonomy":"pwb-brand","embeddable":true,"href":"https:\/\/karwork.eu\/it\/wp-json\/wp\/v2\/pwb-brand?post=17912"},{"taxonomy":"product_cat","embeddable":true,"href":"https:\/\/karwork.eu\/it\/wp-json\/wp\/v2\/product_cat?post=17912"},{"taxonomy":"product_tag","embeddable":true,"href":"https:\/\/karwork.eu\/it\/wp-json\/wp\/v2\/product_tag?post=17912"}],"curies":[{"name":"wp","href":"https:\/\/api.w.org\/{rel}","templated":true}]}}