{"id":17910,"date":"2022-12-19T19:26:56","date_gmt":"2022-12-19T19:26:56","guid":{"rendered":"https:\/\/karwork.eu\/?post_type=product&#038;p=17910"},"modified":"2023-02-07T22:41:10","modified_gmt":"2023-02-07T22:41:10","slug":"champu-para-vehiculos-edicion-wonderland-500ml","status":"publish","type":"product","link":"https:\/\/karwork.eu\/it\/product\/champu-para-vehiculos-edicion-wonderland-500ml\/","title":{"rendered":"Shampoo per veicoli \u2013 Edizione Wonderland 500ml"},"content":{"rendered":"<h4>Propriet\u00e0:<\/h4>\n<ul>\n<li>Color especial: Rosa ne\u00f3n<\/li>\n<li>Fragancia : Crema de frambuesa<\/li>\n<li>Ottime prestazioni di pulizia<\/li>\n<li>Pintura brillante y limpia, uso sin esfuerzo<\/li>\n<li>Bel comportamento di scorrimento<\/li>\n<li>Materiale delicato per tutte le superfici esterne del veicolo<\/li>\n<li>Non attacca le guarnizioni esistenti.<\/li>\n<li>Ideale per il lavaggio manuale delle mani<\/li>\n<li>Basso consumo: ca. 30 ml di shampoo ogni 10 litri di acqua<\/li>\n<\/ul>\n<h4>Applicazione:<\/h4>\n<ol>\n<li>Agitare bene la bottiglia in modo che tutti gli ingredienti siano distribuiti.<\/li>\n<li>Mettere circa 30 ml di shampoo in un secchio e schiumare con circa 10 litri di acqua. (Per una schiuma ottimale, si consiglia di riempire prima lo shampoo e poi l&#039;acqua)<\/li>\n<li>Mescolare nuovamente correttamente la miscela di acqua e shampoo con il guanto da lavaggio Slappy.<\/li>\n<li>Pulisci il veicolo da cima a fondo e assicurati di avere sempre abbastanza shampoo sulla superficie da trattare<\/li>\n<li>Rimuovere i residui con idropulitrice<\/li>\n<\/ol>\n<h4>Suggerimenti:<\/h4>\n<ul>\n<li>Il veicolo deve essere pulito dallo sporco grossolano prima del trattamento utilizzando un&#039;idropulitrice per evitare graffi.<\/li>\n<li>Non utilizzare il prodotto su superfici calde<\/li>\n<li>Non lasciare asciugare il prodotto<\/li>\n<\/ul>\n<h4>Accessori consigliati:<\/h4>\n<ul>\n<li><a href=\"https:\/\/karwork.eu\/product\/guante-foxedcare-shaggy\/\">Guanto peloso FoxedCare<\/a><\/li>\n<li><a href=\"https:\/\/karwork.eu\/product\/guante-foxedcare-slappy\/\">Guanto schiaffo FoxedCare<\/a><\/li>\n<\/ul>","protected":false},"excerpt":{"rendered":"<p>El champ\u00fa FoxedCare Wonderland es un champ\u00fa para autom\u00f3viles de pH neutro con ingredientes espec\u00edficos y de primera clase. No solo limpia excelentemente, sino que tambi\u00e9n ambienta con un olor maravilloso y se ve excepcionalmente eficaz.<br \/>\nEl champ\u00fa para autom\u00f3viles Wonderland ofrece una excelente formaci\u00f3n de espuma, un rendimiento de limpieza altamente efectivo, as\u00ed como muy buenas propiedades de deslizamiento durante su uso.<\/p>","protected":false},"featured_media":17911,"comment_status":"open","ping_status":"closed","template":"","meta":{"_acf_changed":false,"rank_math_lock_modified_date":false},"pwb-brand":[986],"product_cat":[155],"product_tag":[1103,988,989,993,1302,987,996,995,1004],"class_list":{"0":"post-17910","1":"product","2":"type-product","3":"status-publish","4":"has-post-thumbnail","6":"pwb-brand-foxed-care","7":"product_cat-champu","8":"product_tag-500ml","9":"product_tag-champu","10":"product_tag-detailing","11":"product_tag-espuma","12":"product_tag-fcf33","13":"product_tag-foxed-care","14":"product_tag-lavar","15":"product_tag-limpieza","16":"product_tag-wonderland","18":"first","19":"instock","20":"taxable","21":"shipping-taxable","22":"purchasable","23":"product-type-simple"},"acf":[],"brands":[{"id":986,"name":"Foxed Care","slug":"foxed-care"}],"_links":{"self":[{"href":"https:\/\/karwork.eu\/it\/wp-json\/wp\/v2\/product\/17910","targetHints":{"allow":["GET"]}}],"collection":[{"href":"https:\/\/karwork.eu\/it\/wp-json\/wp\/v2\/product"}],"about":[{"href":"https:\/\/karwork.eu\/it\/wp-json\/wp\/v2\/types\/product"}],"replies":[{"embeddable":true,"href":"https:\/\/karwork.eu\/it\/wp-json\/wp\/v2\/comments?post=17910"}],"wp:featuredmedia":[{"embeddable":true,"href":"https:\/\/karwork.eu\/it\/wp-json\/wp\/v2\/media\/17911"}],"wp:attachment":[{"href":"https:\/\/karwork.eu\/it\/wp-json\/wp\/v2\/media?parent=17910"}],"wp:term":[{"taxonomy":"pwb-brand","embeddable":true,"href":"https:\/\/karwork.eu\/it\/wp-json\/wp\/v2\/pwb-brand?post=17910"},{"taxonomy":"product_cat","embeddable":true,"href":"https:\/\/karwork.eu\/it\/wp-json\/wp\/v2\/product_cat?post=17910"},{"taxonomy":"product_tag","embeddable":true,"href":"https:\/\/karwork.eu\/it\/wp-json\/wp\/v2\/product_tag?post=17910"}],"curies":[{"name":"wp","href":"https:\/\/api.w.org\/{rel}","templated":true}]}}