{"id":17902,"date":"2022-12-19T19:03:39","date_gmt":"2022-12-19T19:03:39","guid":{"rendered":"https:\/\/karwork.eu\/?post_type=product&#038;p=17902"},"modified":"2023-02-07T22:49:10","modified_gmt":"2023-02-07T22:49:10","slug":"champu-para-vehiculos-1l","status":"publish","type":"product","link":"https:\/\/karwork.eu\/it\/product\/champu-para-vehiculos-1l\/","title":{"rendered":"Shampoo per veicoli 1L"},"content":{"rendered":"<h4><u>Propriet\u00e0:<\/u><\/h4>\n<ul>\n<li>Efecto refrescante<\/li>\n<li>Propiedades hidratantes<\/li>\n<li>No cubrir selladores de alta clase con selladores de champ\u00fa de \u00absegunda clase\u00bb<\/li>\n<li>Comportamiento de deslizamiento extremo<\/li>\n<li>Ottime prestazioni di pulizia<\/li>\n<li>Vernice brillante e pulita, con lavorazione senza sforzo<\/li>\n<li>Particularmente amigable con la piel debido a las sustancias nutritivas<\/li>\n<li>Ideale per il lavaggio manuale delle mani<\/li>\n<li>Basso consumo: ca. 30 ml di shampoo ogni 10 litri di acqua<\/li>\n<\/ul>\n<h4>\n<u>Applicazione:<\/u><\/h4>\n<ol>\n<li>Agitare bene la bottiglia in modo che tutti gli ingredienti siano distribuiti.<\/li>\n<li>Mettere circa 30 ml di shampoo in un secchio e schiumare con circa 10 litri di acqua. (Per una schiuma ottimale, si consiglia di riempire prima lo shampoo e poi l&#039;acqua)<\/li>\n<li>Mescolare nuovamente correttamente la miscela di acqua e shampoo con il guanto da lavaggio Slappy.<\/li>\n<li>Pulisci il veicolo da cima a fondo e assicurati di avere sempre abbastanza shampoo sulla superficie da trattare<\/li>\n<li>Rimuovere i residui con idropulitrice<\/li>\n<\/ol>\n<h4>\n<u>Suggerimenti:<\/u><\/h4>\n<ul>\n<li>Il veicolo deve essere pulito dallo sporco grossolano prima del trattamento utilizzando un&#039;idropulitrice per evitare graffi.<\/li>\n<li>Non utilizzare il prodotto su superfici calde<\/li>\n<li>Non lasciare asciugare il prodotto<\/li>\n<\/ul>","protected":false},"excerpt":{"rendered":"<p>El champ\u00fa FoxedCare es un champ\u00fa para autom\u00f3viles de pH neutro con ingredientes espec\u00edficos y de primera clase. No solo hace una excelente limpieza, sino que tambi\u00e9n contiene propiedades hidratantes.<br \/>\nEsto significa que los selladores existentes se refrescan sin aplicar una capa adicional de protecci\u00f3n sobre el champ\u00fa. Llamamos a esto el efecto refrescante.<br \/>\nLos ingredientes, que proporcionan el efecto refrescante, tambi\u00e9n causan una excelente espuma y un comportamiento de deslizamiento extremo durante su uso. Otra caracter\u00edstica positiva es que todos los ingredientes son muy nutritivos, suaves y, por lo tanto, particularmente amigables con la piel.<\/p>","protected":false},"featured_media":17903,"comment_status":"open","ping_status":"closed","template":"","meta":{"_acf_changed":false,"rank_math_lock_modified_date":false},"pwb-brand":[986],"product_cat":[155],"product_tag":[1000,988,989,1305,987,997,995],"class_list":{"0":"post-17902","1":"product","2":"type-product","3":"status-publish","4":"has-post-thumbnail","6":"pwb-brand-foxed-care","7":"product_cat-champu","8":"product_tag-1l","9":"product_tag-champu","10":"product_tag-detailing","11":"product_tag-fcf01","12":"product_tag-foxed-care","13":"product_tag-lavado","14":"product_tag-limpieza","16":"first","17":"instock","18":"taxable","19":"shipping-taxable","20":"purchasable","21":"product-type-simple"},"acf":[],"brands":[{"id":986,"name":"Foxed Care","slug":"foxed-care"}],"_links":{"self":[{"href":"https:\/\/karwork.eu\/it\/wp-json\/wp\/v2\/product\/17902","targetHints":{"allow":["GET"]}}],"collection":[{"href":"https:\/\/karwork.eu\/it\/wp-json\/wp\/v2\/product"}],"about":[{"href":"https:\/\/karwork.eu\/it\/wp-json\/wp\/v2\/types\/product"}],"replies":[{"embeddable":true,"href":"https:\/\/karwork.eu\/it\/wp-json\/wp\/v2\/comments?post=17902"}],"wp:featuredmedia":[{"embeddable":true,"href":"https:\/\/karwork.eu\/it\/wp-json\/wp\/v2\/media\/17903"}],"wp:attachment":[{"href":"https:\/\/karwork.eu\/it\/wp-json\/wp\/v2\/media?parent=17902"}],"wp:term":[{"taxonomy":"pwb-brand","embeddable":true,"href":"https:\/\/karwork.eu\/it\/wp-json\/wp\/v2\/pwb-brand?post=17902"},{"taxonomy":"product_cat","embeddable":true,"href":"https:\/\/karwork.eu\/it\/wp-json\/wp\/v2\/product_cat?post=17902"},{"taxonomy":"product_tag","embeddable":true,"href":"https:\/\/karwork.eu\/it\/wp-json\/wp\/v2\/product_tag?post=17902"}],"curies":[{"name":"wp","href":"https:\/\/api.w.org\/{rel}","templated":true}]}}