{"id":17898,"date":"2022-12-19T18:50:42","date_gmt":"2022-12-19T18:50:42","guid":{"rendered":"https:\/\/karwork.eu\/?post_type=product&#038;p=17898"},"modified":"2023-02-07T22:54:16","modified_gmt":"2023-02-07T22:54:16","slug":"colour-foam-espuma-de-alto-rendimiento-edicion-halloween-shamboo-500ml","status":"publish","type":"product","link":"https:\/\/karwork.eu\/it\/product\/colour-foam-espuma-de-alto-rendimiento-edicion-halloween-shamboo-500ml\/","title":{"rendered":"Schiuma Colorata \u2013 Schiuma ad Alte Prestazioni \u2013 Halloween Shamboo Edition 500ml"},"content":{"rendered":"<h4><u>Propriet\u00e0:<\/u><\/h4>\n<ul>\n<li>Aroma: Frambuesa<\/li>\n<li>Color: Rojo<\/li>\n<li>Espuma de nieve de alto rendimiento<\/li>\n<li>Disuelve la suciedad de forma r\u00e1pida y eficaz<\/li>\n<li>Forma una alfombra de espuma densa<\/li>\n<li>F\u00f3rmula de pH neutro<\/li>\n<li>Se puede utilizar en pulverizador de bomba o lanza de espuma<\/li>\n<li>100% de compatibilidad de materiales<\/li>\n<li>Adecuado para veh\u00edculos pintados y foiled<\/li>\n<li>Incl. taza medidora<\/li>\n<\/ul>\n<h4>\n<u>Applicazione:<\/u><\/h4>\n<ol>\n<li>Agitare bene la bottiglia in modo che tutti gli ingredienti siano distribuiti.<\/li>\n<li>Dosificar 50ml &#8211; 70ml Colour Foam con un vaso dosificador y mezclar con 1 litro de agua para trabajar en el pulverizador de espuma.<br \/>\nCuando se trabaja con una mezcla de lanza de alta presi\u00f3n \/ espuma, aumente ligeramente<\/li>\n<li>Deje la espuma y enjuague despu\u00e9s de 2-3 minutos con un limpiador de alta presi\u00f3n<\/li>\n<\/ol>\n<h4>\n<u>Suggerimenti:<\/u><\/h4>\n<ul>\n<li>No procesar en superficies calientes o bajo luz solar intensa<\/li>\n<li>No dejar secar<\/li>\n<li>Agitar cuidadosamente antes de usar<\/li>\n<li>Prueba de idoneidad y tolerabilidad antes de la administraci\u00f3n<\/li>\n<\/ul>","protected":false},"excerpt":{"rendered":"<p>La espuma de nieve FoxedCare Shamboo combina una limpieza efectiva, una\u00a0<strong>espuma roja<\/strong> densa y con colores brillantes en un solo producto y es un producto multifuncional de primera clase.<br \/>\nA seconda della concentrazione, il prodotto pu\u00f2 essere utilizzato come shampoo o schiuma per auto.<br \/>\nIn entrambe le varianti, Dual Foam offre prestazioni di pulizia efficaci e delicate ed \u00e8 adatto a tutte le superfici.<br \/>\nDebido a la espuma densa y las excelentes propiedades deslizantes, el prelavado (espuma) y el lavado principal (champ\u00fa para autom\u00f3viles)son un juego de ni\u00f1os.<br \/>\nEl producto tiene un pH neutro y ofrece un agradable aroma afrutado de frambuesa.<\/p>","protected":false},"featured_media":17899,"comment_status":"open","ping_status":"closed","template":"","meta":{"_acf_changed":false,"rank_math_lock_modified_date":false},"pwb-brand":[986],"product_cat":[155],"product_tag":[988,989,993,1307,987,999,996,995,1022],"class_list":{"0":"post-17898","1":"product","2":"type-product","3":"status-publish","4":"has-post-thumbnail","6":"pwb-brand-foxed-care","7":"product_cat-champu","8":"product_tag-champu","9":"product_tag-detailing","10":"product_tag-espuma","11":"product_tag-fcf56","12":"product_tag-foxed-care","13":"product_tag-halloween","14":"product_tag-lavar","15":"product_tag-limpieza","16":"product_tag-shamboo","18":"first","19":"instock","20":"taxable","21":"shipping-taxable","22":"purchasable","23":"product-type-simple"},"acf":[],"brands":[{"id":986,"name":"Foxed Care","slug":"foxed-care"}],"_links":{"self":[{"href":"https:\/\/karwork.eu\/it\/wp-json\/wp\/v2\/product\/17898","targetHints":{"allow":["GET"]}}],"collection":[{"href":"https:\/\/karwork.eu\/it\/wp-json\/wp\/v2\/product"}],"about":[{"href":"https:\/\/karwork.eu\/it\/wp-json\/wp\/v2\/types\/product"}],"replies":[{"embeddable":true,"href":"https:\/\/karwork.eu\/it\/wp-json\/wp\/v2\/comments?post=17898"}],"wp:featuredmedia":[{"embeddable":true,"href":"https:\/\/karwork.eu\/it\/wp-json\/wp\/v2\/media\/17899"}],"wp:attachment":[{"href":"https:\/\/karwork.eu\/it\/wp-json\/wp\/v2\/media?parent=17898"}],"wp:term":[{"taxonomy":"pwb-brand","embeddable":true,"href":"https:\/\/karwork.eu\/it\/wp-json\/wp\/v2\/pwb-brand?post=17898"},{"taxonomy":"product_cat","embeddable":true,"href":"https:\/\/karwork.eu\/it\/wp-json\/wp\/v2\/product_cat?post=17898"},{"taxonomy":"product_tag","embeddable":true,"href":"https:\/\/karwork.eu\/it\/wp-json\/wp\/v2\/product_tag?post=17898"}],"curies":[{"name":"wp","href":"https:\/\/api.w.org\/{rel}","templated":true}]}}