{"id":17878,"date":"2022-12-19T18:01:40","date_gmt":"2022-12-19T18:01:40","guid":{"rendered":"https:\/\/karwork.eu\/?post_type=product&#038;p=17878"},"modified":"2023-02-07T23:04:26","modified_gmt":"2023-02-07T23:04:26","slug":"carwrap-champu-500ml","status":"publish","type":"product","link":"https:\/\/karwork.eu\/it\/product\/carwrap-champu-500ml\/","title":{"rendered":"Shampoo CarWrap 500 ml"},"content":{"rendered":"<h4><u>Propriet\u00e0:<\/u><\/h4>\n<ul>\n<li>PH-NEUTRO &#8211; Champ\u00fa<\/li>\n<li>Ideal para veh\u00edculos total y parcialmente vinilados.<\/li>\n<li>Adecuado para pel\u00edculas brillantes y mates, de cualquier marca<\/li>\n<li>Prestazioni di pulizia efficaci e delicate<\/li>\n<li>Come schiuma di neve \u00e8 perfetta anche per il prelavaggio<\/li>\n<li>Eccellenti propriet\u00e0 di scorrimento<\/li>\n<li>Compatibilit\u00e0 100% con tutti i materiali<\/li>\n<li>Schiuma densa con il giusto dosaggio<\/li>\n<li>Deja un vinilo limpio.<\/li>\n<li>Suave con la pintura y, por lo tanto, tambi\u00e9n ideal para veh\u00edculos parcialmente laminados.<\/li>\n<li>Fragancia agradable = Coco<\/li>\n<\/ul>\n<h4><u>Applicazione:<\/u><\/h4>\n<ol>\n<li>Agitare la bottiglia<\/li>\n<li>Come schiuma di neve: 20 ml -30 ml in 1 litro di acqua da utilizzare con lo spruzzatore di schiuma. Quando si lavora con miscelazione con lancia ad alta pressione aumentare leggermente<\/li>\n<li>Come shampoo per auto: 50-70 ml per 10 litri di acqua<\/li>\n<li>Lavare il veicolo dall&#039;alto verso il basso con un guanto da lavaggio (se usato come shampoo)<\/li>\n<\/ol>","protected":false},"excerpt":{"rendered":"<p>CarWrap Shampoo de FoxedCare es un champ\u00fa para autom\u00f3viles con pH neutro, que fue desarrollado especialmente para veh\u00edculos vinilados.<br \/>\nTanto las pel\u00edculas brillantes como las mate se pueden limpiar de manera suave y efectiva con el champ\u00fa CarWrap.<br \/>\nLa gran espuma y el suave comportamiento de deslizamiento redondean este champ\u00fa y hacen que el lavado manual del veh\u00edculo sea un placer.<br \/>\nTambi\u00e9n es suave con la pintura, el pl\u00e1stico, el vidrio y todos los dem\u00e1s componentes en el exterior del veh\u00edculo.<br \/>\nPor lo tanto, tambi\u00e9n es ideal para veh\u00edculos parcialmente vinilados. Con boquilla de pulverizaci\u00f3n para facilitar su aplicaci\u00f3n.<\/p>\n<p>Para una pel\u00edcula limpia y bien mantenida, tambi\u00e9n recomendamos nuestros otros productos de la serie CarWrap.<\/p>","protected":false},"featured_media":17881,"comment_status":"open","ping_status":"closed","template":"","meta":{"_acf_changed":false,"rank_math_lock_modified_date":false},"pwb-brand":[986],"product_cat":[155,1032],"product_tag":[990,988,989,1311,987,992,991],"class_list":{"0":"post-17878","1":"product","2":"type-product","3":"status-publish","4":"has-post-thumbnail","6":"pwb-brand-foxed-care","7":"product_cat-champu","8":"product_cat-especial-coches-wrap","9":"product_tag-carwrap","10":"product_tag-champu","11":"product_tag-detailing","12":"product_tag-fcf40","13":"product_tag-foxed-care","14":"product_tag-vinilo","15":"product_tag-wrap","17":"first","18":"instock","19":"taxable","20":"shipping-taxable","21":"purchasable","22":"product-type-simple"},"acf":[],"brands":[{"id":986,"name":"Foxed Care","slug":"foxed-care"}],"_links":{"self":[{"href":"https:\/\/karwork.eu\/it\/wp-json\/wp\/v2\/product\/17878","targetHints":{"allow":["GET"]}}],"collection":[{"href":"https:\/\/karwork.eu\/it\/wp-json\/wp\/v2\/product"}],"about":[{"href":"https:\/\/karwork.eu\/it\/wp-json\/wp\/v2\/types\/product"}],"replies":[{"embeddable":true,"href":"https:\/\/karwork.eu\/it\/wp-json\/wp\/v2\/comments?post=17878"}],"wp:featuredmedia":[{"embeddable":true,"href":"https:\/\/karwork.eu\/it\/wp-json\/wp\/v2\/media\/17881"}],"wp:attachment":[{"href":"https:\/\/karwork.eu\/it\/wp-json\/wp\/v2\/media?parent=17878"}],"wp:term":[{"taxonomy":"pwb-brand","embeddable":true,"href":"https:\/\/karwork.eu\/it\/wp-json\/wp\/v2\/pwb-brand?post=17878"},{"taxonomy":"product_cat","embeddable":true,"href":"https:\/\/karwork.eu\/it\/wp-json\/wp\/v2\/product_cat?post=17878"},{"taxonomy":"product_tag","embeddable":true,"href":"https:\/\/karwork.eu\/it\/wp-json\/wp\/v2\/product_tag?post=17878"}],"curies":[{"name":"wp","href":"https:\/\/api.w.org\/{rel}","templated":true}]}}