{"id":17099,"date":"2022-10-05T20:22:40","date_gmt":"2022-10-05T20:22:40","guid":{"rendered":"https:\/\/karwork.eu\/?post_type=product&#038;p=17099"},"modified":"2024-03-17T12:08:11","modified_gmt":"2024-03-17T12:08:11","slug":"volante-acrilico-matsuri-rose-gold","status":"publish","type":"product","link":"https:\/\/karwork.eu\/it\/product\/volante-acrilico-matsuri-rose-gold\/","title":{"rendered":"Volante acr\u00edlico Matsuri Rose Gold"},"content":{"rendered":"","protected":false},"excerpt":{"rendered":"<p>Volante acr\u00edlico Matsuri Rose Gold &#8211; Volante reforzado NRG \u00abMatsuri\u00bb de 3&#8243; de profundidad con radios oro rosa y radios soldados para una mejor resistencia. Un volante que tenga personalidad y represente el s\u00edmbolo de Matsuri( \u796d), la palabra japonesa para un festival o un d\u00eda festivo. Como gui\u00f1o al comienzo de la contribuci\u00f3n de NRG Innovations al drift, en apoyo al deporte y tambi\u00e9n en apoyo a los entusiastas.<\/p>\n<p>&nbsp;<\/p>\n<p><strong>I prodotti NRG Innovations sono progettati esclusivamente per l&#039;uso fuoristrada.<\/strong><\/p>","protected":false},"featured_media":17109,"comment_status":"open","ping_status":"closed","template":"","meta":{"_acf_changed":false,"rank_math_lock_modified_date":false},"pwb-brand":[611],"product_cat":[2181],"product_tag":[2183,623,622,3264],"class_list":{"0":"post-17099","1":"product","2":"type-product","3":"status-publish","4":"has-post-thumbnail","6":"pwb-brand-nrg-innovations","7":"product_cat-acrilico","8":"product_tag-acrilico","9":"product_tag-nrg-innovations","10":"product_tag-volante","11":"product_tag-volante-acrilico-matsuri-rose-gold","13":"first","14":"outofstock","15":"taxable","16":"shipping-taxable","17":"purchasable","18":"product-type-simple"},"acf":[],"brands":[{"id":611,"name":"NRG Innovations","slug":"nrg-innovations"}],"_links":{"self":[{"href":"https:\/\/karwork.eu\/it\/wp-json\/wp\/v2\/product\/17099","targetHints":{"allow":["GET"]}}],"collection":[{"href":"https:\/\/karwork.eu\/it\/wp-json\/wp\/v2\/product"}],"about":[{"href":"https:\/\/karwork.eu\/it\/wp-json\/wp\/v2\/types\/product"}],"replies":[{"embeddable":true,"href":"https:\/\/karwork.eu\/it\/wp-json\/wp\/v2\/comments?post=17099"}],"wp:featuredmedia":[{"embeddable":true,"href":"https:\/\/karwork.eu\/it\/wp-json\/wp\/v2\/media\/17109"}],"wp:attachment":[{"href":"https:\/\/karwork.eu\/it\/wp-json\/wp\/v2\/media?parent=17099"}],"wp:term":[{"taxonomy":"pwb-brand","embeddable":true,"href":"https:\/\/karwork.eu\/it\/wp-json\/wp\/v2\/pwb-brand?post=17099"},{"taxonomy":"product_cat","embeddable":true,"href":"https:\/\/karwork.eu\/it\/wp-json\/wp\/v2\/product_cat?post=17099"},{"taxonomy":"product_tag","embeddable":true,"href":"https:\/\/karwork.eu\/it\/wp-json\/wp\/v2\/product_tag?post=17099"}],"curies":[{"name":"wp","href":"https:\/\/api.w.org\/{rel}","templated":true}]}}