{"id":16519,"date":"2022-08-24T19:17:09","date_gmt":"2022-08-24T19:17:09","guid":{"rendered":"https:\/\/karwork.eu\/?post_type=product&#038;p=16519"},"modified":"2025-01-25T20:41:34","modified_gmt":"2025-01-25T19:41:34","slug":"pina-volante-srk-181h","status":"publish","type":"product","link":"https:\/\/karwork.eu\/it\/product\/pina-volante-srk-181h\/","title":{"rendered":"Pi\u00f1a volante &#8211; SRK-181H"},"content":{"rendered":"","protected":false},"excerpt":{"rendered":"<p>Pi\u00f1a volante &#8211; SRK-181H Esta pi\u00f1a fue dise\u00f1ada para ponerla con Quick Release, con la superficie de montaje m\u00e1s corta posible y al mismo tiempo conserva la capacidad de usar la bocina y las se\u00f1ales de giro aproximadamente el 99% del tiempo. De aluminio anodizado 6061 y patr\u00f3n de pernos de 6&#215;70, que viene con resistencias. En caso de no llevar quick release, puede que sea necesario un separador.<\/p>\n<p>Ananas per;<span data-sanitized-data-mce-fragment=\"1\"> Seat Ibiza (93-01), Volkswagen Corrado (89-95),\u00a0VW Golf (89-98),\u00a0VW Jetta (85-98),\u00a0VW Passat (90-96),\u00a0VW Vento (92-96).<br \/>\n<\/span><\/p>\n<p><strong>I prodotti NRG Innovations sono progettati esclusivamente per l&#039;uso fuoristrada.<\/strong><\/p>","protected":false},"featured_media":16523,"comment_status":"open","ping_status":"closed","template":"","meta":{"_acf_changed":false,"rank_math_lock_modified_date":false},"pwb-brand":[611],"product_cat":[2706,664],"product_tag":[623,681,3799,3104,3800,3801,3802,3803,3804],"class_list":{"0":"post-16519","1":"product","2":"type-product","3":"status-publish","4":"has-post-thumbnail","6":"pwb-brand-nrg-innovations","7":"product_cat-pina-short-hub","8":"product_cat-pina-volante","9":"product_tag-nrg-innovations","10":"product_tag-pina-volante","11":"product_tag-seat-ibiza-93-01","12":"product_tag-srk-181h","13":"product_tag-volkswagen-corrado-89-95","14":"product_tag-vw-golf-89-98","15":"product_tag-vw-jetta-85-98","16":"product_tag-vw-passat-90-96","17":"product_tag-vw-vento-92-96","19":"first","20":"instock","21":"taxable","22":"shipping-taxable","23":"purchasable","24":"product-type-simple"},"acf":[],"brands":[{"id":611,"name":"NRG Innovations","slug":"nrg-innovations"}],"_links":{"self":[{"href":"https:\/\/karwork.eu\/it\/wp-json\/wp\/v2\/product\/16519","targetHints":{"allow":["GET"]}}],"collection":[{"href":"https:\/\/karwork.eu\/it\/wp-json\/wp\/v2\/product"}],"about":[{"href":"https:\/\/karwork.eu\/it\/wp-json\/wp\/v2\/types\/product"}],"replies":[{"embeddable":true,"href":"https:\/\/karwork.eu\/it\/wp-json\/wp\/v2\/comments?post=16519"}],"wp:featuredmedia":[{"embeddable":true,"href":"https:\/\/karwork.eu\/it\/wp-json\/wp\/v2\/media\/16523"}],"wp:attachment":[{"href":"https:\/\/karwork.eu\/it\/wp-json\/wp\/v2\/media?parent=16519"}],"wp:term":[{"taxonomy":"pwb-brand","embeddable":true,"href":"https:\/\/karwork.eu\/it\/wp-json\/wp\/v2\/pwb-brand?post=16519"},{"taxonomy":"product_cat","embeddable":true,"href":"https:\/\/karwork.eu\/it\/wp-json\/wp\/v2\/product_cat?post=16519"},{"taxonomy":"product_tag","embeddable":true,"href":"https:\/\/karwork.eu\/it\/wp-json\/wp\/v2\/product_tag?post=16519"}],"curies":[{"name":"wp","href":"https:\/\/api.w.org\/{rel}","templated":true}]}}