{"id":16371,"date":"2022-08-08T15:09:46","date_gmt":"2022-08-08T15:09:46","guid":{"rendered":"https:\/\/karwork.eu\/?post_type=product&#038;p=16371"},"modified":"2025-01-26T12:03:00","modified_gmt":"2025-01-26T11:03:00","slug":"pina-volante-srk-141h","status":"publish","type":"product","link":"https:\/\/karwork.eu\/it\/product\/pina-volante-srk-141h\/","title":{"rendered":"Pi\u00f1a volante &#8211; SRK-141H"},"content":{"rendered":"","protected":false},"excerpt":{"rendered":"<p>Pi\u00f1a volante &#8211; SRK-141H Esta pi\u00f1a fue dise\u00f1ada para ponerlo con Quick Release, con la superficie de montaje m\u00e1s corta posible y al mismo tiempo conserva la capacidad de usar la bocina y las se\u00f1ales de giro aproximadamente el 99% del tiempo. De aluminio anodizado 6061 y patr\u00f3n de pernos de 6&#215;70, que viene con resistencias. En caso de no llevar quick release, puede que sea necesario un separador.<\/p>\n<p>&nbsp;<\/p>\n<p>Pi\u00f1a para; Nissan 350Z, 370Z (todos), Infiniti G35, G37 (todos), Nissan Versa | Cuba (todos), Nissan Armada (todos), Nissan Frontier (04+), Nissan Altima (02-06), Nissan Sentra SE-R (06+)<\/p>\n<p>&nbsp;<\/p>\n<p><strong>I prodotti NRG Innovations sono progettati esclusivamente per l&#039;uso fuoristrada.<\/strong><\/p>","protected":false},"featured_media":16397,"comment_status":"open","ping_status":"closed","template":"","meta":{"_acf_changed":false,"rank_math_lock_modified_date":false},"pwb-brand":[611],"product_cat":[2706,664],"product_tag":[3885,3887,3886,212,3891,3889,3890,3892,3888,623,681,3128],"class_list":{"0":"post-16371","1":"product","2":"type-product","3":"status-publish","4":"has-post-thumbnail","6":"pwb-brand-nrg-innovations","7":"product_cat-pina-short-hub","8":"product_cat-pina-volante","9":"product_tag-370z-todos","10":"product_tag-g37-todos","11":"product_tag-infiniti-g35","12":"product_tag-nissan-350z","13":"product_tag-nissan-altima-02-06","14":"product_tag-nissan-armada-todos","15":"product_tag-nissan-frontier-04","16":"product_tag-nissan-sentra-se-r-06","17":"product_tag-nissan-versa-cuba-todos","18":"product_tag-nrg-innovations","19":"product_tag-pina-volante","20":"product_tag-srk-141h","22":"first","23":"instock","24":"taxable","25":"shipping-taxable","26":"purchasable","27":"product-type-simple"},"acf":[],"brands":[{"id":611,"name":"NRG Innovations","slug":"nrg-innovations"}],"_links":{"self":[{"href":"https:\/\/karwork.eu\/it\/wp-json\/wp\/v2\/product\/16371","targetHints":{"allow":["GET"]}}],"collection":[{"href":"https:\/\/karwork.eu\/it\/wp-json\/wp\/v2\/product"}],"about":[{"href":"https:\/\/karwork.eu\/it\/wp-json\/wp\/v2\/types\/product"}],"replies":[{"embeddable":true,"href":"https:\/\/karwork.eu\/it\/wp-json\/wp\/v2\/comments?post=16371"}],"wp:featuredmedia":[{"embeddable":true,"href":"https:\/\/karwork.eu\/it\/wp-json\/wp\/v2\/media\/16397"}],"wp:attachment":[{"href":"https:\/\/karwork.eu\/it\/wp-json\/wp\/v2\/media?parent=16371"}],"wp:term":[{"taxonomy":"pwb-brand","embeddable":true,"href":"https:\/\/karwork.eu\/it\/wp-json\/wp\/v2\/pwb-brand?post=16371"},{"taxonomy":"product_cat","embeddable":true,"href":"https:\/\/karwork.eu\/it\/wp-json\/wp\/v2\/product_cat?post=16371"},{"taxonomy":"product_tag","embeddable":true,"href":"https:\/\/karwork.eu\/it\/wp-json\/wp\/v2\/product_tag?post=16371"}],"curies":[{"name":"wp","href":"https:\/\/api.w.org\/{rel}","templated":true}]}}