{"id":16326,"date":"2022-08-08T10:55:20","date_gmt":"2022-08-08T10:55:20","guid":{"rendered":"https:\/\/karwork.eu\/?post_type=product&#038;p=16326"},"modified":"2025-01-25T21:10:48","modified_gmt":"2025-01-25T20:10:48","slug":"pina-volante-srk-125h","status":"publish","type":"product","link":"https:\/\/karwork.eu\/it\/product\/pina-volante-srk-125h\/","title":{"rendered":"Pi\u00f1a volante &#8211; SRK-125H"},"content":{"rendered":"","protected":false},"excerpt":{"rendered":"<p>Pi\u00f1a volante &#8211; SRK-125H Esta pi\u00f1a fue dise\u00f1ada para ponerlo con Quick Release, con la superficie de montaje m\u00e1s corta posible y al mismo tiempo conserva la capacidad de usar la bocina y las se\u00f1ales de giro aproximadamente el 99% del tiempo. De aluminio anodizado 6061 y patr\u00f3n de pernos de 6&#215;70, que viene con resistencias. En caso de no llevar quick release, puede que sea necesario un separador.<\/p>\n<p>Pi\u00f1a para; Scion XA | XB | XD | Tc (todos), Scion FR-S (12+), Subaru BR-Z (12+), Toyota Camry | Corolla (01-17),\u00a0Toyota Tacoma (05+), Toyota FJ Cruiser (06+), Toyota Matrix (todos), Toyota Tundra (00+), Lexus GS (05+).<\/p>\n<p>&nbsp;<\/p>\n<p><strong>I prodotti NRG Innovations sono progettati esclusivamente per l&#039;uso fuoristrada.<\/strong><\/p>","protected":false},"featured_media":16330,"comment_status":"open","ping_status":"closed","template":"","meta":{"_acf_changed":false,"rank_math_lock_modified_date":false},"pwb-brand":[611],"product_cat":[2706,664],"product_tag":[3866,623,681,3859,3858,3135,3860,3861,3863,3864,3862,3865],"class_list":{"0":"post-16326","1":"product","2":"type-product","3":"status-publish","4":"has-post-thumbnail","6":"pwb-brand-nrg-innovations","7":"product_cat-pina-short-hub","8":"product_cat-pina-volante","9":"product_tag-lexus-gs-05","10":"product_tag-nrg-innovations","11":"product_tag-pina-volante","12":"product_tag-scion-fr-s-12","13":"product_tag-scion-xa-xb-xd-tc-todos","14":"product_tag-srk-125h","15":"product_tag-subaru-br-z-12","16":"product_tag-toyota-camry-corolla-01-17","17":"product_tag-toyota-fj-cruiser-06","18":"product_tag-toyota-matrix-todos","19":"product_tag-toyota-tacoma-05","20":"product_tag-toyota-tundra-00","22":"first","23":"instock","24":"taxable","25":"shipping-taxable","26":"purchasable","27":"product-type-simple"},"acf":[],"brands":[{"id":611,"name":"NRG Innovations","slug":"nrg-innovations"}],"_links":{"self":[{"href":"https:\/\/karwork.eu\/it\/wp-json\/wp\/v2\/product\/16326","targetHints":{"allow":["GET"]}}],"collection":[{"href":"https:\/\/karwork.eu\/it\/wp-json\/wp\/v2\/product"}],"about":[{"href":"https:\/\/karwork.eu\/it\/wp-json\/wp\/v2\/types\/product"}],"replies":[{"embeddable":true,"href":"https:\/\/karwork.eu\/it\/wp-json\/wp\/v2\/comments?post=16326"}],"wp:featuredmedia":[{"embeddable":true,"href":"https:\/\/karwork.eu\/it\/wp-json\/wp\/v2\/media\/16330"}],"wp:attachment":[{"href":"https:\/\/karwork.eu\/it\/wp-json\/wp\/v2\/media?parent=16326"}],"wp:term":[{"taxonomy":"pwb-brand","embeddable":true,"href":"https:\/\/karwork.eu\/it\/wp-json\/wp\/v2\/pwb-brand?post=16326"},{"taxonomy":"product_cat","embeddable":true,"href":"https:\/\/karwork.eu\/it\/wp-json\/wp\/v2\/product_cat?post=16326"},{"taxonomy":"product_tag","embeddable":true,"href":"https:\/\/karwork.eu\/it\/wp-json\/wp\/v2\/product_tag?post=16326"}],"curies":[{"name":"wp","href":"https:\/\/api.w.org\/{rel}","templated":true}]}}