{"id":16321,"date":"2022-08-08T10:19:17","date_gmt":"2022-08-08T10:19:17","guid":{"rendered":"https:\/\/karwork.eu\/?post_type=product&#038;p=16321"},"modified":"2025-01-25T21:10:18","modified_gmt":"2025-01-25T20:10:18","slug":"pina-volante-15","status":"publish","type":"product","link":"https:\/\/karwork.eu\/it\/product\/pina-volante-15\/","title":{"rendered":"Pi\u00f1a volante &#8211; SRK-124H"},"content":{"rendered":"","protected":false},"excerpt":{"rendered":"<p>Pi\u00f1a volante &#8211; SRK-124H Esta pi\u00f1a fue dise\u00f1ada para ponerlo con Quick Release, con la superficie de montaje m\u00e1s corta posible y al mismo tiempo conserva la capacidad de usar la bocina y las se\u00f1ales de giro aproximadamente el 99% del tiempo. De aluminio anodizado 6061 y patr\u00f3n de pernos de 6&#215;70, que viene con resistencias. En caso de no llevar quick release, puede que sea necesario un separador.<\/p>\n<p>Pi\u00f1a para; Lexus GS300 (98-05), Lexus IS300 (01-05), Lexus SC430 (98-05), Toyota Supra MK4 \/ MKIV JZA80 (98-02), Toyota 4Runner (98-02), Toyota Tacoma (98-04), Toyota Celica (98-04), Toyota RAV4 (98-03), Toyota Corolla S (00-02), Toyota MR2 JDM SW20 (98-99),\u00a0Toyota MR-S \/ MR2 Spyder (00-05)<\/p>\n<p>&nbsp;<\/p>\n<p><strong>I prodotti NRG Innovations sono progettati esclusivamente per l&#039;uso fuoristrada.<\/strong><\/p>","protected":false},"featured_media":16325,"comment_status":"open","ping_status":"closed","template":"","meta":{"_acf_changed":false,"rank_math_lock_modified_date":false},"pwb-brand":[611],"product_cat":[2706,664],"product_tag":[3847,3848,3849,623,681,3136,3851,3853,3855,3857,3856,3854,3850,3852],"class_list":{"0":"post-16321","1":"product","2":"type-product","3":"status-publish","4":"has-post-thumbnail","6":"pwb-brand-nrg-innovations","7":"product_cat-pina-short-hub","8":"product_cat-pina-volante","9":"product_tag-lexus-gs300-98-05","10":"product_tag-lexus-is300-01-05","11":"product_tag-lexus-sc430-98-05","12":"product_tag-nrg-innovations","13":"product_tag-pina-volante","14":"product_tag-srk-124h","15":"product_tag-toyota-4runner-98-02","16":"product_tag-toyota-celica-98-04","17":"product_tag-toyota-corolla-s-00-02","18":"product_tag-toyota-mr-s-mr2-spyder-00-05","19":"product_tag-toyota-mr2-jdm-sw20-98-99","20":"product_tag-toyota-rav4-98-03","21":"product_tag-toyota-supra-mk4-mkiv-jza80-98-02","22":"product_tag-toyota-tacoma-98-04","24":"first","25":"instock","26":"taxable","27":"shipping-taxable","28":"purchasable","29":"product-type-simple"},"acf":[],"brands":[{"id":611,"name":"NRG Innovations","slug":"nrg-innovations"}],"_links":{"self":[{"href":"https:\/\/karwork.eu\/it\/wp-json\/wp\/v2\/product\/16321","targetHints":{"allow":["GET"]}}],"collection":[{"href":"https:\/\/karwork.eu\/it\/wp-json\/wp\/v2\/product"}],"about":[{"href":"https:\/\/karwork.eu\/it\/wp-json\/wp\/v2\/types\/product"}],"replies":[{"embeddable":true,"href":"https:\/\/karwork.eu\/it\/wp-json\/wp\/v2\/comments?post=16321"}],"wp:featuredmedia":[{"embeddable":true,"href":"https:\/\/karwork.eu\/it\/wp-json\/wp\/v2\/media\/16325"}],"wp:attachment":[{"href":"https:\/\/karwork.eu\/it\/wp-json\/wp\/v2\/media?parent=16321"}],"wp:term":[{"taxonomy":"pwb-brand","embeddable":true,"href":"https:\/\/karwork.eu\/it\/wp-json\/wp\/v2\/pwb-brand?post=16321"},{"taxonomy":"product_cat","embeddable":true,"href":"https:\/\/karwork.eu\/it\/wp-json\/wp\/v2\/product_cat?post=16321"},{"taxonomy":"product_tag","embeddable":true,"href":"https:\/\/karwork.eu\/it\/wp-json\/wp\/v2\/product_tag?post=16321"}],"curies":[{"name":"wp","href":"https:\/\/api.w.org\/{rel}","templated":true}]}}