{"id":16317,"date":"2022-08-08T10:11:00","date_gmt":"2022-08-08T10:11:00","guid":{"rendered":"https:\/\/karwork.eu\/?post_type=product&#038;p=16317"},"modified":"2025-01-25T21:09:48","modified_gmt":"2025-01-25T20:09:48","slug":"pina-volante-srk-123h","status":"publish","type":"product","link":"https:\/\/karwork.eu\/it\/product\/pina-volante-srk-123h\/","title":{"rendered":"Pi\u00f1a volante &#8211; SRK-123H"},"content":{"rendered":"","protected":false},"excerpt":{"rendered":"<p>Pi\u00f1a volante &#8211; SRK-123H Esta pi\u00f1a fue dise\u00f1ada para ponerlo con Quick Release, con la superficie de montaje m\u00e1s corta posible y al mismo tiempo conserva la capacidad de usar la bocina y las se\u00f1ales de giro aproximadamente el 99% del tiempo. De aluminio anodizado 6061 y patr\u00f3n de pernos de 6&#215;70, que viene con resistencias. En caso de no llevar quick release, puede que sea necesario un separador.<\/p>\n<p>Pi\u00f1a para; Lotus S2 V6 Exige Roadster (todos), Lotus S2 2ZZ Elise (04-11), Lotus S2 1ZZ Elise (06-10), Lotus S2 1.6 Elise (11-14).<\/p>\n<p>&nbsp;<\/p>\n<p><strong>I prodotti NRG Innovations sono progettati esclusivamente per l&#039;uso fuoristrada.<\/strong><\/p>","protected":false},"featured_media":16320,"comment_status":"open","ping_status":"closed","template":"","meta":{"_acf_changed":false,"rank_math_lock_modified_date":false},"pwb-brand":[611],"product_cat":[2706,664],"product_tag":[3846,3845,3844,3843,623,681,3137],"class_list":{"0":"post-16317","1":"product","2":"type-product","3":"status-publish","4":"has-post-thumbnail","6":"pwb-brand-nrg-innovations","7":"product_cat-pina-short-hub","8":"product_cat-pina-volante","9":"product_tag-lotus-s2-1-6-elise-11-14","10":"product_tag-lotus-s2-1zz-elise-06-10","11":"product_tag-lotus-s2-2zz-elise-04-11","12":"product_tag-lotus-s2-v6-exige-roadster-todos","13":"product_tag-nrg-innovations","14":"product_tag-pina-volante","15":"product_tag-srk-123h","17":"first","18":"instock","19":"taxable","20":"shipping-taxable","21":"purchasable","22":"product-type-simple"},"acf":[],"brands":[{"id":611,"name":"NRG Innovations","slug":"nrg-innovations"}],"_links":{"self":[{"href":"https:\/\/karwork.eu\/it\/wp-json\/wp\/v2\/product\/16317","targetHints":{"allow":["GET"]}}],"collection":[{"href":"https:\/\/karwork.eu\/it\/wp-json\/wp\/v2\/product"}],"about":[{"href":"https:\/\/karwork.eu\/it\/wp-json\/wp\/v2\/types\/product"}],"replies":[{"embeddable":true,"href":"https:\/\/karwork.eu\/it\/wp-json\/wp\/v2\/comments?post=16317"}],"wp:featuredmedia":[{"embeddable":true,"href":"https:\/\/karwork.eu\/it\/wp-json\/wp\/v2\/media\/16320"}],"wp:attachment":[{"href":"https:\/\/karwork.eu\/it\/wp-json\/wp\/v2\/media?parent=16317"}],"wp:term":[{"taxonomy":"pwb-brand","embeddable":true,"href":"https:\/\/karwork.eu\/it\/wp-json\/wp\/v2\/pwb-brand?post=16317"},{"taxonomy":"product_cat","embeddable":true,"href":"https:\/\/karwork.eu\/it\/wp-json\/wp\/v2\/product_cat?post=16317"},{"taxonomy":"product_tag","embeddable":true,"href":"https:\/\/karwork.eu\/it\/wp-json\/wp\/v2\/product_tag?post=16317"}],"curies":[{"name":"wp","href":"https:\/\/api.w.org\/{rel}","templated":true}]}}