{"id":16107,"date":"2022-07-24T15:41:37","date_gmt":"2022-07-24T15:41:37","guid":{"rendered":"https:\/\/karwork.eu\/?post_type=product&#038;p=16107"},"modified":"2023-12-16T16:54:22","modified_gmt":"2023-12-16T16:54:22","slug":"buckets-racing-reclinable-omega","status":"publish","type":"product","link":"https:\/\/karwork.eu\/it\/product\/buckets-racing-reclinable-omega\/","title":{"rendered":"Buckets Racing reclinable Omega &#8211; NRG Innovations"},"content":{"rendered":"","protected":false},"excerpt":{"rendered":"<p>El Omega es el complemento perfecto para cualquier veh\u00edculo, ya sea un coche de carreras, o incluso un auto de exhibici\u00f3n\/ stance. Los nuevos buckets reclinables le brindan apoyo adicional para los hombros y los costados. La seguridad, el rendimiento y el estilo est\u00e1n en una correlaci\u00f3n \u00f3ptima.\u00a0El asiento cuenta con vinilo negro, costuras negras y con soporte reforzados. Vinilo de carbono negro envuelto en la parte posterior. Precio por par ya que se venden en pares. Disponible bajo pedido.<\/p>\n<p>&nbsp;<\/p>\n<p><strong>I prodotti NRG Innovations sono progettati esclusivamente per l&#039;uso fuoristrada.<\/strong><\/p>","protected":false},"featured_media":16123,"comment_status":"open","ping_status":"closed","template":"","meta":{"_acf_changed":false,"rank_math_lock_modified_date":false},"pwb-brand":[611],"product_cat":[2231],"product_tag":[683,623],"class_list":{"0":"post-16107","1":"product","2":"type-product","3":"status-publish","4":"has-post-thumbnail","6":"pwb-brand-nrg-innovations","7":"product_cat-reclinable","8":"product_tag-buckets","9":"product_tag-nrg-innovations","10":"product_shipping_class-pesados","12":"first","13":"instock","14":"taxable","15":"shipping-taxable","16":"purchasable","17":"product-type-simple"},"acf":[],"brands":[{"id":611,"name":"NRG Innovations","slug":"nrg-innovations"}],"_links":{"self":[{"href":"https:\/\/karwork.eu\/it\/wp-json\/wp\/v2\/product\/16107","targetHints":{"allow":["GET"]}}],"collection":[{"href":"https:\/\/karwork.eu\/it\/wp-json\/wp\/v2\/product"}],"about":[{"href":"https:\/\/karwork.eu\/it\/wp-json\/wp\/v2\/types\/product"}],"replies":[{"embeddable":true,"href":"https:\/\/karwork.eu\/it\/wp-json\/wp\/v2\/comments?post=16107"}],"wp:featuredmedia":[{"embeddable":true,"href":"https:\/\/karwork.eu\/it\/wp-json\/wp\/v2\/media\/16123"}],"wp:attachment":[{"href":"https:\/\/karwork.eu\/it\/wp-json\/wp\/v2\/media?parent=16107"}],"wp:term":[{"taxonomy":"pwb-brand","embeddable":true,"href":"https:\/\/karwork.eu\/it\/wp-json\/wp\/v2\/pwb-brand?post=16107"},{"taxonomy":"product_cat","embeddable":true,"href":"https:\/\/karwork.eu\/it\/wp-json\/wp\/v2\/product_cat?post=16107"},{"taxonomy":"product_tag","embeddable":true,"href":"https:\/\/karwork.eu\/it\/wp-json\/wp\/v2\/product_tag?post=16107"}],"curies":[{"name":"wp","href":"https:\/\/api.w.org\/{rel}","templated":true}]}}