{"id":16064,"date":"2022-07-24T11:48:41","date_gmt":"2022-07-24T11:48:41","guid":{"rendered":"https:\/\/karwork.eu\/?post_type=product&#038;p=16064"},"modified":"2023-04-07T10:42:03","modified_gmt":"2023-04-07T10:42:03","slug":"buckets-defender-3","status":"publish","type":"product","link":"https:\/\/karwork.eu\/it\/product\/buckets-defender-3\/","title":{"rendered":"Benne Difensore"},"content":{"rendered":"","protected":false},"excerpt":{"rendered":"<p>Montado lateralmente y dise\u00f1ado espec\u00edficamente para el mercado de UTV y 4&#215;4, el bucket Defender es una opci\u00f3n al comprar buckets de todoterreno. Es resistente al agua, impermeable, c\u00f3modo y con suspensi\u00f3n (para que no rebotes en cada piedrita). Tambi\u00e9n son considerablemente livianos para su resistencia, con un marco de acero para mayor rigidez.<\/p>\n<p>&nbsp;<\/p>\n<p><strong>I prodotti NRG Innovations sono progettati esclusivamente per l&#039;uso fuoristrada.<\/strong><\/p>","protected":false},"featured_media":16062,"comment_status":"open","ping_status":"closed","template":"","meta":{"_acf_changed":false,"rank_math_lock_modified_date":false},"pwb-brand":[611],"product_cat":[89],"product_tag":[683,623],"class_list":{"0":"post-16064","1":"product","2":"type-product","3":"status-publish","4":"has-post-thumbnail","6":"pwb-brand-nrg-innovations","7":"product_cat-carroceria","8":"product_tag-buckets","9":"product_tag-nrg-innovations","11":"first","12":"instock","13":"taxable","14":"shipping-taxable","15":"purchasable","16":"product-type-simple"},"acf":[],"brands":[{"id":611,"name":"NRG Innovations","slug":"nrg-innovations"}],"_links":{"self":[{"href":"https:\/\/karwork.eu\/it\/wp-json\/wp\/v2\/product\/16064","targetHints":{"allow":["GET"]}}],"collection":[{"href":"https:\/\/karwork.eu\/it\/wp-json\/wp\/v2\/product"}],"about":[{"href":"https:\/\/karwork.eu\/it\/wp-json\/wp\/v2\/types\/product"}],"replies":[{"embeddable":true,"href":"https:\/\/karwork.eu\/it\/wp-json\/wp\/v2\/comments?post=16064"}],"wp:featuredmedia":[{"embeddable":true,"href":"https:\/\/karwork.eu\/it\/wp-json\/wp\/v2\/media\/16062"}],"wp:attachment":[{"href":"https:\/\/karwork.eu\/it\/wp-json\/wp\/v2\/media?parent=16064"}],"wp:term":[{"taxonomy":"pwb-brand","embeddable":true,"href":"https:\/\/karwork.eu\/it\/wp-json\/wp\/v2\/pwb-brand?post=16064"},{"taxonomy":"product_cat","embeddable":true,"href":"https:\/\/karwork.eu\/it\/wp-json\/wp\/v2\/product_cat?post=16064"},{"taxonomy":"product_tag","embeddable":true,"href":"https:\/\/karwork.eu\/it\/wp-json\/wp\/v2\/product_tag?post=16064"}],"curies":[{"name":"wp","href":"https:\/\/api.w.org\/{rel}","templated":true}]}}