{"id":15697,"date":"2022-07-16T16:54:50","date_gmt":"2022-07-16T16:54:50","guid":{"rendered":"https:\/\/karwork.eu\/?post_type=product&#038;p=15697"},"modified":"2025-01-26T12:32:35","modified_gmt":"2025-01-26T11:32:35","slug":"pina-volante-srk-193h","status":"publish","type":"product","link":"https:\/\/karwork.eu\/it\/product\/pina-volante-srk-193h\/","title":{"rendered":"Pi\u00f1a volante &#8211; SRK-193H"},"content":{"rendered":"","protected":false},"excerpt":{"rendered":"<p>Pi\u00f1a volante &#8211; SRK-193H Esta pi\u00f1a fue dise\u00f1ada para ponerlo con Quick Release, con la superficie de montaje m\u00e1s corta posible y al mismo tiempo conserva la capacidad de usar la bocina y las se\u00f1ales de giro aproximadamente el 99% del tiempo. De aluminio anodizado 6061 y patr\u00f3n de pernos de 6&#215;70, que viene con resistencias. En caso de no llevar quick release, puede que sea necesario un separador.<\/p>\n<p>Pi\u00f1a para; Mazda 2 (16-20), Mazda 6 (12-21), Mazda CX-5 (13-16), Ford Focus (15-18), Ford Fiesta (14-18), Ford F Series (15-20), Ford Transit (16-21), Ford Fusion (13-20), Ford Tauro (13-19), Ford Mustang (12-21), Volvo C30 (04-12), Volvo S40 (04-12), Volvo V50 (04-12), Volvo V60 (06-18) y Volvo C70 (06-12).<\/p>\n<p>&nbsp;<\/p>\n<p><strong>I prodotti NRG Innovations sono progettati esclusivamente per l&#039;uso fuoristrada.<\/strong><\/p>","protected":false},"featured_media":15698,"comment_status":"open","ping_status":"closed","template":"","meta":{"_acf_changed":false,"rank_math_lock_modified_date":false},"pwb-brand":[611],"product_cat":[2706,664],"product_tag":[3930,3929,3928,3932,3934,3933,3931,3925,3926,3927,623,681,3939,3935,3936,3937,3938],"class_list":{"0":"post-15697","1":"product","2":"type-product","3":"status-publish","4":"has-post-thumbnail","6":"pwb-brand-nrg-innovations","7":"product_cat-pina-short-hub","8":"product_cat-pina-volante","9":"product_tag-ford-f-series-15-20","10":"product_tag-ford-fiesta-14-18","11":"product_tag-ford-focus-15-18","12":"product_tag-ford-fusion-13-20","13":"product_tag-ford-mustang-12-21","14":"product_tag-ford-tauro-13-19","15":"product_tag-ford-transit-16-21","16":"product_tag-mazda-2-16-20","17":"product_tag-mazda-6-12-21","18":"product_tag-mazda-cx-5-13-16","19":"product_tag-nrg-innovations","20":"product_tag-pina-volante","21":"product_tag-srk-193h","22":"product_tag-volvo-c30-04-12","23":"product_tag-volvo-s40-04-12","24":"product_tag-volvo-v50-04-12","25":"product_tag-volvo-v60-06-18-y-volvo-c70-06-12","27":"first","28":"instock","29":"taxable","30":"shipping-taxable","31":"purchasable","32":"product-type-simple"},"acf":[],"brands":[{"id":611,"name":"NRG Innovations","slug":"nrg-innovations"}],"_links":{"self":[{"href":"https:\/\/karwork.eu\/it\/wp-json\/wp\/v2\/product\/15697","targetHints":{"allow":["GET"]}}],"collection":[{"href":"https:\/\/karwork.eu\/it\/wp-json\/wp\/v2\/product"}],"about":[{"href":"https:\/\/karwork.eu\/it\/wp-json\/wp\/v2\/types\/product"}],"replies":[{"embeddable":true,"href":"https:\/\/karwork.eu\/it\/wp-json\/wp\/v2\/comments?post=15697"}],"wp:featuredmedia":[{"embeddable":true,"href":"https:\/\/karwork.eu\/it\/wp-json\/wp\/v2\/media\/15698"}],"wp:attachment":[{"href":"https:\/\/karwork.eu\/it\/wp-json\/wp\/v2\/media?parent=15697"}],"wp:term":[{"taxonomy":"pwb-brand","embeddable":true,"href":"https:\/\/karwork.eu\/it\/wp-json\/wp\/v2\/pwb-brand?post=15697"},{"taxonomy":"product_cat","embeddable":true,"href":"https:\/\/karwork.eu\/it\/wp-json\/wp\/v2\/product_cat?post=15697"},{"taxonomy":"product_tag","embeddable":true,"href":"https:\/\/karwork.eu\/it\/wp-json\/wp\/v2\/product_tag?post=15697"}],"curies":[{"name":"wp","href":"https:\/\/api.w.org\/{rel}","templated":true}]}}