{"id":15314,"date":"2022-07-10T13:36:58","date_gmt":"2022-07-10T13:36:58","guid":{"rendered":"https:\/\/karwork.eu\/?post_type=product&#038;p=15314"},"modified":"2024-05-18T17:48:28","modified_gmt":"2024-05-18T17:48:28","slug":"2-1-quick-release-extraible-rapido-para-volante-38","status":"publish","type":"product","link":"https:\/\/karwork.eu\/it\/product\/2-1-quick-release-extraible-rapido-para-volante-38\/","title":{"rendered":"2.1 Sgancio rapido Volante rimovibile rapidamente"},"content":{"rendered":"","protected":false},"excerpt":{"rendered":"<p>Generazione 2.1. \u00e8 un&#039;estensione del 2.0, il sistema di sgancio rapido da 2,5\u2033 pi\u00f9 venduto che presenta molte opzioni che il convenzionale sistema di sgancio rapido con blocco a sfera non offre. \u00c8 appositamente progettato con sezioni rialzate per prevenire graffi e stiramenti, mentre una funzione di blocco automatico aggiunge maggiore sicurezza e funzionalit\u00e0. Ogni unit\u00e0 \u00e8 realizzata in alluminio 6061 della massima qualit\u00e0 ed \u00e8 anodizzata per la massima durata e finitura. Cavi degli altoparlanti inclusi, schema dei bulloni 6x70mm e lato volante 6x74mm<\/p>\n<p>&nbsp;<\/p>\n<p><strong>I prodotti NRG Innovations sono progettati esclusivamente per l&#039;uso fuoristrada.<\/strong><\/p>","protected":false},"featured_media":15302,"comment_status":"open","ping_status":"closed","template":"","meta":{"_acf_changed":false,"rank_math_lock_modified_date":false},"pwb-brand":[611],"product_cat":[3621],"product_tag":[647,623,648],"class_list":{"0":"post-15314","1":"product","2":"type-product","3":"status-publish","4":"has-post-thumbnail","6":"pwb-brand-nrg-innovations","7":"product_cat-2-1","8":"product_tag-extraibles","9":"product_tag-nrg-innovations","10":"product_tag-quick-release","12":"first","13":"instock","14":"taxable","15":"shipping-taxable","16":"purchasable","17":"product-type-simple"},"acf":[],"brands":[{"id":611,"name":"NRG Innovations","slug":"nrg-innovations"}],"_links":{"self":[{"href":"https:\/\/karwork.eu\/it\/wp-json\/wp\/v2\/product\/15314","targetHints":{"allow":["GET"]}}],"collection":[{"href":"https:\/\/karwork.eu\/it\/wp-json\/wp\/v2\/product"}],"about":[{"href":"https:\/\/karwork.eu\/it\/wp-json\/wp\/v2\/types\/product"}],"replies":[{"embeddable":true,"href":"https:\/\/karwork.eu\/it\/wp-json\/wp\/v2\/comments?post=15314"}],"wp:featuredmedia":[{"embeddable":true,"href":"https:\/\/karwork.eu\/it\/wp-json\/wp\/v2\/media\/15302"}],"wp:attachment":[{"href":"https:\/\/karwork.eu\/it\/wp-json\/wp\/v2\/media?parent=15314"}],"wp:term":[{"taxonomy":"pwb-brand","embeddable":true,"href":"https:\/\/karwork.eu\/it\/wp-json\/wp\/v2\/pwb-brand?post=15314"},{"taxonomy":"product_cat","embeddable":true,"href":"https:\/\/karwork.eu\/it\/wp-json\/wp\/v2\/product_cat?post=15314"},{"taxonomy":"product_tag","embeddable":true,"href":"https:\/\/karwork.eu\/it\/wp-json\/wp\/v2\/product_tag?post=15314"}],"curies":[{"name":"wp","href":"https:\/\/api.w.org\/{rel}","templated":true}]}}