{"id":15091,"date":"2022-07-09T11:50:03","date_gmt":"2022-07-09T11:50:03","guid":{"rendered":"https:\/\/karwork.eu\/?post_type=product&#038;p=15091"},"modified":"2023-08-25T15:08:18","modified_gmt":"2023-08-25T15:08:18","slug":"arnes-cinturon-de-seguridad-cierre-eslabon-sfi","status":"publish","type":"product","link":"https:\/\/karwork.eu\/it\/product\/arnes-cinturon-de-seguridad-cierre-eslabon-sfi\/","title":{"rendered":"Chiusura con collegamento SFI dell&#039;imbracatura della cintura di sicurezza"},"content":{"rendered":"","protected":false},"excerpt":{"rendered":"<p>Arneses de carreras Cam-lock aprobados por SFI 16.1. Con correas de 3&#8243; de ancho unidas al eslab\u00f3n de cierre, con una subcorrea de 2&#8243; incluida. L\u00edmite de 2 a\u00f1os en la certificaci\u00f3n SFI. Cintur\u00f3n NRG con logo degradado y almohadilla acolchada.<\/p>\n<p>&nbsp;<\/p>\n<p><strong>I prodotti NRG Innovations sono progettati esclusivamente per l&#039;uso fuoristrada.<\/strong><\/p>","protected":false},"featured_media":15095,"comment_status":"open","ping_status":"closed","template":"","meta":{"_acf_changed":false,"rank_math_lock_modified_date":false},"pwb-brand":[611],"product_cat":[2229],"product_tag":[2311,638,2217,623,2313],"class_list":{"0":"post-15091","1":"product","2":"type-product","3":"status-publish","4":"has-post-thumbnail","6":"pwb-brand-nrg-innovations","7":"product_cat-5-puntos","8":"product_tag-5-puntos","9":"product_tag-arneses","10":"product_tag-camuflaje","11":"product_tag-nrg-innovations","12":"product_tag-sfi","14":"first","15":"instock","16":"taxable","17":"shipping-taxable","18":"purchasable","19":"product-type-simple"},"acf":[],"brands":[{"id":611,"name":"NRG Innovations","slug":"nrg-innovations"}],"_links":{"self":[{"href":"https:\/\/karwork.eu\/it\/wp-json\/wp\/v2\/product\/15091","targetHints":{"allow":["GET"]}}],"collection":[{"href":"https:\/\/karwork.eu\/it\/wp-json\/wp\/v2\/product"}],"about":[{"href":"https:\/\/karwork.eu\/it\/wp-json\/wp\/v2\/types\/product"}],"replies":[{"embeddable":true,"href":"https:\/\/karwork.eu\/it\/wp-json\/wp\/v2\/comments?post=15091"}],"wp:featuredmedia":[{"embeddable":true,"href":"https:\/\/karwork.eu\/it\/wp-json\/wp\/v2\/media\/15095"}],"wp:attachment":[{"href":"https:\/\/karwork.eu\/it\/wp-json\/wp\/v2\/media?parent=15091"}],"wp:term":[{"taxonomy":"pwb-brand","embeddable":true,"href":"https:\/\/karwork.eu\/it\/wp-json\/wp\/v2\/pwb-brand?post=15091"},{"taxonomy":"product_cat","embeddable":true,"href":"https:\/\/karwork.eu\/it\/wp-json\/wp\/v2\/product_cat?post=15091"},{"taxonomy":"product_tag","embeddable":true,"href":"https:\/\/karwork.eu\/it\/wp-json\/wp\/v2\/product_tag?post=15091"}],"curies":[{"name":"wp","href":"https:\/\/api.w.org\/{rel}","templated":true}]}}