{"id":15061,"date":"2022-07-09T11:23:07","date_gmt":"2022-07-09T11:23:07","guid":{"rendered":"https:\/\/karwork.eu\/?post_type=product&#038;p=15061"},"modified":"2023-08-25T15:19:59","modified_gmt":"2023-08-25T15:19:59","slug":"arnes-cinturon-de-seguridad-bloqueo-leva-sfi-4","status":"publish","type":"product","link":"https:\/\/karwork.eu\/it\/product\/arnes-cinturon-de-seguridad-bloqueo-leva-sfi-4\/","title":{"rendered":"Imbracatura della cintura di sicurezza con chiusura a camma SFI"},"content":{"rendered":"","protected":false},"excerpt":{"rendered":"<p>arneses de carreras Cam-lock aprobados por SFI 16.1. Con correas de 3&#8243; de ancho unidas al \u00abHeavy Duty Cam-Lock\u00bb, con una subcorrea de 2&#8243; incluida. L\u00edmite de 2 a\u00f1os en la certificaci\u00f3n SFI. Cintur\u00f3n NRG con logo degradado y almohadilla acolchada.<\/p>\n<p>&nbsp;<\/p>\n<p><strong>I prodotti NRG Innovations sono progettati esclusivamente per l&#039;uso fuoristrada.<\/strong><\/p>","protected":false},"featured_media":15065,"comment_status":"open","ping_status":"closed","template":"","meta":{"_acf_changed":false,"rank_math_lock_modified_date":false},"pwb-brand":[611],"product_cat":[2229],"product_tag":[2311,638,623,1071],"class_list":{"0":"post-15061","1":"product","2":"type-product","3":"status-publish","4":"has-post-thumbnail","6":"pwb-brand-nrg-innovations","7":"product_cat-5-puntos","8":"product_tag-5-puntos","9":"product_tag-arneses","10":"product_tag-nrg-innovations","11":"product_tag-verde","13":"first","14":"instock","15":"taxable","16":"shipping-taxable","17":"purchasable","18":"product-type-simple"},"acf":[],"brands":[{"id":611,"name":"NRG Innovations","slug":"nrg-innovations"}],"_links":{"self":[{"href":"https:\/\/karwork.eu\/it\/wp-json\/wp\/v2\/product\/15061","targetHints":{"allow":["GET"]}}],"collection":[{"href":"https:\/\/karwork.eu\/it\/wp-json\/wp\/v2\/product"}],"about":[{"href":"https:\/\/karwork.eu\/it\/wp-json\/wp\/v2\/types\/product"}],"replies":[{"embeddable":true,"href":"https:\/\/karwork.eu\/it\/wp-json\/wp\/v2\/comments?post=15061"}],"wp:featuredmedia":[{"embeddable":true,"href":"https:\/\/karwork.eu\/it\/wp-json\/wp\/v2\/media\/15065"}],"wp:attachment":[{"href":"https:\/\/karwork.eu\/it\/wp-json\/wp\/v2\/media?parent=15061"}],"wp:term":[{"taxonomy":"pwb-brand","embeddable":true,"href":"https:\/\/karwork.eu\/it\/wp-json\/wp\/v2\/pwb-brand?post=15061"},{"taxonomy":"product_cat","embeddable":true,"href":"https:\/\/karwork.eu\/it\/wp-json\/wp\/v2\/product_cat?post=15061"},{"taxonomy":"product_tag","embeddable":true,"href":"https:\/\/karwork.eu\/it\/wp-json\/wp\/v2\/product_tag?post=15061"}],"curies":[{"name":"wp","href":"https:\/\/api.w.org\/{rel}","templated":true}]}}