{"id":14827,"date":"2022-06-29T08:46:46","date_gmt":"2022-06-29T08:46:46","guid":{"rendered":"https:\/\/karwork.eu\/?post_type=product&#038;p=14827"},"modified":"2024-03-01T17:44:19","modified_gmt":"2024-03-01T17:44:19","slug":"volante-35cm-plano-alcantara-3","status":"publish","type":"product","link":"https:\/\/karwork.eu\/it\/product\/volante-35cm-plano-alcantara-3\/","title":{"rendered":"Volante 35cm plano alc\u00e1ntara &#8211; RST-037MB-BUA"},"content":{"rendered":"","protected":false},"excerpt":{"rendered":"<p>\u00a1Caracter\u00edstico volante robusto y ligero de carreras, pero en plano! Ahora puedes tener ese bonito aspecto de 35cm, sin la loca profundidad de 50-75 mm necesaria para la mayor\u00eda de las construcciones de autos de carreras. Con un dise\u00f1o de radios s\u00f3lidos sobre los t\u00edpicos acabados circulares para mayor resistencia del material, con radios de doble remache para una mayor resistencia, envuelto en Alc\u00e1ntara.<\/p>\n<p>&nbsp;<\/p>\n<p><strong>I prodotti NRG Innovations sono progettati esclusivamente per l&#039;uso fuoristrada.<\/strong><\/p>","protected":false},"featured_media":14830,"comment_status":"open","ping_status":"closed","template":"","meta":{"_acf_changed":false,"rank_math_lock_modified_date":false},"pwb-brand":[611],"product_cat":[1580],"product_tag":[1034,623,622],"class_list":{"0":"post-14827","1":"product","2":"type-product","3":"status-publish","4":"has-post-thumbnail","6":"pwb-brand-nrg-innovations","7":"product_cat-alcantara","8":"product_tag-alcantara","9":"product_tag-nrg-innovations","10":"product_tag-volante","12":"first","13":"instock","14":"taxable","15":"shipping-taxable","16":"purchasable","17":"product-type-simple"},"acf":[],"brands":[{"id":611,"name":"NRG Innovations","slug":"nrg-innovations"}],"_links":{"self":[{"href":"https:\/\/karwork.eu\/it\/wp-json\/wp\/v2\/product\/14827","targetHints":{"allow":["GET"]}}],"collection":[{"href":"https:\/\/karwork.eu\/it\/wp-json\/wp\/v2\/product"}],"about":[{"href":"https:\/\/karwork.eu\/it\/wp-json\/wp\/v2\/types\/product"}],"replies":[{"embeddable":true,"href":"https:\/\/karwork.eu\/it\/wp-json\/wp\/v2\/comments?post=14827"}],"wp:featuredmedia":[{"embeddable":true,"href":"https:\/\/karwork.eu\/it\/wp-json\/wp\/v2\/media\/14830"}],"wp:attachment":[{"href":"https:\/\/karwork.eu\/it\/wp-json\/wp\/v2\/media?parent=14827"}],"wp:term":[{"taxonomy":"pwb-brand","embeddable":true,"href":"https:\/\/karwork.eu\/it\/wp-json\/wp\/v2\/pwb-brand?post=14827"},{"taxonomy":"product_cat","embeddable":true,"href":"https:\/\/karwork.eu\/it\/wp-json\/wp\/v2\/product_cat?post=14827"},{"taxonomy":"product_tag","embeddable":true,"href":"https:\/\/karwork.eu\/it\/wp-json\/wp\/v2\/product_tag?post=14827"}],"curies":[{"name":"wp","href":"https:\/\/api.w.org\/{rel}","templated":true}]}}