{"id":14795,"date":"2022-06-28T16:21:01","date_gmt":"2022-06-28T16:21:01","guid":{"rendered":"https:\/\/karwork.eu\/?post_type=product&#038;p=14795"},"modified":"2024-03-01T17:46:41","modified_gmt":"2024-03-01T17:46:41","slug":"volante-32cm-inspiracion-carreras","status":"publish","type":"product","link":"https:\/\/karwork.eu\/it\/product\/volante-32cm-inspiracion-carreras\/","title":{"rendered":"Volante 32cm inspiraci\u00f3n Carreras &#8211; RST-012SA"},"content":{"rendered":"","protected":false},"excerpt":{"rendered":"<p>Uno de nuestros estilos m\u00e1s notables e ic\u00f3nicos, inspirado en el cl\u00e1sico volante Type R de Honda. 32cm de di\u00e1metro y 2,5cm de profundidad para el mejor ajuste posible en su coche de carreras.<\/p>\n<p>&nbsp;<\/p>\n<p><strong>I prodotti NRG Innovations sono progettati esclusivamente per l&#039;uso fuoristrada.<\/strong><\/p>","protected":false},"featured_media":14796,"comment_status":"open","ping_status":"closed","template":"","meta":{"_acf_changed":false,"rank_math_lock_modified_date":false},"pwb-brand":[611],"product_cat":[1580],"product_tag":[1034,623,622],"class_list":{"0":"post-14795","1":"product","2":"type-product","3":"status-publish","4":"has-post-thumbnail","6":"pwb-brand-nrg-innovations","7":"product_cat-alcantara","8":"product_tag-alcantara","9":"product_tag-nrg-innovations","10":"product_tag-volante","12":"first","13":"instock","14":"taxable","15":"shipping-taxable","16":"purchasable","17":"product-type-simple"},"acf":[],"brands":[{"id":611,"name":"NRG Innovations","slug":"nrg-innovations"}],"_links":{"self":[{"href":"https:\/\/karwork.eu\/it\/wp-json\/wp\/v2\/product\/14795","targetHints":{"allow":["GET"]}}],"collection":[{"href":"https:\/\/karwork.eu\/it\/wp-json\/wp\/v2\/product"}],"about":[{"href":"https:\/\/karwork.eu\/it\/wp-json\/wp\/v2\/types\/product"}],"replies":[{"embeddable":true,"href":"https:\/\/karwork.eu\/it\/wp-json\/wp\/v2\/comments?post=14795"}],"wp:featuredmedia":[{"embeddable":true,"href":"https:\/\/karwork.eu\/it\/wp-json\/wp\/v2\/media\/14796"}],"wp:attachment":[{"href":"https:\/\/karwork.eu\/it\/wp-json\/wp\/v2\/media?parent=14795"}],"wp:term":[{"taxonomy":"pwb-brand","embeddable":true,"href":"https:\/\/karwork.eu\/it\/wp-json\/wp\/v2\/pwb-brand?post=14795"},{"taxonomy":"product_cat","embeddable":true,"href":"https:\/\/karwork.eu\/it\/wp-json\/wp\/v2\/product_cat?post=14795"},{"taxonomy":"product_tag","embeddable":true,"href":"https:\/\/karwork.eu\/it\/wp-json\/wp\/v2\/product_tag?post=14795"}],"curies":[{"name":"wp","href":"https:\/\/api.w.org\/{rel}","templated":true}]}}