{"id":14542,"date":"2022-06-19T17:20:27","date_gmt":"2022-06-19T17:20:27","guid":{"rendered":"https:\/\/karwork.eu\/?post_type=product&#038;p=14542"},"modified":"2024-03-01T18:17:44","modified_gmt":"2024-03-01T18:17:44","slug":"volante-clasico-de-38cm-cuero-perforado-2","status":"publish","type":"product","link":"https:\/\/karwork.eu\/it\/product\/volante-clasico-de-38cm-cuero-perforado-2\/","title":{"rendered":"Volante cl\u00e1sico de 38cm cuero perforado &#8211; RST-380STL-R"},"content":{"rendered":"","protected":false},"excerpt":{"rendered":"<p>Con una impresionante longitud de 38cm, esta rueda se dise\u00f1\u00f3 para ser un reemplazo directo de muchos de los veh\u00edculos m\u00e1s antiguos que no presentan direcci\u00f3n asistida. Es grande, resistente y est\u00e1 listo para la carretera. Con radios de aluminio brillante con ranuras, costuras negras.<\/p>\n<p>&nbsp;<\/p>\n<p><strong>I prodotti NRG Innovations sono progettati esclusivamente per l&#039;uso fuoristrada.<\/strong><\/p>","protected":false},"featured_media":14546,"comment_status":"open","ping_status":"closed","template":"","meta":{"_acf_changed":false,"rank_math_lock_modified_date":false},"pwb-brand":[611],"product_cat":[1578],"product_tag":[1038,623,622],"class_list":{"0":"post-14542","1":"product","2":"type-product","3":"status-publish","4":"has-post-thumbnail","6":"pwb-brand-nrg-innovations","7":"product_cat-cuero","8":"product_tag-cuero","9":"product_tag-nrg-innovations","10":"product_tag-volante","12":"first","13":"instock","14":"taxable","15":"shipping-taxable","16":"purchasable","17":"product-type-simple"},"acf":[],"brands":[{"id":611,"name":"NRG Innovations","slug":"nrg-innovations"}],"_links":{"self":[{"href":"https:\/\/karwork.eu\/it\/wp-json\/wp\/v2\/product\/14542","targetHints":{"allow":["GET"]}}],"collection":[{"href":"https:\/\/karwork.eu\/it\/wp-json\/wp\/v2\/product"}],"about":[{"href":"https:\/\/karwork.eu\/it\/wp-json\/wp\/v2\/types\/product"}],"replies":[{"embeddable":true,"href":"https:\/\/karwork.eu\/it\/wp-json\/wp\/v2\/comments?post=14542"}],"wp:featuredmedia":[{"embeddable":true,"href":"https:\/\/karwork.eu\/it\/wp-json\/wp\/v2\/media\/14546"}],"wp:attachment":[{"href":"https:\/\/karwork.eu\/it\/wp-json\/wp\/v2\/media?parent=14542"}],"wp:term":[{"taxonomy":"pwb-brand","embeddable":true,"href":"https:\/\/karwork.eu\/it\/wp-json\/wp\/v2\/pwb-brand?post=14542"},{"taxonomy":"product_cat","embeddable":true,"href":"https:\/\/karwork.eu\/it\/wp-json\/wp\/v2\/product_cat?post=14542"},{"taxonomy":"product_tag","embeddable":true,"href":"https:\/\/karwork.eu\/it\/wp-json\/wp\/v2\/product_tag?post=14542"}],"curies":[{"name":"wp","href":"https:\/\/api.w.org\/{rel}","templated":true}]}}