{"id":14424,"date":"2022-06-19T12:30:16","date_gmt":"2022-06-19T12:30:16","guid":{"rendered":"https:\/\/karwork.eu\/?post_type=product&#038;p=14424"},"modified":"2024-03-01T18:34:08","modified_gmt":"2024-03-01T18:34:08","slug":"volante-de-fibra-de-carbono-combinado","status":"publish","type":"product","link":"https:\/\/karwork.eu\/it\/product\/volante-de-fibra-de-carbono-combinado\/","title":{"rendered":"Volante de fibra de carbono combinado &#8211; RST-001CFL"},"content":{"rendered":"","protected":false},"excerpt":{"rendered":"<p>El volante reforzado RST-001CFL es la opci\u00f3n perfecta para ese toque diferente al interior de tu veh\u00edculo. Hecho de cuero de alta calidad y materiales duraderos.\u00a0El dise\u00f1o de tres radios est\u00e1 acentuado con a\u00f1adidos de fibra de carbono para combinar con el estilo. De peso ligero y radios con doble remache para mayor resistencia.<\/p>\n<p>&nbsp;<\/p>\n<p><strong>I prodotti NRG Innovations sono progettati esclusivamente per l&#039;uso fuoristrada.<\/strong><\/p>","protected":false},"featured_media":14425,"comment_status":"open","ping_status":"closed","template":"","meta":{"_acf_changed":false,"rank_math_lock_modified_date":false},"pwb-brand":[611],"product_cat":[1570],"product_tag":[1585,1584,1583,623,3227,622],"class_list":{"0":"post-14424","1":"product","2":"type-product","3":"status-publish","4":"has-post-thumbnail","6":"pwb-brand-nrg-innovations","7":"product_cat-fibra-de-carbono","8":"product_tag-carbono","9":"product_tag-fibra-carbono","10":"product_tag-fibra-de-carbono","11":"product_tag-nrg-innovations","12":"product_tag-rst-001cfl","13":"product_tag-volante","15":"first","16":"instock","17":"taxable","18":"shipping-taxable","19":"purchasable","20":"product-type-simple"},"acf":[],"brands":[{"id":611,"name":"NRG Innovations","slug":"nrg-innovations"}],"_links":{"self":[{"href":"https:\/\/karwork.eu\/it\/wp-json\/wp\/v2\/product\/14424","targetHints":{"allow":["GET"]}}],"collection":[{"href":"https:\/\/karwork.eu\/it\/wp-json\/wp\/v2\/product"}],"about":[{"href":"https:\/\/karwork.eu\/it\/wp-json\/wp\/v2\/types\/product"}],"replies":[{"embeddable":true,"href":"https:\/\/karwork.eu\/it\/wp-json\/wp\/v2\/comments?post=14424"}],"wp:featuredmedia":[{"embeddable":true,"href":"https:\/\/karwork.eu\/it\/wp-json\/wp\/v2\/media\/14425"}],"wp:attachment":[{"href":"https:\/\/karwork.eu\/it\/wp-json\/wp\/v2\/media?parent=14424"}],"wp:term":[{"taxonomy":"pwb-brand","embeddable":true,"href":"https:\/\/karwork.eu\/it\/wp-json\/wp\/v2\/pwb-brand?post=14424"},{"taxonomy":"product_cat","embeddable":true,"href":"https:\/\/karwork.eu\/it\/wp-json\/wp\/v2\/product_cat?post=14424"},{"taxonomy":"product_tag","embeddable":true,"href":"https:\/\/karwork.eu\/it\/wp-json\/wp\/v2\/product_tag?post=14424"}],"curies":[{"name":"wp","href":"https:\/\/api.w.org\/{rel}","templated":true}]}}