{"id":14399,"date":"2022-06-19T11:59:31","date_gmt":"2022-06-19T11:59:31","guid":{"rendered":"https:\/\/karwork.eu\/?post_type=product&#038;p=14399"},"modified":"2024-03-01T18:36:51","modified_gmt":"2024-03-01T18:36:51","slug":"volante-32cm-fibra-de-carbono-5","status":"publish","type":"product","link":"https:\/\/karwork.eu\/it\/product\/volante-32cm-fibra-de-carbono-5\/","title":{"rendered":"Volante 32cm fibra de carbono &#8211; ST-024CF\/SL"},"content":{"rendered":"","protected":false},"excerpt":{"rendered":"<p>Volante con central de fibra de carbono de fondo plano de 32cm, la serie 024 ofrece la m\u00e1xima maniobrabilidad y espacio libre en comparaci\u00f3n con volantes de un di\u00e1metro similar. Cuando se combina con nuestro Quick Release, este volante se convierte en una de las configuraciones m\u00e1s \u00e1giles y funcionales disponibles. Se puede eliminar la bocina con el logotipo de NRG (se incluir\u00e1 el bot\u00f3n de la bocina).\t\t\t\t\t\t\t\t\t\t\t\t\t\t\t\t<\/p>\n<p>&amp;nbsp\t\t\t\t\t\t\t\t\t\t\t\t\t\t\t\t<\/p>\n<p><strong>I prodotti NRG Innovations sono progettati esclusivamente per l&#039;uso fuoristrada.<\/strong><\/p>","protected":false},"featured_media":14401,"comment_status":"open","ping_status":"closed","template":"","meta":{"_acf_changed":false,"rank_math_lock_modified_date":false},"pwb-brand":[611],"product_cat":[1570],"product_tag":[1585,1584,1583,623,3233,622],"class_list":{"0":"post-14399","1":"product","2":"type-product","3":"status-publish","4":"has-post-thumbnail","6":"pwb-brand-nrg-innovations","7":"product_cat-fibra-de-carbono","8":"product_tag-carbono","9":"product_tag-fibra-carbono","10":"product_tag-fibra-de-carbono","11":"product_tag-nrg-innovations","12":"product_tag-st-024cf-sl","13":"product_tag-volante","15":"first","16":"instock","17":"taxable","18":"shipping-taxable","19":"purchasable","20":"product-type-simple"},"acf":[],"brands":[{"id":611,"name":"NRG Innovations","slug":"nrg-innovations"}],"_links":{"self":[{"href":"https:\/\/karwork.eu\/it\/wp-json\/wp\/v2\/product\/14399","targetHints":{"allow":["GET"]}}],"collection":[{"href":"https:\/\/karwork.eu\/it\/wp-json\/wp\/v2\/product"}],"about":[{"href":"https:\/\/karwork.eu\/it\/wp-json\/wp\/v2\/types\/product"}],"replies":[{"embeddable":true,"href":"https:\/\/karwork.eu\/it\/wp-json\/wp\/v2\/comments?post=14399"}],"wp:featuredmedia":[{"embeddable":true,"href":"https:\/\/karwork.eu\/it\/wp-json\/wp\/v2\/media\/14401"}],"wp:attachment":[{"href":"https:\/\/karwork.eu\/it\/wp-json\/wp\/v2\/media?parent=14399"}],"wp:term":[{"taxonomy":"pwb-brand","embeddable":true,"href":"https:\/\/karwork.eu\/it\/wp-json\/wp\/v2\/pwb-brand?post=14399"},{"taxonomy":"product_cat","embeddable":true,"href":"https:\/\/karwork.eu\/it\/wp-json\/wp\/v2\/product_cat?post=14399"},{"taxonomy":"product_tag","embeddable":true,"href":"https:\/\/karwork.eu\/it\/wp-json\/wp\/v2\/product_tag?post=14399"}],"curies":[{"name":"wp","href":"https:\/\/api.w.org\/{rel}","templated":true}]}}