{"id":14173,"date":"2022-06-18T12:11:31","date_gmt":"2022-06-18T12:11:31","guid":{"rendered":"https:\/\/karwork.eu\/?post_type=product&#038;p=14173"},"modified":"2023-08-12T15:27:53","modified_gmt":"2023-08-12T15:27:53","slug":"volante-31cm-de-fibra-de-madera-3","status":"publish","type":"product","link":"https:\/\/karwork.eu\/it\/product\/volante-31cm-de-fibra-de-madera-3\/","title":{"rendered":"Volante 31 cm in fibra di legno"},"content":{"rendered":"","protected":false},"excerpt":{"rendered":"<p>Volante cl\u00e1sico de fibra de madera de 31cm, de profundidad de 1.5&#8243;. Revitalice su cl\u00e1sico con algunos sutiles toques modernos, el volante de la serie 310 seguramente agregar\u00e1 un\u00a0 toque de originalidad a su proyecto de restauraci\u00f3n. Caracter\u00edstica en muchos colores de radios, pintura brillante y acabado de madera cl\u00e1sico.\t\t\t\t\t\t\t\t\t\t\t\t\t\t\t\t<\/p>\n<p>&amp;nbsp\t\t\t\t\t\t\t\t\t\t\t\t\t\t\t\t<\/p>\n<p><strong>I prodotti NRG Innovations sono progettati esclusivamente per l&#039;uso fuoristrada.<\/strong><\/p>","protected":false},"featured_media":14174,"comment_status":"open","ping_status":"closed","template":"","meta":{"_acf_changed":false,"rank_math_lock_modified_date":false},"pwb-brand":[611],"product_cat":[1574],"product_tag":[1587,623,622],"class_list":{"0":"post-14173","1":"product","2":"type-product","3":"status-publish","4":"has-post-thumbnail","6":"pwb-brand-nrg-innovations","7":"product_cat-fibras-de-madera","8":"product_tag-fibras-de-madera","9":"product_tag-nrg-innovations","10":"product_tag-volante","12":"first","13":"instock","14":"taxable","15":"shipping-taxable","16":"purchasable","17":"product-type-simple"},"acf":[],"brands":[{"id":611,"name":"NRG Innovations","slug":"nrg-innovations"}],"_links":{"self":[{"href":"https:\/\/karwork.eu\/it\/wp-json\/wp\/v2\/product\/14173","targetHints":{"allow":["GET"]}}],"collection":[{"href":"https:\/\/karwork.eu\/it\/wp-json\/wp\/v2\/product"}],"about":[{"href":"https:\/\/karwork.eu\/it\/wp-json\/wp\/v2\/types\/product"}],"replies":[{"embeddable":true,"href":"https:\/\/karwork.eu\/it\/wp-json\/wp\/v2\/comments?post=14173"}],"wp:featuredmedia":[{"embeddable":true,"href":"https:\/\/karwork.eu\/it\/wp-json\/wp\/v2\/media\/14174"}],"wp:attachment":[{"href":"https:\/\/karwork.eu\/it\/wp-json\/wp\/v2\/media?parent=14173"}],"wp:term":[{"taxonomy":"pwb-brand","embeddable":true,"href":"https:\/\/karwork.eu\/it\/wp-json\/wp\/v2\/pwb-brand?post=14173"},{"taxonomy":"product_cat","embeddable":true,"href":"https:\/\/karwork.eu\/it\/wp-json\/wp\/v2\/product_cat?post=14173"},{"taxonomy":"product_tag","embeddable":true,"href":"https:\/\/karwork.eu\/it\/wp-json\/wp\/v2\/product_tag?post=14173"}],"curies":[{"name":"wp","href":"https:\/\/api.w.org\/{rel}","templated":true}]}}