{"id":13871,"date":"2022-05-16T16:27:03","date_gmt":"2022-05-16T16:27:03","guid":{"rendered":"https:\/\/karwork.eu\/?post_type=product&#038;p=13871"},"modified":"2022-05-16T16:33:15","modified_gmt":"2022-05-16T16:33:15","slug":"placa-sandwich-con-3-puertos-para-sensores-npt-de-1-8","status":"publish","type":"product","link":"https:\/\/karwork.eu\/it\/product\/placa-sandwich-con-3-puertos-para-sensores-npt-de-1-8\/","title":{"rendered":"Piastra sandwich con 3 porte per sensori NPT da 1\/8\u2033"},"content":{"rendered":"<p>Esta placa s\u00e1ndwich, que viene con 3 puertos para sensores NPT de 1\/8&#8243;, es lo \u00faltimo en t\u00e9rminos de conectividad de calibre. Suministrada con 4 adaptadores de bloque: 3\/4&#8243; -16UNF, M18, M20 y M22, garantiza compatibilidad con el 99% de Motores del mercado como Nissan, Toyota, Honda, Mazda, etc.<\/p>\n<p>Los accesorios del sensor NPT de 1\/8&#8243; son compatibles con la mayor\u00eda de los fabricantes de medidores del mercado, como Defi, Stack, VDO, Prosport, etc. Se incluyen tapones ciegos para cuando un puerto no est\u00e1 en uso. El montaje es f\u00e1cil, sin modificaciones. Sin embargo, aseg\u00farese de tener aproximadamente 27mm de espacio adicional para el filtro de aceite, ya que la placa mover\u00e1 el filtro directamente hacia arriba.<\/p>\n<p>Al colocar la placa, lubrique las juntas t\u00f3ricas con un poco de aceite de motor para evitar da\u00f1os.<\/p>","protected":false},"excerpt":{"rendered":"<p><strong>Placa s\u00e1ndwich de aluminio anodizado. Suministrado con adaptadores en 3\/4&#8243;-16 UNF, M18, M20 y M22 para la m\u00e1s amplia compatibilidad con 3 puertos para sensores NPT de 1\/8&#8243;, permitiendo la conexi\u00f3n simult\u00e1nea de 3 man\u00f3metros.\u00a0<\/strong><\/p>\n<p>Con un di\u00e1metro total de79 mm y espesor de 27,5 mm. Montaje directo sin necesidad de modificaci\u00f3n. Adecuado para filtros con un di\u00e1metro m\u00e1ximo de 75 mm en color azul<\/p>","protected":false},"featured_media":13873,"comment_status":"open","ping_status":"closed","template":"","meta":{"_acf_changed":false,"rank_math_lock_modified_date":false},"pwb-brand":[603],"product_cat":[116],"product_tag":[],"class_list":{"0":"post-13871","1":"product","2":"type-product","3":"status-publish","4":"has-post-thumbnail","6":"pwb-brand-cooling-solutions","7":"product_cat-medidores","9":"first","10":"instock","11":"taxable","12":"shipping-taxable","13":"purchasable","14":"product-type-simple"},"acf":[],"brands":[{"id":603,"name":"Cooling Solutions","slug":"cooling-solutions"}],"_links":{"self":[{"href":"https:\/\/karwork.eu\/it\/wp-json\/wp\/v2\/product\/13871","targetHints":{"allow":["GET"]}}],"collection":[{"href":"https:\/\/karwork.eu\/it\/wp-json\/wp\/v2\/product"}],"about":[{"href":"https:\/\/karwork.eu\/it\/wp-json\/wp\/v2\/types\/product"}],"replies":[{"embeddable":true,"href":"https:\/\/karwork.eu\/it\/wp-json\/wp\/v2\/comments?post=13871"}],"wp:featuredmedia":[{"embeddable":true,"href":"https:\/\/karwork.eu\/it\/wp-json\/wp\/v2\/media\/13873"}],"wp:attachment":[{"href":"https:\/\/karwork.eu\/it\/wp-json\/wp\/v2\/media?parent=13871"}],"wp:term":[{"taxonomy":"pwb-brand","embeddable":true,"href":"https:\/\/karwork.eu\/it\/wp-json\/wp\/v2\/pwb-brand?post=13871"},{"taxonomy":"product_cat","embeddable":true,"href":"https:\/\/karwork.eu\/it\/wp-json\/wp\/v2\/product_cat?post=13871"},{"taxonomy":"product_tag","embeddable":true,"href":"https:\/\/karwork.eu\/it\/wp-json\/wp\/v2\/product_tag?post=13871"}],"curies":[{"name":"wp","href":"https:\/\/api.w.org\/{rel}","templated":true}]}}