{"id":47,"date":"2020-11-30T02:00:16","date_gmt":"2020-11-30T02:00:16","guid":{"rendered":"https:\/\/demoapus2.com\/uomo-import\/?page_id=47"},"modified":"2022-03-26T15:23:06","modified_gmt":"2022-03-26T15:23:06","slug":"terminos-y-condiciones","status":"publish","type":"page","link":"https:\/\/karwork.eu\/it\/terminos-y-condiciones\/","title":{"rendered":"Termini e Condizioni"},"content":{"rendered":"<div data-elementor-type=\"wp-page\" data-elementor-id=\"47\" class=\"elementor elementor-47\">\n\t\t\t\t\t\t<section class=\"elementor-section elementor-top-section elementor-element elementor-element-00f4d5e elementor-section-stretched elementor-section-boxed elementor-section-height-default elementor-section-height-default exad-glass-effect-no wpr-particle-no wpr-jarallax-no wpr-parallax-no wpr-sticky-section-no exad-sticky-section-no\" data-id=\"00f4d5e\" data-element_type=\"section\" data-settings=\"{&quot;stretch_section&quot;:&quot;section-stretched&quot;}\">\n\t\t\t\t\t\t<div class=\"elementor-container elementor-column-gap-extended\">\n\t\t\t\t\t<div class=\"elementor-column elementor-col-100 elementor-top-column elementor-element elementor-element-e87471a exad-glass-effect-no exad-sticky-section-no\" data-id=\"e87471a\" data-element_type=\"column\">\n\t\t\t<div class=\"elementor-widget-wrap elementor-element-populated\">\n\t\t\t\t\t\t<div class=\"elementor-element elementor-element-e34d5f8 exad-sticky-section-no exad-glass-effect-no elementor-widget elementor-widget-heading\" data-id=\"e34d5f8\" data-element_type=\"widget\" data-widget_type=\"heading.default\">\n\t\t\t\t<div class=\"elementor-widget-container\">\n\t\t\t<h2 class=\"elementor-heading-title elementor-size-default\">TERMINI E CONDIZIONI<\/h2>\t\t<\/div>\n\t\t\t\t<\/div>\n\t\t\t\t\t<\/div>\n\t\t<\/div>\n\t\t\t\t\t<\/div>\n\t\t<\/section>\n\t\t\t\t<section class=\"elementor-section elementor-top-section elementor-element elementor-element-a863567 elementor-section-stretched elementor-section-boxed elementor-section-height-default elementor-section-height-default exad-glass-effect-no wpr-particle-no wpr-jarallax-no wpr-parallax-no wpr-sticky-section-no exad-sticky-section-no\" data-id=\"a863567\" data-element_type=\"section\" data-settings=\"{&quot;stretch_section&quot;:&quot;section-stretched&quot;}\">\n\t\t\t\t\t\t<div class=\"elementor-container elementor-column-gap-extended\">\n\t\t\t\t\t<div class=\"elementor-column elementor-col-100 elementor-top-column elementor-element elementor-element-bbbe1a9 exad-glass-effect-no exad-sticky-section-no\" data-id=\"bbbe1a9\" data-element_type=\"column\">\n\t\t\t<div class=\"elementor-widget-wrap elementor-element-populated\">\n\t\t\t\t\t\t<div class=\"elementor-element elementor-element-61e68b4 exad-sticky-section-no exad-glass-effect-no elementor-widget elementor-widget-heading\" data-id=\"61e68b4\" data-element_type=\"widget\" data-widget_type=\"heading.default\">\n\t\t\t\t<div class=\"elementor-widget-container\">\n\t\t\t<h2 class=\"elementor-heading-title elementor-size-default\">Normative applicabili<\/h2>\t\t<\/div>\n\t\t\t\t<\/div>\n\t\t\t\t<div class=\"elementor-element elementor-element-1d3245e exad-sticky-section-no exad-glass-effect-no elementor-widget elementor-widget-text-editor\" data-id=\"1d3245e\" data-element_type=\"widget\" data-widget_type=\"text-editor.default\">\n\t\t\t\t<div class=\"elementor-widget-container\">\n\t\t\t\t\t\t\t<p style=\"margin-bottom: 0.8rem; color: #777777; font-family: Karla, sans-serif; font-size: 16px;\">Il presente contratto elettronico \u00e8 concluso secondo la normativa spagnola e in particolare secondo il regime giuridico imposto dal Regio Decreto Legislativo 1\/2007, del 16 novembre, che approva il testo unico della Legge Generale per la Difesa dei Consumatori e degli Utenti e altre leggi complementari.<\/p><p style=\"margin-bottom: 0.8rem; color: #777777; font-family: Karla, sans-serif; font-size: 16px;\">Il contratto elettronico non sar\u00e0 archiviato da terzi e la lingua per la sua conclusione \u00e8 lo spagnolo. Le presenti condizioni generali possono essere memorizzate e riprodotte in qualsiasi momento dall&#039;utente che effettui un acquisto attraverso le opzioni del proprio browser internet, e devono essere accettate prima di procedere al pagamento dell&#039;ordine.<\/p><p style=\"margin-bottom: 0.8rem; color: #777777; font-family: Karla, sans-serif; font-size: 16px;\">Per poter effettuare acquisti online in questo negozio \u00e8 possibile registrarsi creando un &#039;Account Utente&#039;, oppure effettuare un acquisto veloce senza registrazione (come utente ospite).<\/p><p style=\"margin-bottom: 0.8rem; color: #777777; font-family: Karla, sans-serif; font-size: 16px;\">Se effettui l&#039;acquisto come utente ospite, i tuoi dati personali non verranno memorizzati sul sito, n\u00e9 verr\u00e0 controllata la cronologia dei tuoi ordini. I dati personali saranno conservati esclusivamente per la gestione e la consegna dei prodotti richiesti.<\/p><p style=\"margin-bottom: 0.8rem; color: #777777; font-family: Karla, sans-serif; font-size: 16px;\">Se decidi di registrarti, riceverai una email che ti confermer\u00e0 che il processo \u00e8 stato completato con successo e un promemoria dei tuoi dati di accesso. Dal tuo account potrai effettuare acquisti, controllare lo storico degli ordini, cambiare la password, modificare i dati personali, modificare gli indirizzi di spedizione e fatturazione, inserire commenti e altre procedure relative ai tuoi acquisti.<\/p><p style=\"margin-bottom: 0.8rem; color: #777777; font-family: Karla, sans-serif; font-size: 16px;\">In ogni momento potrai accedere al tuo account privato per verificare le tue informazioni personali e i tuoi indirizzi e, se necessario, correggere eventuali errori presenti durante l&#039;inserimento dei dati o aggiornarli. Gli indirizzi di spedizione e fatturazione potrebbero inoltre essere corretti o aggiornati durante il processo di acquisto.<\/p><p style=\"margin-bottom: 0.8rem; color: #777777; font-family: Karla, sans-serif; font-size: 16px;\">Potrai cancellarti in ogni momento inviando una email, dall&#039;indirizzo a cui vuoi cancellarti, all&#039;indirizzo\u00a0<a style=\"color: #777777; transition: opacity 0.2s cubic-bezier(0.7, 0, 0.3, 1) 0s, color 0.2s cubic-bezier(0.7, 0, 0.3, 1) 0s;\" href=\"mailto:info@dpatry.es\">S\u00cc<\/a>tore@karwork.eu, che comporter\u00e0 la cancellazione dei tuoi dati personali.<\/p><p style=\"margin-bottom: 0.8rem; color: #777777; font-family: Karla, sans-serif; font-size: 16px;\">In ogni caso, la creazione e la cancellazione di un account utente saranno regolate dalle disposizioni della Privacy Policy.<\/p>\t\t\t\t\t\t<\/div>\n\t\t\t\t<\/div>\n\t\t\t\t\t<\/div>\n\t\t<\/div>\n\t\t\t\t\t<\/div>\n\t\t<\/section>\n\t\t\t\t<section class=\"elementor-section elementor-top-section elementor-element elementor-element-8491629 elementor-section-stretched elementor-section-boxed elementor-section-height-default elementor-section-height-default exad-glass-effect-no wpr-particle-no wpr-jarallax-no wpr-parallax-no wpr-sticky-section-no exad-sticky-section-no\" data-id=\"8491629\" data-element_type=\"section\" data-settings=\"{&quot;stretch_section&quot;:&quot;section-stretched&quot;}\">\n\t\t\t\t\t\t<div class=\"elementor-container elementor-column-gap-extended\">\n\t\t\t\t\t<div class=\"elementor-column elementor-col-100 elementor-top-column elementor-element elementor-element-5ed9166 exad-glass-effect-no exad-sticky-section-no\" data-id=\"5ed9166\" data-element_type=\"column\">\n\t\t\t<div class=\"elementor-widget-wrap elementor-element-populated\">\n\t\t\t\t\t\t<div class=\"elementor-element elementor-element-4d81fa9 exad-sticky-section-no exad-glass-effect-no elementor-widget elementor-widget-heading\" data-id=\"4d81fa9\" data-element_type=\"widget\" data-widget_type=\"heading.default\">\n\t\t\t\t<div class=\"elementor-widget-container\">\n\t\t\t<h2 class=\"elementor-heading-title elementor-size-default\">Processo di acquisto<\/h2>\t\t<\/div>\n\t\t\t\t<\/div>\n\t\t\t\t<div class=\"elementor-element elementor-element-1c1b91e exad-sticky-section-no exad-glass-effect-no elementor-widget elementor-widget-text-editor\" data-id=\"1c1b91e\" data-element_type=\"widget\" data-widget_type=\"text-editor.default\">\n\t\t\t\t<div class=\"elementor-widget-container\">\n\t\t\t\t\t\t\t<p style=\"margin-bottom: 0.8rem; color: #777777; font-family: Karla, sans-serif; font-size: 16px;\">Acquistare su Karwork.eu \u00e8<span style=\"font-weight: bolder;\">\u00a0molto facile e semplice<\/span>, devi solo seguire i seguenti passaggi:<\/p><ol style=\"margin-bottom: 1rem; padding: 0.6rem 0.6rem 0.6rem 2rem; color: #777777; font-family: Karla, sans-serif; font-size: 16px;\"><li>Seleziona i prodotti che desideri acquistare tra quelli offerti da Karwork. Con un clic su ciascun prodotto si accede alla sua scheda, che comprende descrizione e informazioni dettagliate, caratteristiche principali e prezzo. Se hai bisogno di maggiori informazioni non esitare a chiederci.\u00a0<em>NOTA:<\/em>\u00a0Nel caso di schede prodotto corredate di fotografie, i prodotti potrebbero subire leggere variazioni di colore o consistenza rispetto alla fotografia che appare sul sito, a causa di diversi fattori, come ad esempio la risoluzione del monitor. Faremo comunque del nostro meglio per garantire che le immagini siano il pi\u00f9 vicino possibile alla realt\u00e0.<\/li><li>Una volta selezionati i prodotti che desideri acquistare, devi premere il pulsante &quot;Aggiungi al carrello&quot; e il prodotto verr\u00e0 aggiunto al carrello. Se lo desideri puoi continuare ad aggiungere altri prodotti al carrello, oppure procedere direttamente al pagamento.<\/li><li>Una volta completata la selezione del prodotto, verr\u00e0 visualizzato un riepilogo che identifica l&#039;articolo\/i selezionato\/i. Infine, per procedere con l&#039;ordine, \u00e8 necessario premere il pulsante &quot;Elabora ordine&quot;.<\/li><li>Come abbiamo indicato nelle sezioni precedenti, al momento di completare l&#039;acquisto, hai la possibilit\u00e0 di farlo registrandoti, oppure effettuare un acquisto veloce senza registrazione (come utente ospite). Al momento della registrazione dovrai indicare i tuoi dati di contatto e il tuo indirizzo, e nei tuoi prossimi acquisti non dovrai inserire nuovamente i tuoi dati.<\/li><li>Infine, dovrai scegliere la modalit\u00e0 di pagamento del tuo ordine tra quelle offerte da Karwork.<\/li><li>Una volta completato il processo di contrattazione, ti invieremo un&#039;e-mail con i dettagli del contratto, nonch\u00e9 la prova d&#039;acquisto o la fattura. Se non ricevi questa email entro 24 ore, o se noti errori nei dati inseriti, ti preghiamo di contattarci in uno dei seguenti modi:<p>Dandone comunicazione nella sezione &#039;Contatti&#039; di questo sito<br \/>Scrivendo all&#039;indirizzo email store@karwork.eu<\/p><\/li><\/ol>\t\t\t\t\t\t<\/div>\n\t\t\t\t<\/div>\n\t\t\t\t\t<\/div>\n\t\t<\/div>\n\t\t\t\t\t<\/div>\n\t\t<\/section>\n\t\t\t\t<\/div>","protected":false},"excerpt":{"rendered":"<p>T\u00c9RMINOS Y CONDICIONES Normativa aplicable El presente contrato electr\u00f3nico se celebra bajo la normativa espa\u00f1ola y en concreto bajo el r\u00e9gimen legal impuesto por el Real Decreto Legislativo 1\/2007, de 16 de noviembre, por el que se aprueba el texto refundido de la Ley General para la Defensa de los Consumidores y Usuarios y otras leyes complementarias. El contrato electr\u00f3nico no ser\u00e1 archivado por un tercero y el idioma para su conclusi\u00f3n es el espa\u00f1ol. Las presentes condiciones generales podr\u00e1n ser almacenadas y reproducidas en cualquier momento por el usuario que realice una compra mediante las opciones de su navegador de internet, y deben ser aceptadas antes de proceder al pago del pedido. Para poder realizar compras online en esta tienda, podr\u00e1s registrarte mediante la creaci\u00f3n de una &#8216;Cuenta de Usuario&#8217;, o bien hacer una compra r\u00e1pida sin registro (como usuario invitado). Si realizas la compra como usuario invitado, los datos personales no ser\u00e1n almacenados en la web, ni se podr\u00e1 comprobar el historial de pedidos. Los datos personales se conservar\u00e1n \u00fanicamente para la gesti\u00f3n y entrega de los productos solicitados. Si decides registrarte, recibir\u00e1s un correo confirmando que el proceso se ha realizado con \u00e9xito y un recordatorio de los datos de acceso. Desde la cuenta podr\u00e1s realizar compras, comprobar el historial de pedidos, cambiar la contrase\u00f1a, modificar los datos personales, modificar las direcciones de env\u00edo y facturaci\u00f3n, realizar comentarios, y otras gestiones relacionadas con tus compras. En cualquier momento, podr\u00e1s acceder a tu cuenta privada para comprobar la informaci\u00f3n personal y direcciones y, en caso de que fuera necesario, corregir los errores que puedan haber existido en la introducci\u00f3n de los datos o actualizar los mismos. Las direcciones de env\u00edo y facturaci\u00f3n tambi\u00e9n podr\u00e1n corregirse o actualizarse a lo largo del proceso de compra. Podr\u00e1s darte de baja en cualquier momento, enviando un correo electr\u00f3nico, desde la direcci\u00f3n que se quiere dar de baja, a la direcci\u00f3n&nbsp;store@karwork.eu, lo que conllevar\u00e1 la cancelaci\u00f3n de tus datos de car\u00e1cter personal. En cualquier caso, la creaci\u00f3n y cancelaci\u00f3n de una cuenta de usuario se regir\u00e1 por lo establecido en la Pol\u00edtica de Privacidad. Proceso de Compra Comprar en Karwork.eu es&nbsp;muy f\u00e1cil y sencillo, solo tienes que seguir los siguientes pasos: Seleccionar los productos que desees adquirir de entre los ofrecidos por Karwork. Con un clic en cada producto, se accede&nbsp; su ficha, que incluye descripci\u00f3n detallada e&nbsp; informaci\u00f3n, caracter\u00edsticas principales y precio. Si necesitas m\u00e1s informaci\u00f3n, no dudes en preguntarnos.&nbsp;NOTA:&nbsp;En el caso de fichas de producto con fotograf\u00eda, los productos pueden sufrir ligeras variaciones de color o textura con respecto a la fotograf\u00eda que aparece en la web, debido a diferentes factores, como por ejemplo, la resoluci\u00f3n del monitor. No obstante, haremos lo posible para que las im\u00e1genes se ajusten lo mas posible a la realidad. Una vez seleccionado el\/los producto\/s que desees comprar, deber\u00e1s pulsar el bot\u00f3n &#8216;A\u00f1adir al carrito&#8217;, quedando incorporado el producto a tu carrito de la compra. Si lo deseas, podr\u00e1 seguir a\u00f1adiendo m\u00e1s productos al carrito, o proceder directamente al pago. Concluida la selecci\u00f3n de productos, aparecer\u00e1 un resumen identificando el\/los art\u00edculo\/s seleccionado\/s. Finalmente, para continuar con tu pedido, deber\u00e1s pulsar el bot\u00f3n &#8216;Tramitar pedido&#8217;. Como hemos indicado en apartados anteriores, al finalizar tu compra, tienes la opci\u00f3n de hacerlo registr\u00e1ndote, o hacer una compra r\u00e1pida sin registro (como usuario invitado). Al registrarte, deber\u00e1s indicar tus datos de contacto y direcci\u00f3n, y en tus pr\u00f3ximas compras no tendr\u00e1s que introducir de nuevo tus datos. Por \u00faltimo, deber\u00e1s elegir el medio de pago de tu pedido de entre los ofrecidos por Karwork. Una vez finalizado el proceso de contrataci\u00f3n, te enviaremos un correo electr\u00f3nico en el que se detallar\u00e1n los datos de la misma, as\u00ed como justificante de compra o factura. Si no recibes este correo en 24 horas, o si aprecias cualquier error en los datos introducidos, ponte en contacto con nosotros por cualquiera de los siguientes medios:Notific\u00e1ndolo en la secci\u00f3n &#8216;Contacto&#8217; de esta web Escribiendo a la direcci\u00f3n de correo store@karwork.eu<\/p>","protected":false},"author":1,"featured_media":0,"parent":0,"menu_order":0,"comment_status":"closed","ping_status":"closed","template":"","meta":{"_acf_changed":false,"rank_math_lock_modified_date":false,"footnotes":""},"class_list":["post-47","page","type-page","status-publish","hentry"],"acf":[],"_links":{"self":[{"href":"https:\/\/karwork.eu\/it\/wp-json\/wp\/v2\/pages\/47","targetHints":{"allow":["GET"]}}],"collection":[{"href":"https:\/\/karwork.eu\/it\/wp-json\/wp\/v2\/pages"}],"about":[{"href":"https:\/\/karwork.eu\/it\/wp-json\/wp\/v2\/types\/page"}],"author":[{"embeddable":true,"href":"https:\/\/karwork.eu\/it\/wp-json\/wp\/v2\/users\/1"}],"replies":[{"embeddable":true,"href":"https:\/\/karwork.eu\/it\/wp-json\/wp\/v2\/comments?post=47"}],"version-history":[{"count":12,"href":"https:\/\/karwork.eu\/it\/wp-json\/wp\/v2\/pages\/47\/revisions"}],"predecessor-version":[{"id":11496,"href":"https:\/\/karwork.eu\/it\/wp-json\/wp\/v2\/pages\/47\/revisions\/11496"}],"wp:attachment":[{"href":"https:\/\/karwork.eu\/it\/wp-json\/wp\/v2\/media?parent=47"}],"curies":[{"name":"wp","href":"https:\/\/api.w.org\/{rel}","templated":true}]}}