{"id":11497,"date":"2022-03-26T15:23:34","date_gmt":"2022-03-26T15:23:34","guid":{"rendered":"https:\/\/karwork.eu\/?page_id=11497"},"modified":"2024-02-12T22:05:58","modified_gmt":"2024-02-12T22:05:58","slug":"pago-seguro","status":"publish","type":"page","link":"https:\/\/karwork.eu\/it\/pago-seguro\/","title":{"rendered":"pagamento sicuro"},"content":{"rendered":"<div data-elementor-type=\"wp-page\" data-elementor-id=\"11497\" class=\"elementor elementor-11497\">\n\t\t\t\t\t\t<section class=\"elementor-section elementor-top-section elementor-element elementor-element-5c830ba elementor-section-boxed elementor-section-height-default elementor-section-height-default exad-glass-effect-no wpr-particle-no wpr-jarallax-no wpr-parallax-no wpr-sticky-section-no exad-sticky-section-no\" data-id=\"5c830ba\" data-element_type=\"section\">\n\t\t\t\t\t\t<div class=\"elementor-container elementor-column-gap-default\">\n\t\t\t\t\t<div class=\"elementor-column elementor-col-100 elementor-top-column elementor-element elementor-element-b820470 exad-glass-effect-no exad-sticky-section-no\" data-id=\"b820470\" data-element_type=\"column\">\n\t\t\t<div class=\"elementor-widget-wrap elementor-element-populated\">\n\t\t\t\t\t\t<div class=\"elementor-element elementor-element-5bb9ee4 exad-sticky-section-no exad-glass-effect-no elementor-widget elementor-widget-heading\" data-id=\"5bb9ee4\" data-element_type=\"widget\" data-widget_type=\"heading.default\">\n\t\t\t\t<div class=\"elementor-widget-container\">\n\t\t\t<h2 class=\"elementor-heading-title elementor-size-default\"><b>PAGO SEGURO<\/b><\/h2>\t\t<\/div>\n\t\t\t\t<\/div>\n\t\t\t\t<div class=\"elementor-element elementor-element-be47a4e exad-sticky-section-no exad-glass-effect-no elementor-widget elementor-widget-text-editor\" data-id=\"be47a4e\" data-element_type=\"widget\" data-widget_type=\"text-editor.default\">\n\t\t\t\t<div class=\"elementor-widget-container\">\n\t\t\t\t\t\t\t<p>KARWORK.EU dispone de diversas modalidades de pago para facilitarte la compra:<\/p><h3><strong>Tarjeta de cr\u00e9dito o d\u00e9bito<\/strong><\/h3><p>El pago mediante tarjeta de cr\u00e9dito o d\u00e9bito se realiza a trav\u00e9s de la pasarela de\u00a0<strong>pago seguro<\/strong>\u00a0de Caixabank. Mediante esta modalidad de pago, Karwork nunca recoge ni manipula ning\u00fan dato del cliente relativo a su n\u00famero de tarjeta. Todos los datos son tratados directamente por Caixabank, de forma que Karwork siempre pueda ofrecer la mayor\u00a0<strong>seguridad, transparencia y confidencialidad<\/strong>\u00a0en la transacci\u00f3n.<\/p><p>Las tarjetas que actualmente admite la pasarela de pago son\u00a0<strong>Visa, Mastercard y Maestro<\/strong>, adem\u00e1s de las pertenecientes a las\u00a0<strong>redes 4B, Red 6000 y Servired<\/strong>. Si tienes alguna duda, contacta con nosotros y te atenderemos.<\/p><h3><strong>PayPal<\/strong><\/h3><p>Incorporamos nueva forma de pago con<strong> PayPal<\/strong>, velando por la seguridad y de esta manera dando opci\u00f3n a que puedas financiar tus comprar con la propia opci\u00f3n que ofrece <strong>PayPal Later<\/strong> , en compras entre 30 y 2.000\u20ac a pagar 3 plazos.\u00a0<\/p>\t\t\t\t\t\t<\/div>\n\t\t\t\t<\/div>\n\t\t\t\t\t<\/div>\n\t\t<\/div>\n\t\t\t\t\t<\/div>\n\t\t<\/section>\n\t\t\t\t<\/div>","protected":false},"excerpt":{"rendered":"<p>PAGO SEGURO KARWORK.EU dispone de diversas modalidades de pago para facilitarte la compra: Tarjeta de cr\u00e9dito o d\u00e9bito El pago mediante tarjeta de cr\u00e9dito o d\u00e9bito se realiza a trav\u00e9s de la pasarela de\u00a0pago seguro\u00a0de Caixabank. Mediante esta modalidad de pago, Karwork nunca recoge ni manipula ning\u00fan dato del cliente relativo a su n\u00famero de tarjeta. Todos los datos son tratados directamente por Caixabank, de forma que Karwork siempre pueda ofrecer la mayor\u00a0seguridad, transparencia y confidencialidad\u00a0en la transacci\u00f3n. Las tarjetas que actualmente admite la pasarela de pago son\u00a0Visa, Mastercard y Maestro, adem\u00e1s de las pertenecientes a las\u00a0redes 4B, Red 6000 y Servired. Si tienes alguna duda, contacta con nosotros y te atenderemos. PayPal Incorporamos nueva forma de pago con PayPal, velando por la seguridad y de esta manera dando opci\u00f3n a que puedas financiar tus comprar con la propia opci\u00f3n que ofrece PayPal Later , en compras entre 30 y 2.000\u20ac a pagar 3 plazos.\u00a0<\/p>","protected":false},"author":1,"featured_media":0,"parent":0,"menu_order":0,"comment_status":"closed","ping_status":"closed","template":"","meta":{"_acf_changed":false,"rank_math_lock_modified_date":false,"footnotes":""},"class_list":["post-11497","page","type-page","status-publish","hentry"],"acf":[],"_links":{"self":[{"href":"https:\/\/karwork.eu\/it\/wp-json\/wp\/v2\/pages\/11497","targetHints":{"allow":["GET"]}}],"collection":[{"href":"https:\/\/karwork.eu\/it\/wp-json\/wp\/v2\/pages"}],"about":[{"href":"https:\/\/karwork.eu\/it\/wp-json\/wp\/v2\/types\/page"}],"author":[{"embeddable":true,"href":"https:\/\/karwork.eu\/it\/wp-json\/wp\/v2\/users\/1"}],"replies":[{"embeddable":true,"href":"https:\/\/karwork.eu\/it\/wp-json\/wp\/v2\/comments?post=11497"}],"version-history":[{"count":10,"href":"https:\/\/karwork.eu\/it\/wp-json\/wp\/v2\/pages\/11497\/revisions"}],"predecessor-version":[{"id":27442,"href":"https:\/\/karwork.eu\/it\/wp-json\/wp\/v2\/pages\/11497\/revisions\/27442"}],"wp:attachment":[{"href":"https:\/\/karwork.eu\/it\/wp-json\/wp\/v2\/media?parent=11497"}],"curies":[{"name":"wp","href":"https:\/\/api.w.org\/{rel}","templated":true}]}}