{"id":37248,"date":"2025-05-02T09:09:27","date_gmt":"2025-05-02T08:09:27","guid":{"rendered":"https:\/\/karwork.eu\/?post_type=product&#038;p=37248"},"modified":"2025-05-02T09:20:30","modified_gmt":"2025-05-02T08:20:30","slug":"bucket-defender-impermeable-silver-nrg-innovations","status":"publish","type":"product","link":"https:\/\/karwork.eu\/en\/product\/bucket-defender-impermeable-silver-nrg-innovations\/","title":{"rendered":"Bucket Defender Impermeable Silver &#8211; NRG Innovations"},"content":{"rendered":"","protected":false},"excerpt":{"rendered":"<p>Bucket Defender Impermeable Silver &#8211; Montado lateralmente y dise\u00f1ado espec\u00edficamente pensando en el mercado de UTV y 4&#215;4, el asiento Defender es una buena opci\u00f3n de asientos para todoterreno. Es resistente al agua, c\u00f3modo y con suspensi\u00f3n (por lo que no rebotar\u00e1s en cada peque\u00f1o guijarro). Tambi\u00e9n son considerablemente ligeros para su resistencia, con un marco de acero para mayor rigidez.<\/p>\n<p>&nbsp;<\/p>\n<p><strong>NRG Innovations products are designed for off-road use only.<\/strong><\/p>","protected":false},"featured_media":37249,"comment_status":"open","ping_status":"closed","template":"","meta":{"_acf_changed":false,"rank_math_lock_modified_date":false},"pwb-brand":[611],"product_cat":[3573],"product_tag":[4070,4071,683,4072,1077,623],"class_list":{"0":"post-37248","1":"product","2":"type-product","3":"status-publish","4":"has-post-thumbnail","6":"pwb-brand-nrg-innovations","7":"product_cat-off-road","8":"product_tag-bucket-asiento-defender-todoterreno-off-road-nrg-innovations","9":"product_tag-bucket-defender-impermeable-silver-nrg-innovations","10":"product_tag-buckets","11":"product_tag-df-100sl-l","12":"product_tag-negro","13":"product_tag-nrg-innovations","14":"product_shipping_class-pesados","16":"first","17":"instock","18":"taxable","19":"shipping-taxable","20":"purchasable","21":"product-type-simple"},"acf":[],"brands":[{"id":611,"name":"NRG Innovations","slug":"nrg-innovations"}],"_links":{"self":[{"href":"https:\/\/karwork.eu\/en\/wp-json\/wp\/v2\/product\/37248","targetHints":{"allow":["GET"]}}],"collection":[{"href":"https:\/\/karwork.eu\/en\/wp-json\/wp\/v2\/product"}],"about":[{"href":"https:\/\/karwork.eu\/en\/wp-json\/wp\/v2\/types\/product"}],"replies":[{"embeddable":true,"href":"https:\/\/karwork.eu\/en\/wp-json\/wp\/v2\/comments?post=37248"}],"wp:featuredmedia":[{"embeddable":true,"href":"https:\/\/karwork.eu\/en\/wp-json\/wp\/v2\/media\/37249"}],"wp:attachment":[{"href":"https:\/\/karwork.eu\/en\/wp-json\/wp\/v2\/media?parent=37248"}],"wp:term":[{"taxonomy":"pwb-brand","embeddable":true,"href":"https:\/\/karwork.eu\/en\/wp-json\/wp\/v2\/pwb-brand?post=37248"},{"taxonomy":"product_cat","embeddable":true,"href":"https:\/\/karwork.eu\/en\/wp-json\/wp\/v2\/product_cat?post=37248"},{"taxonomy":"product_tag","embeddable":true,"href":"https:\/\/karwork.eu\/en\/wp-json\/wp\/v2\/product_tag?post=37248"}],"curies":[{"name":"wp","href":"https:\/\/api.w.org\/{rel}","templated":true}]}}