{"id":37134,"date":"2025-04-02T19:47:23","date_gmt":"2025-04-02T18:47:23","guid":{"rendered":"https:\/\/karwork.eu\/?post_type=product&#038;p=37134"},"modified":"2025-04-13T13:22:40","modified_gmt":"2025-04-13T12:22:40","slug":"soporte-extintor-con-ajuste-a-barra-antivuelco-nrg-innovations","status":"publish","type":"product","link":"https:\/\/karwork.eu\/en\/product\/soporte-extintor-con-ajuste-a-barra-antivuelco-nrg-innovations\/","title":{"rendered":"Soporte extintor con ajuste a barra antivuelco &#8211; NRG Innovations"},"content":{"rendered":"","protected":false},"excerpt":{"rendered":"<p>Soporte extintor con ajuste a barra antivuelco &#8211; Volante reforzado de 350mm con 75 mm de profundidad, envuelto en piel vuelta premium que cubre espuma de inyecci\u00f3n de alta densidad para un agarre perfecto. Peso ligero con radios remachados dobles para una mayor resistencia. Dise\u00f1o inspirado Halloween, sutiles bordados de fantamas, calabazas, murci\u00e9lagos,&#8230; todo lo necesario para un Halloween terror\u00edfico.<\/p>\n<p>&nbsp;<\/p>\n<p><strong>NRG Innovations products are designed for off-road use only.<\/strong><\/p>","protected":false},"featured_media":37128,"comment_status":"open","ping_status":"closed","template":"","meta":{"_acf_changed":false,"rank_math_lock_modified_date":false},"pwb-brand":[611],"product_cat":[3517,118,2234],"product_tag":[623,4067],"class_list":{"0":"post-37134","1":"product","2":"type-product","3":"status-publish","4":"has-post-thumbnail","6":"pwb-brand-nrg-innovations","7":"product_cat-novedades","8":"product_cat-accesorios-interiores","9":"product_cat-accesorios-asientos","10":"product_tag-nrg-innovations","11":"product_tag-soporte-extintor-con-ajuste-a-barra-antivuelco","13":"first","14":"instock","15":"taxable","16":"shipping-taxable","17":"purchasable","18":"product-type-variable"},"acf":[],"brands":[{"id":611,"name":"NRG Innovations","slug":"nrg-innovations"}],"_links":{"self":[{"href":"https:\/\/karwork.eu\/en\/wp-json\/wp\/v2\/product\/37134","targetHints":{"allow":["GET"]}}],"collection":[{"href":"https:\/\/karwork.eu\/en\/wp-json\/wp\/v2\/product"}],"about":[{"href":"https:\/\/karwork.eu\/en\/wp-json\/wp\/v2\/types\/product"}],"replies":[{"embeddable":true,"href":"https:\/\/karwork.eu\/en\/wp-json\/wp\/v2\/comments?post=37134"}],"wp:featuredmedia":[{"embeddable":true,"href":"https:\/\/karwork.eu\/en\/wp-json\/wp\/v2\/media\/37128"}],"wp:attachment":[{"href":"https:\/\/karwork.eu\/en\/wp-json\/wp\/v2\/media?parent=37134"}],"wp:term":[{"taxonomy":"pwb-brand","embeddable":true,"href":"https:\/\/karwork.eu\/en\/wp-json\/wp\/v2\/pwb-brand?post=37134"},{"taxonomy":"product_cat","embeddable":true,"href":"https:\/\/karwork.eu\/en\/wp-json\/wp\/v2\/product_cat?post=37134"},{"taxonomy":"product_tag","embeddable":true,"href":"https:\/\/karwork.eu\/en\/wp-json\/wp\/v2\/product_tag?post=37134"}],"curies":[{"name":"wp","href":"https:\/\/api.w.org\/{rel}","templated":true}]}}