{"id":32677,"date":"2025-06-07T12:02:24","date_gmt":"2025-06-07T11:02:24","guid":{"rendered":"https:\/\/karwork.eu\/product\/knp-k12g-kansei-wheels\/"},"modified":"2025-08-22T18:18:32","modified_gmt":"2025-08-22T17:18:32","slug":"knp-k12g-kansei-wheels","status":"publish","type":"product","link":"https:\/\/karwork.eu\/en\/product\/knp-k12g-kansei-wheels\/","title":{"rendered":"KNP K12G &#8211; KANSEI WHEELS"},"content":{"rendered":"","protected":false},"excerpt":{"rendered":"<p>KNP K12G &#8211; KANSEI WHEELS<\/p>\n<p>KNP es la de 5 radios perfectamente equilibrada envuelta en un labio escalonado cl\u00e1sico. Cada tama\u00f1o de KNP cuenta con una cara c\u00f3ncava y est\u00e1 calibrado para frenos grandes, al tiempo que mantiene una construcci\u00f3n fuerte y liviana. Esta es realmente la llanta construida para hacerlo todo, desde la pista hasta la calle, su autom\u00f3vil complementar\u00e1 definitivamente el KNP.<\/p>","protected":false},"featured_media":32592,"comment_status":"closed","ping_status":"closed","template":"","meta":{"_acf_changed":false,"rank_math_lock_modified_date":false},"pwb-brand":[3741],"product_cat":[2258],"product_tag":[3742,3756,3743],"class_list":{"0":"post-32677","1":"product","2":"type-product","3":"status-publish","4":"has-post-thumbnail","6":"pwb-brand-kansei","7":"product_cat-llantas-coche","8":"product_tag-kansei-wheels","9":"product_tag-knp-k12g-kansei-wheels","10":"product_tag-llantas-kansei","12":"first","13":"instock","14":"taxable","15":"shipping-taxable","16":"purchasable","17":"product-type-variable"},"acf":[],"brands":[{"id":3741,"name":"Kansei","slug":"kansei"}],"_links":{"self":[{"href":"https:\/\/karwork.eu\/en\/wp-json\/wp\/v2\/product\/32677","targetHints":{"allow":["GET"]}}],"collection":[{"href":"https:\/\/karwork.eu\/en\/wp-json\/wp\/v2\/product"}],"about":[{"href":"https:\/\/karwork.eu\/en\/wp-json\/wp\/v2\/types\/product"}],"replies":[{"embeddable":true,"href":"https:\/\/karwork.eu\/en\/wp-json\/wp\/v2\/comments?post=32677"}],"wp:featuredmedia":[{"embeddable":true,"href":"https:\/\/karwork.eu\/en\/wp-json\/wp\/v2\/media\/32592"}],"wp:attachment":[{"href":"https:\/\/karwork.eu\/en\/wp-json\/wp\/v2\/media?parent=32677"}],"wp:term":[{"taxonomy":"pwb-brand","embeddable":true,"href":"https:\/\/karwork.eu\/en\/wp-json\/wp\/v2\/pwb-brand?post=32677"},{"taxonomy":"product_cat","embeddable":true,"href":"https:\/\/karwork.eu\/en\/wp-json\/wp\/v2\/product_cat?post=32677"},{"taxonomy":"product_tag","embeddable":true,"href":"https:\/\/karwork.eu\/en\/wp-json\/wp\/v2\/product_tag?post=32677"}],"curies":[{"name":"wp","href":"https:\/\/api.w.org\/{rel}","templated":true}]}}