{"id":32673,"date":"2025-06-07T12:02:17","date_gmt":"2025-06-07T11:02:17","guid":{"rendered":"https:\/\/karwork.eu\/product\/tandem-k11h-kansei-wheels\/"},"modified":"2025-06-07T12:03:46","modified_gmt":"2025-06-07T11:03:46","slug":"tandem-k11h-15-kansei-wheels","status":"publish","type":"product","link":"https:\/\/karwork.eu\/en\/product\/tandem-k11h-15-kansei-wheels\/","title":{"rendered":"TANDEM K11H 15&#8243; &#8211; KANSEI WHEELS"},"content":{"rendered":"","protected":false},"excerpt":{"rendered":"<p>TANDEM K11H 15&#8243; &#8211; KANSEI WHEELS<\/p>\n<p>Rinde homenaje al legendario Godzilla: La llanta Tandem es todo lo que amamos de esta misteriosa llanta de los a\u00f1os 90 ahora construida con mejores opciones. Desde ligeros hasta c\u00f3ncavos profundos, nuestros Tandem ofrecen las m\u00e1ximas holguras de freno y un dise\u00f1o distintivo y atrevido de radios suaves. Disponible en distintas pulgadas y colores.<\/p>","protected":false},"featured_media":32660,"comment_status":"closed","ping_status":"closed","template":"","meta":{"_acf_changed":false,"rank_math_lock_modified_date":false},"pwb-brand":[3741],"product_cat":[2258],"product_tag":[3742,3743,3753],"class_list":{"0":"post-32673","1":"product","2":"type-product","3":"status-publish","4":"has-post-thumbnail","6":"pwb-brand-kansei","7":"product_cat-llantas-coche","8":"product_tag-kansei-wheels","9":"product_tag-llantas-kansei","10":"product_tag-tandem-k11h-kansei-wheels","12":"first","13":"instock","14":"taxable","15":"shipping-taxable","16":"purchasable","17":"product-type-variable"},"acf":[],"brands":[{"id":3741,"name":"Kansei","slug":"kansei"}],"_links":{"self":[{"href":"https:\/\/karwork.eu\/en\/wp-json\/wp\/v2\/product\/32673","targetHints":{"allow":["GET"]}}],"collection":[{"href":"https:\/\/karwork.eu\/en\/wp-json\/wp\/v2\/product"}],"about":[{"href":"https:\/\/karwork.eu\/en\/wp-json\/wp\/v2\/types\/product"}],"replies":[{"embeddable":true,"href":"https:\/\/karwork.eu\/en\/wp-json\/wp\/v2\/comments?post=32673"}],"wp:featuredmedia":[{"embeddable":true,"href":"https:\/\/karwork.eu\/en\/wp-json\/wp\/v2\/media\/32660"}],"wp:attachment":[{"href":"https:\/\/karwork.eu\/en\/wp-json\/wp\/v2\/media?parent=32673"}],"wp:term":[{"taxonomy":"pwb-brand","embeddable":true,"href":"https:\/\/karwork.eu\/en\/wp-json\/wp\/v2\/pwb-brand?post=32673"},{"taxonomy":"product_cat","embeddable":true,"href":"https:\/\/karwork.eu\/en\/wp-json\/wp\/v2\/product_cat?post=32673"},{"taxonomy":"product_tag","embeddable":true,"href":"https:\/\/karwork.eu\/en\/wp-json\/wp\/v2\/product_tag?post=32673"}],"curies":[{"name":"wp","href":"https:\/\/api.w.org\/{rel}","templated":true}]}}