{"id":32557,"date":"2024-12-08T19:11:54","date_gmt":"2024-12-08T18:11:54","guid":{"rendered":"https:\/\/karwork.eu\/?post_type=product&#038;p=32557"},"modified":"2025-01-25T20:01:54","modified_gmt":"2025-01-25T19:01:54","slug":"pina-volante-srk-140h-rg","status":"publish","type":"product","link":"https:\/\/karwork.eu\/en\/product\/pina-volante-srk-140h-rg\/","title":{"rendered":"Pi\u00f1a volante &#8211; SRK-140H-RG"},"content":{"rendered":"","protected":false},"excerpt":{"rendered":"<p>Esta pi\u00f1a fue dise\u00f1ada para ponerla con Quick Release, con la superficie de montaje m\u00e1s corta posible y al mismo tiempo conserva la capacidad de usar la bocina y las se\u00f1ales de giro aproximadamente el 99% del tiempo. De aluminio anodizado 6061 y patr\u00f3n de pernos de 6&#215;70, que viene con resistencias. En caso de no llevar quick release, puede que sea necesario un separador.<\/p>\n<p>Pi\u00f1a para; Nissan 200SX (90+), Nissan 240SX|S13 (89-93), Nissan 300ZX (90+) preguntar antes de comprar, Nissan Skyline R32 (89-94), Nissan Pickup (88-97), Nissan Altima (93-06), Nissan Maxima (89-98), Nissan Pulsar (87-90), Nissan Sentra (91-96), Infiniti G20 todos.<\/p>\n<p><strong>NRG Innovations products are designed for off-road use only.<\/strong><\/p>","protected":false},"featured_media":16343,"comment_status":"open","ping_status":"closed","template":"","meta":{"_acf_changed":false,"rank_math_lock_modified_date":false},"pwb-brand":[611],"product_cat":[2706,664],"product_tag":[199,623,681,3739],"class_list":{"0":"post-32557","1":"product","2":"type-product","3":"status-publish","4":"has-post-thumbnail","6":"pwb-brand-nrg-innovations","7":"product_cat-pina-short-hub","8":"product_cat-pina-volante","9":"product_tag-nissan","10":"product_tag-nrg-innovations","11":"product_tag-pina-volante","12":"product_tag-srk-140h-rg","14":"first","15":"instock","16":"taxable","17":"shipping-taxable","18":"purchasable","19":"product-type-simple"},"acf":[],"brands":[{"id":611,"name":"NRG Innovations","slug":"nrg-innovations"}],"_links":{"self":[{"href":"https:\/\/karwork.eu\/en\/wp-json\/wp\/v2\/product\/32557","targetHints":{"allow":["GET"]}}],"collection":[{"href":"https:\/\/karwork.eu\/en\/wp-json\/wp\/v2\/product"}],"about":[{"href":"https:\/\/karwork.eu\/en\/wp-json\/wp\/v2\/types\/product"}],"replies":[{"embeddable":true,"href":"https:\/\/karwork.eu\/en\/wp-json\/wp\/v2\/comments?post=32557"}],"wp:featuredmedia":[{"embeddable":true,"href":"https:\/\/karwork.eu\/en\/wp-json\/wp\/v2\/media\/16343"}],"wp:attachment":[{"href":"https:\/\/karwork.eu\/en\/wp-json\/wp\/v2\/media?parent=32557"}],"wp:term":[{"taxonomy":"pwb-brand","embeddable":true,"href":"https:\/\/karwork.eu\/en\/wp-json\/wp\/v2\/pwb-brand?post=32557"},{"taxonomy":"product_cat","embeddable":true,"href":"https:\/\/karwork.eu\/en\/wp-json\/wp\/v2\/product_cat?post=32557"},{"taxonomy":"product_tag","embeddable":true,"href":"https:\/\/karwork.eu\/en\/wp-json\/wp\/v2\/product_tag?post=32557"}],"curies":[{"name":"wp","href":"https:\/\/api.w.org\/{rel}","templated":true}]}}