{"id":28458,"date":"2024-04-15T21:20:30","date_gmt":"2024-04-15T21:20:30","guid":{"rendered":"https:\/\/karwork.eu\/?post_type=product&#038;p=28458"},"modified":"2025-11-12T00:00:52","modified_gmt":"2025-11-11T23:00:52","slug":"bucket-defender-impermeable-brown-grey","status":"publish","type":"product","link":"https:\/\/karwork.eu\/en\/product\/bucket-defender-impermeable-brown-grey\/","title":{"rendered":"Bucket Defender Impermeable Brown Grey &#8211; NRG Innovations"},"content":{"rendered":"","protected":false},"excerpt":{"rendered":"<p>Bucket Defender Impermeable Brown Grey &#8211; Montado lateralmente y dise\u00f1ado espec\u00edficamente pensando en el mercado de UTV y 4&#215;4, el asiento Defender es una buena opci\u00f3n de asientos para todoterreno. Es resistente al agua, c\u00f3modo y con suspensi\u00f3n (por lo que no rebotar\u00e1s en cada peque\u00f1o guijarro). Tambi\u00e9n son considerablemente ligeros para su resistencia, con un marco de acero para mayor rigidez.<\/p>\n<p>&nbsp;<\/p>\n<p><strong>NRG Innovations products are designed for off-road use only.<\/strong><\/p>","protected":false},"featured_media":28461,"comment_status":"open","ping_status":"closed","template":"","meta":{"_acf_changed":false,"rank_math_lock_modified_date":false},"pwb-brand":[611],"product_cat":[3573],"product_tag":[3569,683,3570,1077,623],"class_list":{"0":"post-28458","1":"product","2":"type-product","3":"status-publish","4":"has-post-thumbnail","6":"pwb-brand-nrg-innovations","7":"product_cat-off-road","8":"product_tag-bucket-defender-impermeable-brown-grey","9":"product_tag-buckets","10":"product_tag-df-100br-s","11":"product_tag-negro","12":"product_tag-nrg-innovations","13":"product_shipping_class-pesados","15":"first","16":"instock","17":"taxable","18":"shipping-taxable","19":"purchasable","20":"product-type-simple"},"acf":[],"brands":[{"id":611,"name":"NRG Innovations","slug":"nrg-innovations"}],"_links":{"self":[{"href":"https:\/\/karwork.eu\/en\/wp-json\/wp\/v2\/product\/28458","targetHints":{"allow":["GET"]}}],"collection":[{"href":"https:\/\/karwork.eu\/en\/wp-json\/wp\/v2\/product"}],"about":[{"href":"https:\/\/karwork.eu\/en\/wp-json\/wp\/v2\/types\/product"}],"replies":[{"embeddable":true,"href":"https:\/\/karwork.eu\/en\/wp-json\/wp\/v2\/comments?post=28458"}],"wp:featuredmedia":[{"embeddable":true,"href":"https:\/\/karwork.eu\/en\/wp-json\/wp\/v2\/media\/28461"}],"wp:attachment":[{"href":"https:\/\/karwork.eu\/en\/wp-json\/wp\/v2\/media?parent=28458"}],"wp:term":[{"taxonomy":"pwb-brand","embeddable":true,"href":"https:\/\/karwork.eu\/en\/wp-json\/wp\/v2\/pwb-brand?post=28458"},{"taxonomy":"product_cat","embeddable":true,"href":"https:\/\/karwork.eu\/en\/wp-json\/wp\/v2\/product_cat?post=28458"},{"taxonomy":"product_tag","embeddable":true,"href":"https:\/\/karwork.eu\/en\/wp-json\/wp\/v2\/product_tag?post=28458"}],"curies":[{"name":"wp","href":"https:\/\/api.w.org\/{rel}","templated":true}]}}