{"id":28430,"date":"2024-04-07T09:51:05","date_gmt":"2024-04-07T09:51:05","guid":{"rendered":"https:\/\/karwork.eu\/?post_type=product&#038;p=28430"},"modified":"2025-04-13T17:36:05","modified_gmt":"2025-04-13T16:36:05","slug":"2-0-quick-release-extraible-rapido-trippy-para-volante","status":"publish","type":"product","link":"https:\/\/karwork.eu\/en\/product\/2-0-quick-release-extraible-rapido-trippy-para-volante\/","title":{"rendered":"2.0 Quick Release Extraible R\u00e1pido Trippy para volante"},"content":{"rendered":"","protected":false},"excerpt":{"rendered":"<p>2.0 Quick Release Extraible R\u00e1pido Trippy &#8211; La Generaci\u00f3n 2.0. el Quick Release m\u00e1s vendida de 2.5&#8243; que presenta muchas opciones que el sistema convencional de liberaci\u00f3n r\u00e1pida con bloqueo de bola no ofrece. Est\u00e1 especialmente dise\u00f1ada con secciones elevadas para evitar que se raye y se estire, mientras que una funci\u00f3n de bloqueo autom\u00e1tico agrega mayor seguridad y funcionalidad. Cada unidad est\u00e1 hecha de aluminio de grado aeron\u00e1utico de la m\u00e1s alta calidad y est\u00e1 anodizada para una m\u00e1xima durabilidad y acabado. Cables de bocina incluidos, patr\u00f3n de pernos de 6&#215;70 mm y 6&#215;74 mm del lado del volante<\/p>\n<p><strong>Edici\u00f3n limitada colaboraci\u00f3n Trippy.\u00a0<\/strong><\/p>\n<p><strong>NRG Innovations products are designed for off-road use only.<\/strong><\/p>","protected":false},"featured_media":28432,"comment_status":"open","ping_status":"closed","template":"","meta":{"_acf_changed":false,"rank_math_lock_modified_date":false},"pwb-brand":[611],"product_cat":[2235,3536],"product_tag":[3545,2289,3544,647,623,648,3543],"class_list":{"0":"post-28430","1":"product","2":"type-product","3":"status-publish","4":"has-post-thumbnail","6":"pwb-brand-nrg-innovations","7":"product_cat-ding","8":"product_cat-colaboraciones","9":"product_tag-2-0-quick-release-extraible-rapido-trippy","10":"product_tag-ding","11":"product_tag-edicion-limitada-colaboracion-trippy","12":"product_tag-extraibles","13":"product_tag-nrg-innovations","14":"product_tag-quick-release","15":"product_tag-trippy","17":"first","18":"instock","19":"taxable","20":"shipping-taxable","21":"purchasable","22":"product-type-simple"},"acf":[],"brands":[{"id":611,"name":"NRG Innovations","slug":"nrg-innovations"}],"_links":{"self":[{"href":"https:\/\/karwork.eu\/en\/wp-json\/wp\/v2\/product\/28430","targetHints":{"allow":["GET"]}}],"collection":[{"href":"https:\/\/karwork.eu\/en\/wp-json\/wp\/v2\/product"}],"about":[{"href":"https:\/\/karwork.eu\/en\/wp-json\/wp\/v2\/types\/product"}],"replies":[{"embeddable":true,"href":"https:\/\/karwork.eu\/en\/wp-json\/wp\/v2\/comments?post=28430"}],"wp:featuredmedia":[{"embeddable":true,"href":"https:\/\/karwork.eu\/en\/wp-json\/wp\/v2\/media\/28432"}],"wp:attachment":[{"href":"https:\/\/karwork.eu\/en\/wp-json\/wp\/v2\/media?parent=28430"}],"wp:term":[{"taxonomy":"pwb-brand","embeddable":true,"href":"https:\/\/karwork.eu\/en\/wp-json\/wp\/v2\/pwb-brand?post=28430"},{"taxonomy":"product_cat","embeddable":true,"href":"https:\/\/karwork.eu\/en\/wp-json\/wp\/v2\/product_cat?post=28430"},{"taxonomy":"product_tag","embeddable":true,"href":"https:\/\/karwork.eu\/en\/wp-json\/wp\/v2\/product_tag?post=28430"}],"curies":[{"name":"wp","href":"https:\/\/api.w.org\/{rel}","templated":true}]}}