{"id":26935,"date":"2023-12-31T13:25:36","date_gmt":"2023-12-31T13:25:36","guid":{"rendered":"https:\/\/karwork.eu\/?post_type=product&#038;p=26935"},"modified":"2024-05-11T13:36:05","modified_gmt":"2024-05-11T13:36:05","slug":"champu-m4-para-vehiculos-foxedcare-500ml","status":"publish","type":"product","link":"https:\/\/karwork.eu\/en\/product\/champu-m4-para-vehiculos-foxedcare-500ml\/","title":{"rendered":"Champ\u00fa M4 para veh\u00edculos &#8211; FoxedCare 500ml"},"content":{"rendered":"<h4><u>Properties:<\/u><\/h4>\n<ul>\n<li>Color especial : P\u00farpura<\/li>\n<li>Fragancia : Frambuesa<\/li>\n<li>Very good cleaning performance<\/li>\n<li>Pintura brillante y limpia, con un procesamiento sin esfuerzo<\/li>\n<li>Pleasant sliding behavior<\/li>\n<li>Gentle on the material for all exterior vehicle surfaces<\/li>\n<li>Does not attack existing seals.<\/li>\n<li>Ideal for manual hand washing<\/li>\n<li>Bajo consumo: aprox. 30 ml de champ\u00fa por cada 10 litros de agua<\/li>\n<\/ul>\n<h4><u>Application:<\/u><\/h4>\n<ol>\n<li>Shake the bottle well so that all the ingredients are distributed<\/li>\n<li>Put about 30ml of shampoo in a bucket and lather with about 10 liters of water. (For optimal foam, we recommend filling the shampoo first and then the water)<\/li>\n<li>Mix the water shampoo mixture with the Slappy wash mitt again properly.<\/li>\n<li>Clean the vehicle from top to bottom and make sure you always have enough shampoo on the surface to be processed<\/li>\n<li>Remove debris with the high-pressure cleaner<\/li>\n<\/ol>\n<p>&nbsp;<\/p>\n<h4><u>Tips:<\/u><\/h4>\n<ul>\n<li>The vehicle must be cleaned of coarse dirt before treatment by means of a high-pressure cleaner to avoid scratches<\/li>\n<li>Do not use the product on hot surfaces<\/li>\n<li>Do not allow product to dry out<\/li>\n<\/ul>","protected":false},"excerpt":{"rendered":"<p>Champ\u00fa M4 para veh\u00edculos &#8211; La nueva l\u00ednea de productos de cuidado Foxed Care M4. Productos especiales desarrollados y producidos exclusivamente para esta serie especial por FoxedCare.<\/p>\n<p>El champ\u00fa FoxedCare M4 es un champ\u00fa para autom\u00f3viles de pH neutro con ingredientes espec\u00edficos y de primera clase. No solo hace una excelente limpieza, sino que tambi\u00e9n convence con un olor \u00fanico, fragancia Frambuesa y es visualmente un verdadero punto de atracci\u00f3n.<\/p>\n<p>El champ\u00fa para autom\u00f3viles Foxed Care M4 ofrece una excelente formaci\u00f3n de espuma, un rendimiento de limpieza altamente efectivo, as\u00ed como un muy buen comportamiento de deslizamiento durante su uso.<\/p>\n<p>&nbsp;<\/p>","protected":false},"featured_media":26936,"comment_status":"open","ping_status":"closed","template":"","meta":{"_acf_changed":false,"rank_math_lock_modified_date":false},"pwb-brand":[986],"product_cat":[155],"product_tag":[988,989,993,2894,987,996,995,2893],"class_list":{"0":"post-26935","1":"product","2":"type-product","3":"status-publish","4":"has-post-thumbnail","6":"pwb-brand-foxed-care","7":"product_cat-champu","8":"product_tag-champu","9":"product_tag-detailing","10":"product_tag-espuma","11":"product_tag-fcf64","12":"product_tag-foxed-care","13":"product_tag-lavar","14":"product_tag-limpieza","15":"product_tag-m4","17":"first","18":"instock","19":"taxable","20":"shipping-taxable","21":"purchasable","22":"product-type-simple"},"acf":[],"brands":[{"id":986,"name":"Foxed Care","slug":"foxed-care"}],"_links":{"self":[{"href":"https:\/\/karwork.eu\/en\/wp-json\/wp\/v2\/product\/26935","targetHints":{"allow":["GET"]}}],"collection":[{"href":"https:\/\/karwork.eu\/en\/wp-json\/wp\/v2\/product"}],"about":[{"href":"https:\/\/karwork.eu\/en\/wp-json\/wp\/v2\/types\/product"}],"replies":[{"embeddable":true,"href":"https:\/\/karwork.eu\/en\/wp-json\/wp\/v2\/comments?post=26935"}],"wp:featuredmedia":[{"embeddable":true,"href":"https:\/\/karwork.eu\/en\/wp-json\/wp\/v2\/media\/26936"}],"wp:attachment":[{"href":"https:\/\/karwork.eu\/en\/wp-json\/wp\/v2\/media?parent=26935"}],"wp:term":[{"taxonomy":"pwb-brand","embeddable":true,"href":"https:\/\/karwork.eu\/en\/wp-json\/wp\/v2\/pwb-brand?post=26935"},{"taxonomy":"product_cat","embeddable":true,"href":"https:\/\/karwork.eu\/en\/wp-json\/wp\/v2\/product_cat?post=26935"},{"taxonomy":"product_tag","embeddable":true,"href":"https:\/\/karwork.eu\/en\/wp-json\/wp\/v2\/product_tag?post=26935"}],"curies":[{"name":"wp","href":"https:\/\/api.w.org\/{rel}","templated":true}]}}