{"id":26339,"date":"2023-12-16T17:55:20","date_gmt":"2023-12-16T17:55:20","guid":{"rendered":"https:\/\/karwork.eu\/?post_type=product&#038;p=26339"},"modified":"2024-05-13T17:53:29","modified_gmt":"2024-05-13T17:53:29","slug":"quick-release-extraible-rapido-thin-2","status":"publish","type":"product","link":"https:\/\/karwork.eu\/en\/product\/quick-release-extraible-rapido-thin-2\/","title":{"rendered":"Quick Release extra\u00edble r\u00e1pido Thin"},"content":{"rendered":"","protected":false},"excerpt":{"rendered":"<p>El modelo Thin es la Quick release &#8211; extra\u00edble r\u00e1pido m\u00e1s delgado del mercado con 1&#8243; de profundidad y ultra ligero. Esta pensado para los casos en los que haya poco espacio.<\/p>\n<p>No es compatible con las pi\u00f1as de NRG. Patr\u00f3n de pernos de 6&#215;70 y 6&#215;74 mm.<\/p>\n<p>&nbsp;<\/p>\n<p><strong>NRG Innovations products are designed for off-road use only.<\/strong><\/p>","protected":false},"featured_media":26332,"comment_status":"open","ping_status":"closed","template":"","meta":{"_acf_changed":false,"rank_math_lock_modified_date":false},"pwb-brand":[611],"product_cat":[2237],"product_tag":[647,623,648,2856],"class_list":{"0":"post-26339","1":"product","2":"type-product","3":"status-publish","4":"has-post-thumbnail","6":"pwb-brand-nrg-innovations","7":"product_cat-thin","8":"product_tag-extraibles","9":"product_tag-nrg-innovations","10":"product_tag-quick-release","11":"product_tag-thin","13":"first","14":"instock","15":"taxable","16":"shipping-taxable","17":"purchasable","18":"product-type-simple"},"acf":[],"brands":[{"id":611,"name":"NRG Innovations","slug":"nrg-innovations"}],"_links":{"self":[{"href":"https:\/\/karwork.eu\/en\/wp-json\/wp\/v2\/product\/26339","targetHints":{"allow":["GET"]}}],"collection":[{"href":"https:\/\/karwork.eu\/en\/wp-json\/wp\/v2\/product"}],"about":[{"href":"https:\/\/karwork.eu\/en\/wp-json\/wp\/v2\/types\/product"}],"replies":[{"embeddable":true,"href":"https:\/\/karwork.eu\/en\/wp-json\/wp\/v2\/comments?post=26339"}],"wp:featuredmedia":[{"embeddable":true,"href":"https:\/\/karwork.eu\/en\/wp-json\/wp\/v2\/media\/26332"}],"wp:attachment":[{"href":"https:\/\/karwork.eu\/en\/wp-json\/wp\/v2\/media?parent=26339"}],"wp:term":[{"taxonomy":"pwb-brand","embeddable":true,"href":"https:\/\/karwork.eu\/en\/wp-json\/wp\/v2\/pwb-brand?post=26339"},{"taxonomy":"product_cat","embeddable":true,"href":"https:\/\/karwork.eu\/en\/wp-json\/wp\/v2\/product_cat?post=26339"},{"taxonomy":"product_tag","embeddable":true,"href":"https:\/\/karwork.eu\/en\/wp-json\/wp\/v2\/product_tag?post=26339"}],"curies":[{"name":"wp","href":"https:\/\/api.w.org\/{rel}","templated":true}]}}