{"id":25281,"date":"2023-10-14T16:35:38","date_gmt":"2023-10-14T16:35:38","guid":{"rendered":"https:\/\/karwork.eu\/?post_type=product&#038;p=25281"},"modified":"2024-05-15T16:01:10","modified_gmt":"2024-05-15T16:01:10","slug":"bucket-fibra-carbono-black-nrg-innovations","status":"publish","type":"product","link":"https:\/\/karwork.eu\/en\/product\/bucket-fibra-carbono-black-nrg-innovations\/","title":{"rendered":"Black Carbon Fiber Bucket \u2013 NRG Innovations"},"content":{"rendered":"","protected":false},"excerpt":{"rendered":"<p>Bucket Fibra carbono Black &#8211; Bucket con acabado de Fibra de carbono. Nuestro primer asiento de carrera extra profundo, con parches de gamuza en las \u00e1reas de roce habituales para evitar el desgaste prematuro y bolsillos frontales para el m\u00f3vil. \u00a0El RSC-302 luce una capa extra de FRP para mayor rigidez, al tiempo que presenta una comodidad y un estilo similares a los de algunos de los asientos m\u00e1s caros de la categor\u00eda. Estos asientos est\u00e1n dise\u00f1ados para verse bien, sentirse bien y funcionar excepcionalmente en su veh\u00edculo. Talla L. Soporte de montaje lateral universal incluido. Disponible bajo pedido en distintos colores; negro, azul, oro, verde, rojo y plata.<\/p>\n<p>&nbsp;<\/p>\n<p><strong>NRG Innovations products are designed for off-road use only.<\/strong><\/p>","protected":false},"featured_media":25239,"comment_status":"open","ping_status":"closed","template":"","meta":{"_acf_changed":false,"rank_math_lock_modified_date":false},"pwb-brand":[611],"product_cat":[2232],"product_tag":[27,3559,683,1584,1077,623,3560],"class_list":{"0":"post-25281","1":"product","2":"type-product","3":"status-publish","4":"has-post-thumbnail","6":"pwb-brand-nrg-innovations","7":"product_cat-carbono","8":"product_tag-black","9":"product_tag-bucket-fibra-carbono-black","10":"product_tag-buckets","11":"product_tag-fibra-carbono","12":"product_tag-negro","13":"product_tag-nrg-innovations","14":"product_tag-rsc-302","15":"product_shipping_class-pesados","17":"first","18":"instock","19":"taxable","20":"shipping-taxable","21":"purchasable","22":"product-type-simple"},"acf":[],"brands":[{"id":611,"name":"NRG Innovations","slug":"nrg-innovations"}],"_links":{"self":[{"href":"https:\/\/karwork.eu\/en\/wp-json\/wp\/v2\/product\/25281","targetHints":{"allow":["GET"]}}],"collection":[{"href":"https:\/\/karwork.eu\/en\/wp-json\/wp\/v2\/product"}],"about":[{"href":"https:\/\/karwork.eu\/en\/wp-json\/wp\/v2\/types\/product"}],"replies":[{"embeddable":true,"href":"https:\/\/karwork.eu\/en\/wp-json\/wp\/v2\/comments?post=25281"}],"wp:featuredmedia":[{"embeddable":true,"href":"https:\/\/karwork.eu\/en\/wp-json\/wp\/v2\/media\/25239"}],"wp:attachment":[{"href":"https:\/\/karwork.eu\/en\/wp-json\/wp\/v2\/media?parent=25281"}],"wp:term":[{"taxonomy":"pwb-brand","embeddable":true,"href":"https:\/\/karwork.eu\/en\/wp-json\/wp\/v2\/pwb-brand?post=25281"},{"taxonomy":"product_cat","embeddable":true,"href":"https:\/\/karwork.eu\/en\/wp-json\/wp\/v2\/product_cat?post=25281"},{"taxonomy":"product_tag","embeddable":true,"href":"https:\/\/karwork.eu\/en\/wp-json\/wp\/v2\/product_tag?post=25281"}],"curies":[{"name":"wp","href":"https:\/\/api.w.org\/{rel}","templated":true}]}}