{"id":25232,"date":"2023-10-14T15:23:26","date_gmt":"2023-10-14T15:23:26","guid":{"rendered":"https:\/\/karwork.eu\/?post_type=product&#038;p=25232"},"modified":"2024-05-15T16:34:58","modified_gmt":"2024-05-15T16:34:58","slug":"bucket-fibra-carbono-silver-nrg-innovations","status":"publish","type":"product","link":"https:\/\/karwork.eu\/en\/product\/bucket-fibra-carbono-silver-nrg-innovations\/","title":{"rendered":"Silver Carbon Fiber Bucket \u2013 NRG Innovations"},"content":{"rendered":"","protected":false},"excerpt":{"rendered":"<p>Bucket Fibra carbono Silver &#8211; Bucket con acabado de Fibra de carbono. Nuestro primer asiento de carrera extra profundo, con parches de gamuza en las \u00e1reas de roce habituales para evitar el desgaste prematuro y bolsillos frontales para el m\u00f3vil. \u00a0El RSC-302 luce una capa extra de FRP para mayor rigidez, al tiempo que presenta una comodidad y un estilo similares a los de algunos de los asientos m\u00e1s caros de la categor\u00eda. Estos asientos est\u00e1n dise\u00f1ados para verse bien, sentirse bien y funcionar excepcionalmente en su veh\u00edculo. Talla L. Soporte de montaje lateral universal incluido. Disponible bajo pedido en distintos colores; negro, azul, oro, verde, rojo y plata.<\/p>\n<p>&nbsp;<\/p>\n<p><strong>NRG Innovations products are designed for off-road use only.<\/strong><\/p>","protected":false},"featured_media":25274,"comment_status":"open","ping_status":"closed","template":"","meta":{"_acf_changed":false,"rank_math_lock_modified_date":false},"pwb-brand":[611],"product_cat":[2232],"product_tag":[3565,683,1584,623,1082,1090],"class_list":{"0":"post-25232","1":"product","2":"type-product","3":"status-publish","4":"has-post-thumbnail","6":"pwb-brand-nrg-innovations","7":"product_cat-carbono","8":"product_tag-bucket-fibra-carbono-silver","9":"product_tag-buckets","10":"product_tag-fibra-carbono","11":"product_tag-nrg-innovations","12":"product_tag-plata","13":"product_tag-silver","14":"product_shipping_class-pesados","16":"first","17":"instock","18":"taxable","19":"shipping-taxable","20":"purchasable","21":"product-type-simple"},"acf":[],"brands":[{"id":611,"name":"NRG Innovations","slug":"nrg-innovations"}],"_links":{"self":[{"href":"https:\/\/karwork.eu\/en\/wp-json\/wp\/v2\/product\/25232","targetHints":{"allow":["GET"]}}],"collection":[{"href":"https:\/\/karwork.eu\/en\/wp-json\/wp\/v2\/product"}],"about":[{"href":"https:\/\/karwork.eu\/en\/wp-json\/wp\/v2\/types\/product"}],"replies":[{"embeddable":true,"href":"https:\/\/karwork.eu\/en\/wp-json\/wp\/v2\/comments?post=25232"}],"wp:featuredmedia":[{"embeddable":true,"href":"https:\/\/karwork.eu\/en\/wp-json\/wp\/v2\/media\/25274"}],"wp:attachment":[{"href":"https:\/\/karwork.eu\/en\/wp-json\/wp\/v2\/media?parent=25232"}],"wp:term":[{"taxonomy":"pwb-brand","embeddable":true,"href":"https:\/\/karwork.eu\/en\/wp-json\/wp\/v2\/pwb-brand?post=25232"},{"taxonomy":"product_cat","embeddable":true,"href":"https:\/\/karwork.eu\/en\/wp-json\/wp\/v2\/product_cat?post=25232"},{"taxonomy":"product_tag","embeddable":true,"href":"https:\/\/karwork.eu\/en\/wp-json\/wp\/v2\/product_tag?post=25232"}],"curies":[{"name":"wp","href":"https:\/\/api.w.org\/{rel}","templated":true}]}}