{"id":25074,"date":"2023-10-13T09:50:47","date_gmt":"2023-10-13T09:50:47","guid":{"rendered":"https:\/\/karwork.eu\/product\/race-short-hub-srk-rle30h\/"},"modified":"2024-10-09T16:12:08","modified_gmt":"2024-10-09T16:12:08","slug":"race-short-hub-srk-rle30h","status":"publish","type":"product","link":"https:\/\/karwork.eu\/en\/product\/race-short-hub-srk-rle30h\/","title":{"rendered":"Race Short Hub \u2013 SRK-RLE30H"},"content":{"rendered":"","protected":false},"excerpt":{"rendered":"<p>Race Short Hub &#8211; SRK-RLE30H &#8211; Gracias a los race hub, ahorramos m\u00e1s de una pulgada en la altura del volante. La pi\u00f1a de circuito race hub, contecta directamente a tu extra\u00edble r\u00e1pido \u2013 quick release, sin la necesidad de la instalaci\u00f3n de una pi\u00f1a tradicional. De esta manera reducimos peso, altura con una opci\u00f3n m\u00e1s asequible con un dise\u00f1o de lo m\u00e1s discreto. Para la instalaci\u00f3n de las pi\u00f1as de circuito es necesario tener un extra\u00edble r\u00e1pido \u2013 quick release NRG.<\/p>\n<p>Modelos compatibles; BMW M3 (86-90), BMW 318i (83-90), BMW 325e | es | i | is (84-90), BMW 528e (85-88), BMW M5 | 5 series (85-88), BMW 6 Series (87), BMW 7 Series (87-93)<\/p>\n<p><strong>NRG Innovations products are designed for off-road use only.<\/strong><\/p>","protected":false},"featured_media":25087,"comment_status":"closed","ping_status":"closed","template":"","meta":{"_acf_changed":false,"rank_math_lock_modified_date":false},"pwb-brand":[611],"product_cat":[2729],"product_tag":[623,2730,2708,681,2707,2726],"class_list":{"0":"post-25074","1":"product","2":"type-product","3":"status-publish","4":"has-post-thumbnail","6":"pwb-brand-nrg-innovations","7":"product_cat-pina-circuito-race-hub","8":"product_tag-nrg-innovations","9":"product_tag-pina-circuito","10":"product_tag-pina-race","11":"product_tag-pina-volante","12":"product_tag-race-hub","13":"product_tag-srk-rle30h","15":"first","16":"instock","17":"taxable","18":"shipping-taxable","19":"purchasable","20":"product-type-simple"},"acf":[],"brands":[{"id":611,"name":"NRG Innovations","slug":"nrg-innovations"}],"_links":{"self":[{"href":"https:\/\/karwork.eu\/en\/wp-json\/wp\/v2\/product\/25074","targetHints":{"allow":["GET"]}}],"collection":[{"href":"https:\/\/karwork.eu\/en\/wp-json\/wp\/v2\/product"}],"about":[{"href":"https:\/\/karwork.eu\/en\/wp-json\/wp\/v2\/types\/product"}],"replies":[{"embeddable":true,"href":"https:\/\/karwork.eu\/en\/wp-json\/wp\/v2\/comments?post=25074"}],"wp:featuredmedia":[{"embeddable":true,"href":"https:\/\/karwork.eu\/en\/wp-json\/wp\/v2\/media\/25087"}],"wp:attachment":[{"href":"https:\/\/karwork.eu\/en\/wp-json\/wp\/v2\/media?parent=25074"}],"wp:term":[{"taxonomy":"pwb-brand","embeddable":true,"href":"https:\/\/karwork.eu\/en\/wp-json\/wp\/v2\/pwb-brand?post=25074"},{"taxonomy":"product_cat","embeddable":true,"href":"https:\/\/karwork.eu\/en\/wp-json\/wp\/v2\/product_cat?post=25074"},{"taxonomy":"product_tag","embeddable":true,"href":"https:\/\/karwork.eu\/en\/wp-json\/wp\/v2\/product_tag?post=25074"}],"curies":[{"name":"wp","href":"https:\/\/api.w.org\/{rel}","templated":true}]}}