{"id":18484,"date":"2023-01-10T19:58:54","date_gmt":"2023-01-10T19:58:54","guid":{"rendered":"https:\/\/karwork.eu\/?post_type=product&#038;p=18484"},"modified":"2023-08-13T11:22:59","modified_gmt":"2023-08-13T11:22:59","slug":"honda-accord-2-puertas-98-02","status":"publish","type":"product","link":"https:\/\/karwork.eu\/en\/product\/honda-accord-2-puertas-98-02\/","title":{"rendered":"Honda Accord Coupe (98-02)"},"content":{"rendered":"","protected":false},"excerpt":{"rendered":"<p>Soportes de asiento de acero inoxidable para el Honda Accord Coup\u00e9 (98-02). Soldado profesionalmente, corte CNC por chorro de agua para una precisi\u00f3n y ajuste id\u00f3neos.<\/p>\n<p>They are sold in pairs.<\/p>\n<p><strong>NRG Innovations products are designed for off-road use only.<\/strong><\/p>","protected":false},"featured_media":18485,"comment_status":"open","ping_status":"closed","template":"","meta":{"_acf_changed":false,"rank_math_lock_modified_date":false},"pwb-brand":[611],"product_cat":[2233],"product_tag":[1195,1178,1176,1196,1197,623,1194,1159],"class_list":{"0":"post-18484","1":"product","2":"type-product","3":"status-publish","4":"has-post-thumbnail","6":"pwb-brand-nrg-innovations","7":"product_cat-bases","8":"product_tag-accord","9":"product_tag-acura","10":"product_tag-honda","11":"product_tag-honda-accord","12":"product_tag-honda-accord-coupe","13":"product_tag-nrg-innovations","14":"product_tag-sbk-hd03","15":"product_tag-soportes-de-asientos","17":"first","18":"instock","19":"taxable","20":"shipping-taxable","21":"purchasable","22":"product-type-simple"},"acf":[],"brands":[{"id":611,"name":"NRG Innovations","slug":"nrg-innovations"}],"_links":{"self":[{"href":"https:\/\/karwork.eu\/en\/wp-json\/wp\/v2\/product\/18484","targetHints":{"allow":["GET"]}}],"collection":[{"href":"https:\/\/karwork.eu\/en\/wp-json\/wp\/v2\/product"}],"about":[{"href":"https:\/\/karwork.eu\/en\/wp-json\/wp\/v2\/types\/product"}],"replies":[{"embeddable":true,"href":"https:\/\/karwork.eu\/en\/wp-json\/wp\/v2\/comments?post=18484"}],"wp:featuredmedia":[{"embeddable":true,"href":"https:\/\/karwork.eu\/en\/wp-json\/wp\/v2\/media\/18485"}],"wp:attachment":[{"href":"https:\/\/karwork.eu\/en\/wp-json\/wp\/v2\/media?parent=18484"}],"wp:term":[{"taxonomy":"pwb-brand","embeddable":true,"href":"https:\/\/karwork.eu\/en\/wp-json\/wp\/v2\/pwb-brand?post=18484"},{"taxonomy":"product_cat","embeddable":true,"href":"https:\/\/karwork.eu\/en\/wp-json\/wp\/v2\/product_cat?post=18484"},{"taxonomy":"product_tag","embeddable":true,"href":"https:\/\/karwork.eu\/en\/wp-json\/wp\/v2\/product_tag?post=18484"}],"curies":[{"name":"wp","href":"https:\/\/api.w.org\/{rel}","templated":true}]}}