{"id":18146,"date":"2022-12-25T19:15:49","date_gmt":"2022-12-25T19:15:49","guid":{"rendered":"https:\/\/karwork.eu\/?post_type=product&#038;p=18146"},"modified":"2023-01-26T19:42:21","modified_gmt":"2023-01-26T19:42:21","slug":"bolsa-de-detailing-foxedcare","status":"publish","type":"product","link":"https:\/\/karwork.eu\/en\/product\/bolsa-de-detailing-foxedcare\/","title":{"rendered":"FoxedCare Detailing Bag"},"content":{"rendered":"<h4>Characteristics:<\/h4>\n<ul>\n<li>Dimensiones: 53x30x35cm<\/li>\n<li>Alta calidad y de materiales resistentes.<\/li>\n<li>Made of durable nylon fabric<\/li>\n<li>Espacio de almacenamientoextremadamente grande para pr\u00e1cticamente toda la gama de cuidados<\/li>\n<li>Bandas el\u00e1sticas en el interior para fijar los art\u00edculos<\/li>\n<li>FoxedCare branded padded handles<\/li>\n<li>Additional shoulder strap included<\/li>\n<li>Non-slip base on the bottom for stable storage in the trunk while driving<\/li>\n<li>Two large exterior pockets with zippers<\/li>\n<li>Several nets to store microfiber cloths or similar<\/li>\n<li>Simple and attractive design<\/li>\n<li>High quality FoxedCare rubber patch<\/li>\n<\/ul>\n<p>* The bag is delivered without the content of the image<\/p>","protected":false},"excerpt":{"rendered":"<p>The FoxedCare Detailing Bag is a very high quality car care bag with plenty of space for your care products.<br \/>\nThe bag with its various holders and compartments ensures safe storage and offers plenty of storage space for the owner&#039;s comprehensive vehicle care range.<br \/>\nAdem\u00e1s de un cubo peque\u00f1o (13 litros), muchas botellas, pa\u00f1os de microfibra y accesorios como cepillos de llanta encuentran su lugar. Los fuertes lazos para las manos y los hombros permiten un transporte c\u00f3modo de la bolsa con todo el contenido. Las bandas el\u00e1sticas para interiores aseguran una fijaci\u00f3n adecuada de las botellas.<br \/>\nEl dise\u00f1o simple pero atractivo completa perfectamente la imagen general de la bolsa de detailing FoxedCare.<\/p>","protected":false},"featured_media":18151,"comment_status":"open","ping_status":"closed","template":"","meta":{"_acf_changed":false,"rank_math_lock_modified_date":false},"pwb-brand":[986],"product_cat":[152,147],"product_tag":[1065,1067,1033,989,1109,987,995,1068],"class_list":{"0":"post-18146","1":"product","2":"type-product","3":"status-publish","4":"has-post-thumbnail","6":"pwb-brand-foxed-care","7":"product_cat-accesorios-detailing","8":"product_cat-interior","9":"product_tag-accesorios","10":"product_tag-bolsa","11":"product_tag-detailer","12":"product_tag-detailing","13":"product_tag-fcz11","14":"product_tag-foxed-care","15":"product_tag-limpieza","16":"product_tag-mochila","18":"first","19":"outofstock","20":"taxable","21":"shipping-taxable","22":"purchasable","23":"product-type-simple"},"acf":[],"brands":[{"id":986,"name":"Foxed Care","slug":"foxed-care"}],"_links":{"self":[{"href":"https:\/\/karwork.eu\/en\/wp-json\/wp\/v2\/product\/18146","targetHints":{"allow":["GET"]}}],"collection":[{"href":"https:\/\/karwork.eu\/en\/wp-json\/wp\/v2\/product"}],"about":[{"href":"https:\/\/karwork.eu\/en\/wp-json\/wp\/v2\/types\/product"}],"replies":[{"embeddable":true,"href":"https:\/\/karwork.eu\/en\/wp-json\/wp\/v2\/comments?post=18146"}],"wp:featuredmedia":[{"embeddable":true,"href":"https:\/\/karwork.eu\/en\/wp-json\/wp\/v2\/media\/18151"}],"wp:attachment":[{"href":"https:\/\/karwork.eu\/en\/wp-json\/wp\/v2\/media?parent=18146"}],"wp:term":[{"taxonomy":"pwb-brand","embeddable":true,"href":"https:\/\/karwork.eu\/en\/wp-json\/wp\/v2\/pwb-brand?post=18146"},{"taxonomy":"product_cat","embeddable":true,"href":"https:\/\/karwork.eu\/en\/wp-json\/wp\/v2\/product_cat?post=18146"},{"taxonomy":"product_tag","embeddable":true,"href":"https:\/\/karwork.eu\/en\/wp-json\/wp\/v2\/product_tag?post=18146"}],"curies":[{"name":"wp","href":"https:\/\/api.w.org\/{rel}","templated":true}]}}