{"id":18121,"date":"2022-12-24T15:51:32","date_gmt":"2022-12-24T15:51:32","guid":{"rendered":"https:\/\/karwork.eu\/?post_type=product&#038;p=18121"},"modified":"2023-02-07T19:50:22","modified_gmt":"2023-02-07T19:50:22","slug":"foxedcare-lucid-toalla-cristales-y-paneles-260gsm-35x35cm","status":"publish","type":"product","link":"https:\/\/karwork.eu\/en\/product\/foxedcare-lucid-toalla-cristales-y-paneles-260gsm-35x35cm\/","title":{"rendered":"FoxedCare Lucid \u2013 glass and panel towel 260GSM 35x35cm"},"content":{"rendered":"<h4>Properties:<\/h4>\n<ul>\n<li>35x35cm<\/li>\n<li>80% polyester, 20% polyamide<\/li>\n<li>260GSM<\/li>\n<li>Fish scale design (Fischschuppen-Struktur \/ Carbon-Struktur)<\/li>\n<li>Extremely effective absorption of dirt and grime<\/li>\n<li>Scratch-free application for glass and panels<\/li>\n<li>Streak-free use<\/li>\n<li>Suitable for drying glass and panels<\/li>\n<li>High durability thanks to high-quality materials<\/li>\n<li>Washable up to 60\u00b0C (microfiber detergent recommended)<\/li>\n<\/ul>\n<h4>Application:<\/h4>\n<ol>\n<li>Wet the surface or panels to be treated with FoxedCare Glass Cleaner<\/li>\n<li>Rub the Lucid Microfiber Cloth over the surface under light to medium pressure to clean it.<\/li>\n<li>Completely remove glass cleaner residue<\/li>\n<li>In case of very heavy dirt, repeat the process until the desired result is achieved.<\/li>\n<\/ol>\n<h4>Use tips:<\/h4>\n<ul>\n<li>Wash before first use. (without fabric softener, optimal with microfiber detergent, up to 60\u00b0C in the washing machine)<\/li>\n<li>Rewash in case of significant soiling.<\/li>\n<li>After machine washing, hit the Lucid glass and disc cloth hard to loosen the fibers.<\/li>\n<li>In order to dry the microfiber cloth after washing or use, it should be dried as long as possible in the air.<\/li>\n<\/ul>","protected":false},"excerpt":{"rendered":"<p>El pa\u00f1o de microfibra FoxedCare Lucid tiene una estructura llamada escama de pez como superficie, tambi\u00e9n conocida como \u00abmicrofibra de carbono\u00bb, que es ideal para limpiar lunas y paneles. La estructura de fibra especial literalmente retira la suciedad de los cristales y los paneles sin da\u00f1arlos. Al mismo tiempo, las fibras aseguran una buena absorci\u00f3n de l\u00edquidos, de modo que los limpiadores de cristales y paneles se pueden absorber idealmente y se puede lograr un resultado sin rayas.<\/p>","protected":false},"featured_media":18123,"comment_status":"open","ping_status":"closed","template":"","meta":{"_acf_changed":false,"rank_math_lock_modified_date":false},"pwb-brand":[986],"product_cat":[156,144],"product_tag":[1046,989,1118,987,995,1019,1061,1021,1060,1020],"class_list":{"0":"post-18121","1":"product","2":"type-product","3":"status-publish","4":"has-post-thumbnail","6":"pwb-brand-foxed-care","7":"product_cat-secado","8":"product_cat-toallas-de-microfibra","9":"product_tag-cristales","10":"product_tag-detailing","11":"product_tag-fcm03","12":"product_tag-foxed-care","13":"product_tag-limpieza","14":"product_tag-microfibra","15":"product_tag-paneles","16":"product_tag-pano","17":"product_tag-secado","18":"product_tag-toalla","20":"first","21":"instock","22":"taxable","23":"shipping-taxable","24":"purchasable","25":"product-type-simple"},"acf":[],"brands":[{"id":986,"name":"Foxed Care","slug":"foxed-care"}],"_links":{"self":[{"href":"https:\/\/karwork.eu\/en\/wp-json\/wp\/v2\/product\/18121","targetHints":{"allow":["GET"]}}],"collection":[{"href":"https:\/\/karwork.eu\/en\/wp-json\/wp\/v2\/product"}],"about":[{"href":"https:\/\/karwork.eu\/en\/wp-json\/wp\/v2\/types\/product"}],"replies":[{"embeddable":true,"href":"https:\/\/karwork.eu\/en\/wp-json\/wp\/v2\/comments?post=18121"}],"wp:featuredmedia":[{"embeddable":true,"href":"https:\/\/karwork.eu\/en\/wp-json\/wp\/v2\/media\/18123"}],"wp:attachment":[{"href":"https:\/\/karwork.eu\/en\/wp-json\/wp\/v2\/media?parent=18121"}],"wp:term":[{"taxonomy":"pwb-brand","embeddable":true,"href":"https:\/\/karwork.eu\/en\/wp-json\/wp\/v2\/pwb-brand?post=18121"},{"taxonomy":"product_cat","embeddable":true,"href":"https:\/\/karwork.eu\/en\/wp-json\/wp\/v2\/product_cat?post=18121"},{"taxonomy":"product_tag","embeddable":true,"href":"https:\/\/karwork.eu\/en\/wp-json\/wp\/v2\/product_tag?post=18121"}],"curies":[{"name":"wp","href":"https:\/\/api.w.org\/{rel}","templated":true}]}}