{"id":18099,"date":"2022-12-24T14:24:32","date_gmt":"2022-12-24T14:24:32","guid":{"rendered":"https:\/\/karwork.eu\/?post_type=product&#038;p=18099"},"modified":"2023-02-07T20:10:23","modified_gmt":"2023-02-07T20:10:23","slug":"foxedcare-join-xl-toalla-multiuso-550gsm-60x40cm","status":"publish","type":"product","link":"https:\/\/karwork.eu\/en\/product\/foxedcare-join-xl-toalla-multiuso-550gsm-60x40cm\/","title":{"rendered":"FoxedCare Join XL \u2013 multipurpose towel 550GSM 60x40cm"},"content":{"rendered":"<h4><u>Properties:<\/u><\/h4>\n<ul>\n<li>Gray<\/li>\n<li>Tama\u00f1o: 60x40cm<\/li>\n<li>GSM: 550<\/li>\n<li>Variante XL<\/li>\n<li>Withouth stitches<\/li>\n<li>ultrasonic cutting<\/li>\n<li>Fibras de pelo largo en ambos lados<\/li>\n<li>Extremadamente suave<\/li>\n<li>Manejo c\u00f3modo<\/li>\n<li>High durability thanks to high-quality materials<\/li>\n<li>Washable up to 60\u00b0C (microfiber detergent recommended)<\/li>\n<\/ul>\n<h4><u>Applications:<\/u><\/h4>\n<ul>\n<li>Aplicador quick car detailer<\/li>\n<li>Uso para secado<\/li>\n<li>Aplicador de limpiadores interiores \/ detailers interiores<\/li>\n<li>Aplicador de selladores por pulverizaci\u00f3n<\/li>\n<li>Aplicador de ceras<\/li>\n<li>Secado de superficies peque\u00f1as como llantas<\/li>\n<\/ul>","protected":false},"excerpt":{"rendered":"<p>Uso suave de detailers en la pintura, limpieza de superficies, pulido de ceras, limpieza interior o secado de superficies peque\u00f1as como llantas.<br \/>\nLa toalla de microfibra FoxedCare Join XL es el arma multiuso perfecta para cada prop\u00f3sito. Join consiste en fibras de vell\u00f3n de coral de pelo largo, tiene un peso base perfecto de 550 GSM y es extremadamente suave. El dise\u00f1o sin montura y las propiedades ya mencionadas hacen de este pa\u00f1o de microfibra la ayuda ideal para todos los trabajos imaginables en el interior y exterior del veh\u00edculo.<\/p>","protected":false},"featured_media":18100,"comment_status":"open","ping_status":"closed","template":"","meta":{"_acf_changed":false,"rank_math_lock_modified_date":false},"pwb-brand":[986],"product_cat":[156,144],"product_tag":[989,1258,987,995,885,1019,1021,1060,1020],"class_list":{"0":"post-18099","1":"product","2":"type-product","3":"status-publish","4":"has-post-thumbnail","6":"pwb-brand-foxed-care","7":"product_cat-secado","8":"product_cat-toallas-de-microfibra","9":"product_tag-detailing","10":"product_tag-fcm09g","11":"product_tag-foxed-care","12":"product_tag-limpieza","13":"product_tag-llantas","14":"product_tag-microfibra","15":"product_tag-pano","16":"product_tag-secado","17":"product_tag-toalla","19":"first","20":"instock","21":"taxable","22":"shipping-taxable","23":"purchasable","24":"product-type-simple"},"acf":[],"brands":[{"id":986,"name":"Foxed Care","slug":"foxed-care"}],"_links":{"self":[{"href":"https:\/\/karwork.eu\/en\/wp-json\/wp\/v2\/product\/18099","targetHints":{"allow":["GET"]}}],"collection":[{"href":"https:\/\/karwork.eu\/en\/wp-json\/wp\/v2\/product"}],"about":[{"href":"https:\/\/karwork.eu\/en\/wp-json\/wp\/v2\/types\/product"}],"replies":[{"embeddable":true,"href":"https:\/\/karwork.eu\/en\/wp-json\/wp\/v2\/comments?post=18099"}],"wp:featuredmedia":[{"embeddable":true,"href":"https:\/\/karwork.eu\/en\/wp-json\/wp\/v2\/media\/18100"}],"wp:attachment":[{"href":"https:\/\/karwork.eu\/en\/wp-json\/wp\/v2\/media?parent=18099"}],"wp:term":[{"taxonomy":"pwb-brand","embeddable":true,"href":"https:\/\/karwork.eu\/en\/wp-json\/wp\/v2\/pwb-brand?post=18099"},{"taxonomy":"product_cat","embeddable":true,"href":"https:\/\/karwork.eu\/en\/wp-json\/wp\/v2\/product_cat?post=18099"},{"taxonomy":"product_tag","embeddable":true,"href":"https:\/\/karwork.eu\/en\/wp-json\/wp\/v2\/product_tag?post=18099"}],"curies":[{"name":"wp","href":"https:\/\/api.w.org\/{rel}","templated":true}]}}