{"id":18046,"date":"2022-12-21T20:46:26","date_gmt":"2022-12-21T20:46:26","guid":{"rendered":"https:\/\/karwork.eu\/?post_type=product&#038;p=18046"},"modified":"2023-02-07T21:22:25","modified_gmt":"2023-02-07T21:22:25","slug":"carwrap-detailer-500ml","status":"publish","type":"product","link":"https:\/\/karwork.eu\/en\/product\/carwrap-detailer-500ml\/","title":{"rendered":"CarWrap Detailer 500ml"},"content":{"rendered":"<h4><u>Properties:<\/u><\/h4>\n<ul>\n<li>Detailer para vinilos brillantes y mate<\/li>\n<li>Hydrophobic Properties \u2013 Beading<\/li>\n<li>Deja una superficie muy lisa<\/li>\n<li>No shine enhancers.<\/li>\n<li>Use without strips or residue<\/li>\n<li>For all glossy and matt films, regardless of manufacturer<\/li>\n<li>Removes light dirt such as dust, fingerprints, etc.<\/li>\n<li>Adecuado para vinilos selladas y no selladas<\/li>\n<li>Preserves the surface and minimizes contamination<\/li>\n<li>Perfecto para la preparaci\u00f3n de veh\u00edculos stance o en eventos\/ferias comerciales<\/li>\n<\/ul>\n<h4><u>Application:<\/u><\/h4>\n<ol>\n<li>Wash and dry the vehicle well<\/li>\n<li>Shake the bottle well so that the ingredients are distributed<\/li>\n<li>Wet surface (surface of 30x30cm approx. 1 spray)<\/li>\n<li>Residue removal with a microfiber cloth<\/li>\n<\/ol>\n<h4><u>Tips:<\/u><\/h4>\n<ul>\n<li>Do not use the product on hot surfaces<\/li>\n<li>Do not allow product to dry out<\/li>\n<li>Suitability test before use on atypical materials<\/li>\n<\/ul>\n<h4><u>Recommended accessories:<\/u><\/h4>\n<ul>\n<li><a href=\"https:\/\/karwork.eu\/product\/foxedcare-join-toalla-multiuso-550gsm-40x40cm\/\">FoxedCare &#8211; Unir tela multiuso 500GSM 40x40cm<\/a><\/li>\n<\/ul>","protected":false},"excerpt":{"rendered":"<p>CarWrap Detailer de FoxedCare es un Quick Detailer especialmente desarrollado para veh\u00edculos vinilados.<br \/>\nTanto los vinilos brillantes como los mate se pueden mantener y proteger eficazmente con el CarWrap Detailer.<br \/>\nSus f\u00f3rmula de alta calidad garantizan un f\u00e1cil uso y preservan la pel\u00edcula para protegerla de los cambios ambientales.<br \/>\nEl CarWrap Detailer le da al vinilado una superficie notablemente lisa, repelente al agua y a la suciedad.<br \/>\nTambi\u00e9n se comporta suavemente con la pintura y el pl\u00e1stico.<br \/>\nPor lo tanto, tambi\u00e9n es ideal para veh\u00edculos parcialmente vinilados.<\/p>\n<p>Para un vinilado limpio y bien mantenido, tambi\u00e9n recomendamos nuestros otros productos de la serie CarWrap.<\/p>","protected":false},"featured_media":18047,"comment_status":"open","ping_status":"closed","template":"","meta":{"_acf_changed":false,"rank_math_lock_modified_date":false},"pwb-brand":[986],"product_cat":[1032,157],"product_tag":[990,1033,989,1273,987,992,991],"class_list":{"0":"post-18046","1":"product","2":"type-product","3":"status-publish","4":"has-post-thumbnail","6":"pwb-brand-foxed-care","7":"product_cat-especial-coches-wrap","8":"product_cat-limpieza-en-seco","9":"product_tag-carwrap","10":"product_tag-detailer","11":"product_tag-detailing","12":"product_tag-fcf41","13":"product_tag-foxed-care","14":"product_tag-vinilo","15":"product_tag-wrap","17":"first","18":"instock","19":"taxable","20":"shipping-taxable","21":"purchasable","22":"product-type-simple"},"acf":[],"brands":[{"id":986,"name":"Foxed Care","slug":"foxed-care"}],"_links":{"self":[{"href":"https:\/\/karwork.eu\/en\/wp-json\/wp\/v2\/product\/18046","targetHints":{"allow":["GET"]}}],"collection":[{"href":"https:\/\/karwork.eu\/en\/wp-json\/wp\/v2\/product"}],"about":[{"href":"https:\/\/karwork.eu\/en\/wp-json\/wp\/v2\/types\/product"}],"replies":[{"embeddable":true,"href":"https:\/\/karwork.eu\/en\/wp-json\/wp\/v2\/comments?post=18046"}],"wp:featuredmedia":[{"embeddable":true,"href":"https:\/\/karwork.eu\/en\/wp-json\/wp\/v2\/media\/18047"}],"wp:attachment":[{"href":"https:\/\/karwork.eu\/en\/wp-json\/wp\/v2\/media?parent=18046"}],"wp:term":[{"taxonomy":"pwb-brand","embeddable":true,"href":"https:\/\/karwork.eu\/en\/wp-json\/wp\/v2\/pwb-brand?post=18046"},{"taxonomy":"product_cat","embeddable":true,"href":"https:\/\/karwork.eu\/en\/wp-json\/wp\/v2\/product_cat?post=18046"},{"taxonomy":"product_tag","embeddable":true,"href":"https:\/\/karwork.eu\/en\/wp-json\/wp\/v2\/product_tag?post=18046"}],"curies":[{"name":"wp","href":"https:\/\/api.w.org\/{rel}","templated":true}]}}