{"id":18037,"date":"2022-12-21T19:09:39","date_gmt":"2022-12-21T19:09:39","guid":{"rendered":"https:\/\/karwork.eu\/?post_type=product&#038;p=18037"},"modified":"2023-02-07T21:28:10","modified_gmt":"2023-02-07T21:28:10","slug":"set-de-brochas-detail-foxedcare","status":"publish","type":"product","link":"https:\/\/karwork.eu\/en\/product\/set-de-brochas-detail-foxedcare\/","title":{"rendered":"FoxedCare Detail Brush Set"},"content":{"rendered":"<h4>Properties:<\/h4>\n<ul>\n<li><span>3 tipos diferentes de cerdas con diferentes aplicaciones<\/span>\n<ul>\n<li>Microfibras ultrasuaves<\/li>\n<li>Cerdas sint\u00e9ticas<\/li>\n<li>Pelo natural de jabal\u00ed<\/li>\n<\/ul>\n<\/li>\n<li>Mangos de pl\u00e1stico resistentes hechos de ABS<\/li>\n<li>Resistente a limpiadores de pH neutro<\/li>\n<li>Alta eficiencia de limpieza<\/li>\n<li>Sin ara\u00f1azos<\/li>\n<li>Sin cerdas defectuosas<\/li>\n<li>Embalado en una pr\u00e1ctica caja negra<\/li>\n<\/ul>\n<p>&nbsp;<\/p>\n<h4>Los tres pinceles diferentes de un vistazo:<\/h4>\n<p><strong>Microfibras ultrablandas (cerdas negras):<\/strong>\u00a0Ideal para limpiar superficies sensibles como pantallas, laca piano, salpicadero, consola central, ranuras de ventilaci\u00f3n o cuero genuino<\/p>\n<p><strong>Cerdas sint\u00e9ticas (cerdas grises):<\/strong>\u00a0Hechos de fibras sint\u00e9ticas de alta calidad, estos cepillos son perfectos para la limpieza en interiores y exteriores. Ideal para el compartimiento del motor, umbrales, neum\u00e1ticos, llantas y lugares dif\u00edciles de alcanzar en el interior.<\/p>\n<p><strong>Pelo natural de jabal\u00ed (cerdas claras):\u00a0<\/strong>Estos pinceles de detalle est\u00e1n hechos de material denso y fuerte. Adecuado para materiales robustos en exteriores de veh\u00edculos como neum\u00e1ticos, umbrales, tubos de escape, llantas (dependiendo del material y la superficie)<\/p>","protected":false},"excerpt":{"rendered":"<p>El set de brochas de detail FoxedCare contiene tres brochas de alta calidad hechos de;<\/p>\n<ul>\n<li>Microfibras ultra suaves (pantallas, accesorios, consola central, ranuras de ventilaci\u00f3n, cuero aut\u00e9ntico)<\/li>\n<li>Cerdas sint\u00e9ticas (compartimento del motor, neum\u00e1ticos, materiales robustos del interior, como pedales o intersecciones de las puertas)<\/li>\n<li>Pelo natural de jabal\u00ed (neum\u00e1ticos, llantas (dependiendo del material), tubos de escape, alf\u00e9izares sin pintar)<\/li>\n<\/ul>\n<p>Embalado en una pr\u00e1ctica caja negra.<\/p>\n<p>Los respectivos cepillos tienen un mango robusto hecho de pl\u00e1stico ABS y son resistentes a los limpiadores de pH neutro.<br \/>\nTodas las cerdas son extremadamente duraderas y no se caen durante la aplicaci\u00f3n. Estas son muy suaves y aseguran un resultado limpio y sin ara\u00f1azos debido a una alta calidad.<\/p>","protected":false},"featured_media":18038,"comment_status":"open","ping_status":"closed","template":"","meta":{"_acf_changed":false,"rank_math_lock_modified_date":false},"pwb-brand":[986],"product_cat":[168,147,157,1009],"product_tag":[1040,1035,989,1275,987,1012,997,995],"class_list":{"0":"post-18037","1":"product","2":"type-product","3":"status-publish","4":"has-post-thumbnail","6":"pwb-brand-foxed-care","7":"product_cat-cepillos","8":"product_cat-interior","9":"product_cat-limpieza-en-seco","10":"product_cat-llantas-neumaticos","11":"product_tag-brocha","12":"product_tag-cepillo","13":"product_tag-detailing","14":"product_tag-fcz26","15":"product_tag-foxed-care","16":"product_tag-interior","17":"product_tag-lavado","18":"product_tag-limpieza","20":"first","21":"outofstock","22":"taxable","23":"shipping-taxable","24":"purchasable","25":"product-type-simple"},"acf":[],"brands":[{"id":986,"name":"Foxed Care","slug":"foxed-care"}],"_links":{"self":[{"href":"https:\/\/karwork.eu\/en\/wp-json\/wp\/v2\/product\/18037","targetHints":{"allow":["GET"]}}],"collection":[{"href":"https:\/\/karwork.eu\/en\/wp-json\/wp\/v2\/product"}],"about":[{"href":"https:\/\/karwork.eu\/en\/wp-json\/wp\/v2\/types\/product"}],"replies":[{"embeddable":true,"href":"https:\/\/karwork.eu\/en\/wp-json\/wp\/v2\/comments?post=18037"}],"wp:featuredmedia":[{"embeddable":true,"href":"https:\/\/karwork.eu\/en\/wp-json\/wp\/v2\/media\/18038"}],"wp:attachment":[{"href":"https:\/\/karwork.eu\/en\/wp-json\/wp\/v2\/media?parent=18037"}],"wp:term":[{"taxonomy":"pwb-brand","embeddable":true,"href":"https:\/\/karwork.eu\/en\/wp-json\/wp\/v2\/pwb-brand?post=18037"},{"taxonomy":"product_cat","embeddable":true,"href":"https:\/\/karwork.eu\/en\/wp-json\/wp\/v2\/product_cat?post=18037"},{"taxonomy":"product_tag","embeddable":true,"href":"https:\/\/karwork.eu\/en\/wp-json\/wp\/v2\/product_tag?post=18037"}],"curies":[{"name":"wp","href":"https:\/\/api.w.org\/{rel}","templated":true}]}}