{"id":18025,"date":"2022-12-21T18:08:06","date_gmt":"2022-12-21T18:08:06","guid":{"rendered":"https:\/\/karwork.eu\/?post_type=product&#038;p=18025"},"modified":"2023-02-07T21:38:50","modified_gmt":"2023-02-07T21:38:50","slug":"glass-cleaner-limpiacristales-1l","status":"publish","type":"product","link":"https:\/\/karwork.eu\/en\/product\/glass-cleaner-limpiacristales-1l\/","title":{"rendered":"Glass Cleaner \u2013 glass cleaner 1L"},"content":{"rendered":"<h4><u>Properties:<\/u><\/h4>\n<ul>\n<li>Limpieza extremadamente efectiva<\/li>\n<li>Resultados sin rayas sin rayas ni residuos<\/li>\n<li>Muy r\u00e1pido y f\u00e1cil de usar<\/li>\n<li>Spray &#8211; limpie &#8211; Hecho<\/li>\n<li>Adecuado para cualquier superficie de vidrio en el interior y exterior del veh\u00edculo<\/li>\n<li>Compatible con todas las superficies y componentes del veh\u00edculo<\/li>\n<li>Formulaci\u00f3n libre de sustancias peligrosas<\/li>\n<li>Adecuado para limpiar sistemas de agua en una proporci\u00f3n de 1 \/ 1<\/li>\n<\/ul>\n<h4>\n<u>Application:<\/u><\/h4>\n<ol>\n<li>shake the bottle<\/li>\n<li>Superficie de vidrio en aerosol<\/li>\n<li>Elimine los residuos con\u00a0<a href=\"https:\/\/karwork.eu\/product\/foxedcare-lucid-toalla-cristales-y-paneles-260gsm-35x35cm\/\">la toalla de cristales y paneles FoxedCare &#8211; Lucid<\/a><\/li>\n<\/ol>","protected":false},"excerpt":{"rendered":"<p>Con FoxedCare &#8211; Glass Cleaner \/ limpiacristales se unen todas las propiedades necesarias para un limpiacristales y paneles altamente efectivo. Su uso simple y r\u00e1pido con un rendimiento de limpieza extremadamente efectivo hace de este producto un \u00abimprescindible\u00bb en cada gama de cuidado del veh\u00edculo. Roc\u00ede &#8211; limpie &#8211; listo. Sin rayas molestas o residuos, que deben eliminarse minuciosamente de muchos limpiacristales disponibles comercialmente. Debido a la f\u00f3rmula especial, nuestro limpiador de vidrios se puede usar y procesar idealmente incluso a temperaturas y superficies m\u00e1s c\u00e1lidas.<\/p>\n<p>With spray nozzle for easy application.<\/p>","protected":false},"featured_media":18026,"comment_status":"open","ping_status":"closed","template":"","meta":{"_acf_changed":false,"rank_math_lock_modified_date":false},"pwb-brand":[986],"product_cat":[157],"product_tag":[1046,989,1278,987,1012,997,1047,995,1045],"class_list":{"0":"post-18025","1":"product","2":"type-product","3":"status-publish","4":"has-post-thumbnail","6":"pwb-brand-foxed-care","7":"product_cat-limpieza-en-seco","8":"product_tag-cristales","9":"product_tag-detailing","10":"product_tag-fcf03","11":"product_tag-foxed-care","12":"product_tag-interior","13":"product_tag-lavado","14":"product_tag-limpiacristales","15":"product_tag-limpieza","16":"product_tag-lunas","18":"first","19":"instock","20":"taxable","21":"shipping-taxable","22":"purchasable","23":"product-type-simple"},"acf":[],"brands":[{"id":986,"name":"Foxed Care","slug":"foxed-care"}],"_links":{"self":[{"href":"https:\/\/karwork.eu\/en\/wp-json\/wp\/v2\/product\/18025","targetHints":{"allow":["GET"]}}],"collection":[{"href":"https:\/\/karwork.eu\/en\/wp-json\/wp\/v2\/product"}],"about":[{"href":"https:\/\/karwork.eu\/en\/wp-json\/wp\/v2\/types\/product"}],"replies":[{"embeddable":true,"href":"https:\/\/karwork.eu\/en\/wp-json\/wp\/v2\/comments?post=18025"}],"wp:featuredmedia":[{"embeddable":true,"href":"https:\/\/karwork.eu\/en\/wp-json\/wp\/v2\/media\/18026"}],"wp:attachment":[{"href":"https:\/\/karwork.eu\/en\/wp-json\/wp\/v2\/media?parent=18025"}],"wp:term":[{"taxonomy":"pwb-brand","embeddable":true,"href":"https:\/\/karwork.eu\/en\/wp-json\/wp\/v2\/pwb-brand?post=18025"},{"taxonomy":"product_cat","embeddable":true,"href":"https:\/\/karwork.eu\/en\/wp-json\/wp\/v2\/product_cat?post=18025"},{"taxonomy":"product_tag","embeddable":true,"href":"https:\/\/karwork.eu\/en\/wp-json\/wp\/v2\/product_tag?post=18025"}],"curies":[{"name":"wp","href":"https:\/\/api.w.org\/{rel}","templated":true}]}}