{"id":18003,"date":"2022-12-21T14:16:43","date_gmt":"2022-12-21T14:16:43","guid":{"rendered":"https:\/\/karwork.eu\/?post_type=product&#038;p=18003"},"modified":"2023-02-07T21:51:35","modified_gmt":"2023-02-07T21:51:35","slug":"bug-remover-limpiador-de-insectos-1l","status":"publish","type":"product","link":"https:\/\/karwork.eu\/en\/product\/bug-remover-limpiador-de-insectos-1l\/","title":{"rendered":"Bug remover \u2013 Insect cleaner 1L"},"content":{"rendered":"<h4><u>Properties:<\/u><\/h4>\n<ul>\n<li>Altamente eficaz contra residuos de insectos<\/li>\n<li>100% suave con el material<\/li>\n<li>Easy to use<\/li>\n<li>Ingredientes de alta calidad<\/li>\n<li>Reacciona solo con residuos de insectos, no con el material<\/li>\n<li>Penetra en los insectos para descomponerlos y aflojarlos desde el interior<\/li>\n<\/ul>\n<h4>\n<u>Application:<\/u><\/h4>\n<ol>\n<li>Shake the bottle well so that all the ingredients are distributed<\/li>\n<li>Roc\u00ede la superficie \/ residuos de insectos y deje actuar brevemente (1-3 minutos)<\/li>\n<li>Remove debris with the high-pressure cleaner<\/li>\n<li>A continuaci\u00f3n, inicie el lavado manual del veh\u00edculo<\/li>\n<\/ol>\n<h4>\n<u>Tips:<\/u><\/h4>\n<ul>\n<li>Do not use the product on hot surfaces<\/li>\n<li>Do not allow product to dry out<\/li>\n<li>Suitability test before use on atypical materials<\/li>\n<\/ul>","protected":false},"excerpt":{"rendered":"<p>Con el FoxedCare &#8211; Bug Remover &#8211; limpiador de insectos hemos desarrollado un removedor de insectos particularmente potente.<br \/>\nBug Remover funciona de manera altamente agresiva y efectiva contra los residuos de insectos y es 100% suave con el material.<br \/>\nLos ingredientes especiales reaccionan exclusivamente con insectos y sus componentes, pero no con materiales en veh\u00edculos. Esto da como resultado un limpiador de insectos altamente efectivo pero amigable con los materiales.<br \/>\nBug Remover tambi\u00e9n es muy f\u00e1cil de usar. Roc\u00ede los residuos de insectos, d\u00e9jelos actuar, simplemente enjuague los residuos de insectos disueltos con el limpiador de alta presi\u00f3n, listo. Con boquilla de pulverizaci\u00f3n para facilitar su aplicaci\u00f3n.<\/p>","protected":false},"featured_media":18004,"comment_status":"open","ping_status":"closed","template":"","meta":{"_acf_changed":false,"rank_math_lock_modified_date":false},"pwb-brand":[986],"product_cat":[138,158],"product_tag":[1000,989,1283,987,1012,995],"class_list":{"0":"post-18003","1":"product","2":"type-product","3":"status-publish","4":"has-post-thumbnail","6":"pwb-brand-foxed-care","7":"product_cat-lavado-y-secado","8":"product_cat-limpieza-con-agua","9":"product_tag-1l","10":"product_tag-detailing","11":"product_tag-fcf06","12":"product_tag-foxed-care","13":"product_tag-interior","14":"product_tag-limpieza","16":"first","17":"instock","18":"taxable","19":"shipping-taxable","20":"purchasable","21":"product-type-simple"},"acf":[],"brands":[{"id":986,"name":"Foxed Care","slug":"foxed-care"}],"_links":{"self":[{"href":"https:\/\/karwork.eu\/en\/wp-json\/wp\/v2\/product\/18003","targetHints":{"allow":["GET"]}}],"collection":[{"href":"https:\/\/karwork.eu\/en\/wp-json\/wp\/v2\/product"}],"about":[{"href":"https:\/\/karwork.eu\/en\/wp-json\/wp\/v2\/types\/product"}],"replies":[{"embeddable":true,"href":"https:\/\/karwork.eu\/en\/wp-json\/wp\/v2\/comments?post=18003"}],"wp:featuredmedia":[{"embeddable":true,"href":"https:\/\/karwork.eu\/en\/wp-json\/wp\/v2\/media\/18004"}],"wp:attachment":[{"href":"https:\/\/karwork.eu\/en\/wp-json\/wp\/v2\/media?parent=18003"}],"wp:term":[{"taxonomy":"pwb-brand","embeddable":true,"href":"https:\/\/karwork.eu\/en\/wp-json\/wp\/v2\/pwb-brand?post=18003"},{"taxonomy":"product_cat","embeddable":true,"href":"https:\/\/karwork.eu\/en\/wp-json\/wp\/v2\/product_cat?post=18003"},{"taxonomy":"product_tag","embeddable":true,"href":"https:\/\/karwork.eu\/en\/wp-json\/wp\/v2\/product_tag?post=18003"}],"curies":[{"name":"wp","href":"https:\/\/api.w.org\/{rel}","templated":true}]}}